{"id":112,"date":"2016-06-27T06:46:50","date_gmt":"2016-06-27T06:46:50","guid":{"rendered":"http:\/\/jaszoktatas.hu\/jasztelek\/?page_id=112"},"modified":"2016-06-27T11:46:55","modified_gmt":"2016-06-27T11:46:55","slug":"a-1-2-alkalomszeru-szabadteri-jellegu-mozgasos-tevekenysegek","status":"publish","type":"page","link":"https:\/\/jaszoktatas.hu\/jasztelek\/a-1-2-alkalomszeru-szabadteri-jellegu-mozgasos-tevekenysegek\/","title":{"rendered":"A.1.2. Alkalomszer\u0171 &#8211; szabadt\u00e9ri jelleg\u0171 &#8211; mozg\u00e1sos tev\u00e9kenys\u00e9gek"},"content":{"rendered":"<p>N\u00e9pi j\u00e1t\u00e9kok 2015. 09.23<\/p>\n<div id='gallery-1' class='gallery galleryid-112 gallery-columns-3 gallery-size-thumbnail'><figure class='gallery-item'>\n\t\t\t<div class='gallery-icon landscape'>\n\t\t\t\t<a href='https:\/\/jaszoktatas.hu\/jasztelek\/a-1-2-alkalomszeru-szabadteri-jellegu-mozgasos-tevekenysegek\/cimg0419\/'><img width=\"150\" height=\"150\" src=\"https:\/\/jaszoktatas.hu\/jasztelek\/wp-content\/uploads\/2016\/06\/CIMG0419-150x150.jpg\" class=\"attachment-thumbnail size-thumbnail\" alt=\"\" decoding=\"async\" loading=\"lazy\" \/><\/a>\n\t\t\t<\/div><\/figure><figure class='gallery-item'>\n\t\t\t<div class='gallery-icon landscape'>\n\t\t\t\t<a href='https:\/\/jaszoktatas.hu\/jasztelek\/a-1-2-alkalomszeru-szabadteri-jellegu-mozgasos-tevekenysegek\/cimg0426\/'><img width=\"150\" height=\"150\" src=\"https:\/\/jaszoktatas.hu\/jasztelek\/wp-content\/uploads\/2016\/06\/CIMG0426-150x150.jpg\" class=\"attachment-thumbnail size-thumbnail\" alt=\"\" decoding=\"async\" loading=\"lazy\" \/><\/a>\n\t\t\t<\/div><\/figure><figure class='gallery-item'>\n\t\t\t<div class='gallery-icon landscape'>\n\t\t\t\t<a href='https:\/\/jaszoktatas.hu\/jasztelek\/a-1-2-alkalomszeru-szabadteri-jellegu-mozgasos-tevekenysegek\/cimg0431\/'><img width=\"150\" height=\"150\" src=\"https:\/\/jaszoktatas.hu\/jasztelek\/wp-content\/uploads\/2016\/06\/CIMG0431-150x150.jpg\" class=\"attachment-thumbnail size-thumbnail\" alt=\"\" decoding=\"async\" loading=\"lazy\" \/><\/a>\n\t\t\t<\/div><\/figure>\n\t\t<\/div>\n\n<p>T\u00e9li sportok 2016. 01.07<\/p>\n<div id='gallery-2' class='gallery galleryid-112 gallery-columns-3 gallery-size-thumbnail'><figure class='gallery-item'>\n\t\t\t<div class='gallery-icon landscape'>\n\t\t\t\t<a href='https:\/\/jaszoktatas.hu\/jasztelek\/a-1-2-alkalomszeru-szabadteri-jellegu-mozgasos-tevekenysegek\/dscf2207\/'><img width=\"150\" height=\"150\" src=\"https:\/\/jaszoktatas.hu\/jasztelek\/wp-content\/uploads\/2016\/06\/DSCF2207-150x150.jpg\" class=\"attachment-thumbnail size-thumbnail\" alt=\"\" decoding=\"async\" loading=\"lazy\" \/><\/a>\n\t\t\t<\/div><\/figure><figure class='gallery-item'>\n\t\t\t<div class='gallery-icon landscape'>\n\t\t\t\t<a href='https:\/\/jaszoktatas.hu\/jasztelek\/a-1-2-alkalomszeru-szabadteri-jellegu-mozgasos-tevekenysegek\/dscf2216\/'><img width=\"150\" height=\"150\" src=\"https:\/\/jaszoktatas.hu\/jasztelek\/wp-content\/uploads\/2016\/06\/DSCF2216-150x150.jpg\" class=\"attachment-thumbnail size-thumbnail\" alt=\"\" decoding=\"async\" loading=\"lazy\" \/><\/a>\n\t\t\t<\/div><\/figure><figure class='gallery-item'>\n\t\t\t<div class='gallery-icon landscape'>\n\t\t\t\t<a href='https:\/\/jaszoktatas.hu\/jasztelek\/a-1-2-alkalomszeru-szabadteri-jellegu-mozgasos-tevekenysegek\/dscf2221\/'><img width=\"150\" height=\"150\" src=\"https:\/\/jaszoktatas.hu\/jasztelek\/wp-content\/uploads\/2016\/06\/DSCF2221-150x150.jpg\" class=\"attachment-thumbnail size-thumbnail\" alt=\"\" decoding=\"async\" loading=\"lazy\" \/><\/a>\n\t\t\t<\/div><\/figure>\n\t\t<\/div>\n\n<p>&nbsp;<\/p>\n<p>T\u00fara 2015. 10.06<\/p>\n<div id='gallery-3' class='gallery galleryid-112 gallery-columns-3 gallery-size-thumbnail'><figure class='gallery-item'>\n\t\t\t<div class='gallery-icon landscape'>\n\t\t\t\t<a href='https:\/\/jaszoktatas.hu\/jasztelek\/a-1-2-alkalomszeru-szabadteri-jellegu-mozgasos-tevekenysegek\/attachment\/1\/'><img width=\"150\" height=\"150\" src=\"https:\/\/jaszoktatas.hu\/jasztelek\/wp-content\/uploads\/2016\/06\/1-150x150.jpg\" class=\"attachment-thumbnail size-thumbnail\" alt=\"\" decoding=\"async\" loading=\"lazy\" \/><\/a>\n\t\t\t<\/div><\/figure><figure class='gallery-item'>\n\t\t\t<div class='gallery-icon landscape'>\n\t\t\t\t<a href='https:\/\/jaszoktatas.hu\/jasztelek\/a-1-2-alkalomszeru-szabadteri-jellegu-mozgasos-tevekenysegek\/attachment\/2\/'><img width=\"150\" height=\"150\" src=\"https:\/\/jaszoktatas.hu\/jasztelek\/wp-content\/uploads\/2016\/06\/2-150x150.jpg\" class=\"attachment-thumbnail size-thumbnail\" alt=\"\" decoding=\"async\" loading=\"lazy\" \/><\/a>\n\t\t\t<\/div><\/figure><figure class='gallery-item'>\n\t\t\t<div class='gallery-icon portrait'>\n\t\t\t\t<a href='https:\/\/jaszoktatas.hu\/jasztelek\/a-1-2-alkalomszeru-szabadteri-jellegu-mozgasos-tevekenysegek\/attachment\/3\/'><img width=\"150\" height=\"150\" src=\"https:\/\/jaszoktatas.hu\/jasztelek\/wp-content\/uploads\/2016\/06\/3-150x150.jpg\" class=\"attachment-thumbnail size-thumbnail\" alt=\"\" decoding=\"async\" loading=\"lazy\" \/><\/a>\n\t\t\t<\/div><\/figure>\n\t\t<\/div>\n\n<p>&nbsp;<\/p>\n","protected":false},"excerpt":{"rendered":"<p>N\u00e9pi j\u00e1t\u00e9kok 2015. 09.23 T\u00e9li sportok 2016. 01.07 &nbsp; T\u00fara 2015. 10.06 &nbsp;<\/p>\n","protected":false},"author":1,"featured_media":0,"parent":0,"menu_order":0,"comment_status":"closed","ping_status":"closed","template":"","meta":[],"_links":{"self":[{"href":"https:\/\/jaszoktatas.hu\/jasztelek\/wp-json\/wp\/v2\/pages\/112"}],"collection":[{"href":"https:\/\/jaszoktatas.hu\/jasztelek\/wp-json\/wp\/v2\/pages"}],"about":[{"href":"https:\/\/jaszoktatas.hu\/jasztelek\/wp-json\/wp\/v2\/types\/page"}],"author":[{"embeddable":true,"href":"https:\/\/jaszoktatas.hu\/jasztelek\/wp-json\/wp\/v2\/users\/1"}],"replies":[{"embeddable":true,"href":"https:\/\/jaszoktatas.hu\/jasztelek\/wp-json\/wp\/v2\/comments?post=112"}],"version-history":[{"count":4,"href":"https:\/\/jaszoktatas.hu\/jasztelek\/wp-json\/wp\/v2\/pages\/112\/revisions"}],"predecessor-version":[{"id":156,"href":"https:\/\/jaszoktatas.hu\/jasztelek\/wp-json\/wp\/v2\/pages\/112\/revisions\/156"}],"wp:attachment":[{"href":"https:\/\/jaszoktatas.hu\/jasztelek\/wp-json\/wp\/v2\/media?parent=112"}],"curies":[{"name":"wp","href":"https:\/\/api.w.org\/{rel}","templated":true}]}}