{"id":8,"date":"2015-05-08T05:48:52","date_gmt":"2015-05-08T05:48:52","guid":{"rendered":"http:\/\/jaszoktatas.hu\/jaszfelsoszentgyorgy\/?page_id=8"},"modified":"2020-02-28T09:23:48","modified_gmt":"2020-02-28T09:23:48","slug":"iskolankrol","status":"publish","type":"page","link":"https:\/\/jaszoktatas.hu\/jaszfelsoszentgyorgy\/iskolankrol\/","title":{"rendered":"Iskol\u00e1nkr\u00f3l"},"content":{"rendered":"<p>J\u00e1szfels\u0151szentgy\u00f6rgy, J\u00e1sz \u2013 Nagykun \u2013 Szolnok megye \u00e9szaknyugati cs\u00fccsk\u00e9ben, a Zagyva foly\u00f3 jobb partj\u00e1n J\u00e1szber\u00e9nyt\u0151l 12 km-re tal\u00e1lhat\u00f3. A falut csak k\u00f6z\u00faton lehet el\u00e9rni, vas\u00fat- \u00e1llom\u00e1sa nincs. Ennek ellen\u00e9re ez nem jelent bez\u00e1rts\u00e1got, hiszen a telep\u00fcl\u00e9sen \u00e1thaladnak a Budapestre k\u00f6zleked\u0151 aut\u00f3buszok. A lakoss\u00e1g sz\u00e1ma nem \u00e9ri el a 2000 f\u0151t, melynek t\u00f6bb mint 1\/3-a roma sz\u00e1rmaz\u00e1s\u00fa.<\/p>\n<p>Az \u00d6nkorm\u00e1nyzat \u00e1ltal fenntartott int\u00e9zm\u00e9nyeken k\u00edv\u00fcl nincs munkalehet\u0151s\u00e9g. J\u00e1szber\u00e9nyben az Elektrolux \u00e9s egy\u00e9b \u00fczemek, valamint Szentl\u0151rinck\u00e1t\u00e1n a CNC \u00e9s a HALDEX \u00fczem ad lehet\u0151s\u00e9get a munkav\u00e1llal\u00e1sra. Az iskola tanul\u00f3inak t\u00f6bb mint 70 %-a halmozottan h\u00e1tr\u00e1nyos helyzet\u0171 a sz\u00fcl\u0151k alacsony iskol\u00e1zotts\u00e1ga, a t\u00f6bbgyermekes, csonka csal\u00e1dok, a munkan\u00e9lk\u00fclis\u00e9g k\u00f6vetkezt\u00e9ben. Ezek a gyerekek eleve szociokultur\u00e1lis h\u00e1tr\u00e1nnyal \u00e9rkeznek m\u00e1r az \u00f3vod\u00e1ba is, amelyek k\u00e9s\u0151bb magatart\u00e1si zavarokban nyilv\u00e1nulnak meg.<\/p>\n<p><strong>Szem\u00e9lyi felt\u00e9teleink alakul\u00e1sa<\/strong><\/p>\n<p>Iskol\u00e1nk nevel\u0151inek sz\u00e1ma: 11 f\u0151<\/p>\n<ul>\n<li>Tan\u00edt\u00f3 7 f\u0151<\/li>\n<li>Tan\u00e1r 4 f\u0151<\/li>\n<li>Fejleszt\u0151 pedag\u00f3gus 0,5 f\u0151<\/li>\n<li>\u00c1ttan\u00edt\u00f3 ( t\u0151l\u00fcnk ) 2 f\u0151<\/li>\n<li>\u00c1ttan\u00edt\u00f3 ( hozz\u00e1nk ) 1 f\u0151<\/li>\n<li>F\u00e9l\u00e1ll\u00e1sban alkalmazott 1 f\u0151<\/li>\n<li>Iskolatitk\u00e1r&nbsp;&nbsp; 1 f\u0151<\/li>\n<li>Takar\u00edt\u00f3&nbsp;&nbsp;&nbsp;&nbsp;&nbsp;&nbsp;&nbsp; 1 f\u0151<\/li>\n<\/ul>\n<p><strong>Tanul\u00f3csoportok sz\u00e1ma:&nbsp;&nbsp;&nbsp;&nbsp;&nbsp;&nbsp;&nbsp;&nbsp;&nbsp;&nbsp; 10<\/strong><\/p>\n<p>1-8. oszt\u00e1lyig &nbsp;&nbsp;&nbsp;&nbsp;&nbsp;&nbsp;&nbsp;&nbsp;&nbsp;&nbsp;&nbsp;&nbsp;&nbsp;&nbsp;&nbsp;&nbsp;&nbsp;&nbsp; 1-1<\/p>\n<p>Napk\u00f6zis csoport&nbsp;&nbsp;&nbsp;&nbsp;&nbsp;&nbsp;&nbsp;&nbsp;&nbsp;&nbsp;&nbsp;&nbsp; 2<\/p>\n<p><strong>Munk\u00e1nk t\u00e1rgyi felt\u00e9telei<br \/>\n<\/strong><\/p>\n<p>Az als\u00f3 \u00e9s fels\u0151 tagozatos gyerekek az 1961-ben \u00e9p\u00fclt, j\u00f3 m\u0171szaki \u00e1llapotban l\u00e9v\u0151 \u00e9p\u00fcltbe j\u00e1rnak. A jelenlegi iskola sz\u0171k\u00f6s, a jelenlegi tanul\u00f3i l\u00e9tsz\u00e1mhoz kicsi. Tantermek sz\u00e1ma 7, sz\u00e1m\u00edt\u00e1stechnika terem&nbsp; 1 ( 15 f\u0151 befogad\u00e1s\u00e1ra alkalmas ), fejleszt\u0151 szoba&nbsp; 1, tan\u00e1ri szoba 1, iroda 2.<\/p>\n<ul>\n<li>A tantermek eloszt\u00e1sa \u00e1lland\u00f3 probl\u00e9m\u00e1t okoz a sz\u0171k\u00f6ss\u00e9g miatt.<\/li>\n<li>A vizesblokk a gyermekl\u00e9tsz\u00e1mhoz k\u00e9pest nem megfelel\u0151.<\/li>\n<li>A vil\u00e1g\u00edt\u00e1s korszer\u0171tlen.<\/li>\n<li>A berendez\u00e9s, b\u00fatorzat a kor k\u00f6vetelm\u00e9nyeinek megfelel. ( p\u00e1ly\u00e1zati p\u00e9nzb\u0151l )<\/li>\n<li>A f\u0171t\u00e9st g\u00e1zkaz\u00e1nokkal oldjuk meg. ( Korszer\u0171s\u00edt\u00e9sre szorul )<\/li>\n<li>A tanul\u00f3k \u00e9tkez\u00e9s\u00e9t az \u00d6nkorm\u00e1nyzat tulajdon\u00e1ban l\u00e9v\u0151 konyh\u00e1n oldjuk meg, melyhez megfelel\u0151 nagys\u00e1g\u00fa eb\u00e9dl\u0151 is a rendelkez\u00e9sre \u00e1ll.<\/li>\n<li>Tornaterm\u00fcnk, tornaszob\u00e1nk, sportudvarunk nincs.<\/li>\n<\/ul>\n<p>&nbsp;<\/p>\n<p>&nbsp;<\/p>\n","protected":false},"excerpt":{"rendered":"<p>J\u00e1szfels\u0151szentgy\u00f6rgy, J\u00e1sz \u2013 Nagykun \u2013 Szolnok megye \u00e9szaknyugati cs\u00fccsk\u00e9ben, a Zagyva foly\u00f3 jobb partj\u00e1n J\u00e1szber\u00e9nyt\u0151l 12 km-re tal\u00e1lhat\u00f3. A falut csak k\u00f6z\u00faton lehet el\u00e9rni, vas\u00fat-&#8230;<\/p>\n","protected":false},"author":2,"featured_media":34,"parent":0,"menu_order":0,"comment_status":"closed","ping_status":"closed","template":"","meta":[],"_links":{"self":[{"href":"https:\/\/jaszoktatas.hu\/jaszfelsoszentgyorgy\/wp-json\/wp\/v2\/pages\/8"}],"collection":[{"href":"https:\/\/jaszoktatas.hu\/jaszfelsoszentgyorgy\/wp-json\/wp\/v2\/pages"}],"about":[{"href":"https:\/\/jaszoktatas.hu\/jaszfelsoszentgyorgy\/wp-json\/wp\/v2\/types\/page"}],"author":[{"embeddable":true,"href":"https:\/\/jaszoktatas.hu\/jaszfelsoszentgyorgy\/wp-json\/wp\/v2\/users\/2"}],"replies":[{"embeddable":true,"href":"https:\/\/jaszoktatas.hu\/jaszfelsoszentgyorgy\/wp-json\/wp\/v2\/comments?post=8"}],"version-history":[{"count":4,"href":"https:\/\/jaszoktatas.hu\/jaszfelsoszentgyorgy\/wp-json\/wp\/v2\/pages\/8\/revisions"}],"predecessor-version":[{"id":1069,"href":"https:\/\/jaszoktatas.hu\/jaszfelsoszentgyorgy\/wp-json\/wp\/v2\/pages\/8\/revisions\/1069"}],"wp:featuredmedia":[{"embeddable":true,"href":"https:\/\/jaszoktatas.hu\/jaszfelsoszentgyorgy\/wp-json\/wp\/v2\/media\/34"}],"wp:attachment":[{"href":"https:\/\/jaszoktatas.hu\/jaszfelsoszentgyorgy\/wp-json\/wp\/v2\/media?parent=8"}],"curies":[{"name":"wp","href":"https:\/\/api.w.org\/{rel}","templated":true}]}}