{"id":53,"date":"2015-09-18T14:38:54","date_gmt":"2015-09-18T14:38:54","guid":{"rendered":"http:\/\/jaszoktatas.hu\/jaszfelsoszentgyorgy\/?page_id=53"},"modified":"2025-10-21T08:54:51","modified_gmt":"2025-10-21T08:54:51","slug":"dokumentumok-2","status":"publish","type":"page","link":"https:\/\/jaszoktatas.hu\/jaszfelsoszentgyorgy\/dokumentumok-2\/","title":{"rendered":"Dokumentumok"},"content":{"rendered":"<p>Az SZMSZ megtekinthet\u0151 erre a linkre kattintva:&nbsp;<a href=\"https:\/\/jaszoktatas.hu\/jaszfelsoszentgyorgy\/wp-content\/upgrade\/Dokumentumok\/Intezmenyi_SZMSZ_2024_jovahagyva.pdf\" target=\"_blank\" rel=\"noopener\">SZMSZ<\/a><\/p>\n<p>A H\u00e1zirend megtekinthet\u0151 erre a linkre kattintva:&nbsp;<a href=\"https:\/\/jaszoktatas.hu\/jaszfelsoszentgyorgy\/wp-content\/upgrade\/Dokumentumok\/H%C3%A1zirend%202024.pdf\" target=\"_blank\" rel=\"noopener\">H\u00c1ZIREND<\/a><\/p>\n<p>A Pedag\u00f3giai program megtekinthet\u0151 erre a linkre kattintva:&nbsp;<a href=\"https:\/\/jaszoktatas.hu\/jaszfelsoszentgyorgy\/wp-content\/upgrade\/Dokumentumok\/PP_Jfszgy_2024.pdf\" target=\"_blank\" rel=\"noopener\">PEDAG\u00d3GIAI PROGRAM<\/a><\/p>\n<p>J\u00e1szs\u00e1gi Apponyi Albert \u00c1ltal\u00e1nos Iskola \u00e9s Alapfok\u00fa M\u0171v\u00e9szeti Iskola<br>\nszakmai alapdokumentuma:&nbsp;<a href=\"https:\/\/jaszoktatas.hu\/jaszfelsoszentgyorgy\/dokumentumok\/Alapdokumentum.pdf\" target=\"_blank\" rel=\"noopener\">ALAPDOKUMENTUM<\/a><\/p>\n\n\n<p>Int\u00e9zm\u00e9nyi K\u00f6zz\u00e9t\u00e9teli lista: <a href=\"https:\/\/jaszoktatas.hu\/jaszfelsoszentgyorgy\/wp-content\/upgrade\/Dokumentumok\/Int%C3%A9zm%C3%A9nyi%20k%C3%B6zz%C3%A9t%C3%A9teli%20lista%202025.pdf\" target=\"_blank\" rel=\"noreferrer noopener\">K\u00f6zz\u00e9t\u00e9teli lista<\/a><\/p>\n","protected":false},"excerpt":{"rendered":"<p>Az SZMSZ megtekinthet\u0151 erre a linkre kattintva:&nbsp;SZMSZ A H\u00e1zirend megtekinthet\u0151 erre a linkre kattintva:&nbsp;H\u00c1ZIREND A Pedag\u00f3giai program megtekinthet\u0151 erre a linkre kattintva:&nbsp;PEDAG\u00d3GIAI PROGRAM J\u00e1szs\u00e1gi Apponyi&#8230;<\/p>\n","protected":false},"author":2,"featured_media":0,"parent":0,"menu_order":1,"comment_status":"closed","ping_status":"closed","template":"","meta":[],"_links":{"self":[{"href":"https:\/\/jaszoktatas.hu\/jaszfelsoszentgyorgy\/wp-json\/wp\/v2\/pages\/53"}],"collection":[{"href":"https:\/\/jaszoktatas.hu\/jaszfelsoszentgyorgy\/wp-json\/wp\/v2\/pages"}],"about":[{"href":"https:\/\/jaszoktatas.hu\/jaszfelsoszentgyorgy\/wp-json\/wp\/v2\/types\/page"}],"author":[{"embeddable":true,"href":"https:\/\/jaszoktatas.hu\/jaszfelsoszentgyorgy\/wp-json\/wp\/v2\/users\/2"}],"replies":[{"embeddable":true,"href":"https:\/\/jaszoktatas.hu\/jaszfelsoszentgyorgy\/wp-json\/wp\/v2\/comments?post=53"}],"version-history":[{"count":23,"href":"https:\/\/jaszoktatas.hu\/jaszfelsoszentgyorgy\/wp-json\/wp\/v2\/pages\/53\/revisions"}],"predecessor-version":[{"id":1360,"href":"https:\/\/jaszoktatas.hu\/jaszfelsoszentgyorgy\/wp-json\/wp\/v2\/pages\/53\/revisions\/1360"}],"wp:attachment":[{"href":"https:\/\/jaszoktatas.hu\/jaszfelsoszentgyorgy\/wp-json\/wp\/v2\/media?parent=53"}],"curies":[{"name":"wp","href":"https:\/\/api.w.org\/{rel}","templated":true}]}}