{"id":345,"date":"2016-10-28T09:27:14","date_gmt":"2016-10-28T09:27:14","guid":{"rendered":"http:\/\/jaszoktatas.hu\/jaszfelsoszentgyorgy\/?page_id=345"},"modified":"2020-02-28T09:23:48","modified_gmt":"2020-02-28T09:23:48","slug":"jaszberenyi-katolikus-altalanos-iskola-es-kozepiskola-liska-jozsef-szakkozepiskola-gimnazium-es-kollegium-tagintezmenye","status":"publish","type":"page","link":"https:\/\/jaszoktatas.hu\/jaszfelsoszentgyorgy\/jaszberenyi-katolikus-altalanos-iskola-es-kozepiskola-liska-jozsef-szakkozepiskola-gimnazium-es-kollegium-tagintezmenye\/","title":{"rendered":"J\u00e1szber\u00e9nyi Katolikus \u00c1ltal\u00e1nos Iskola \u00e9s K\u00f6z\u00e9piskola, Liska J\u00f3zsef Szakk\u00f6z\u00e9piskola, Gimn\u00e1zium \u00e9s Koll\u00e9gium Tagint\u00e9zm\u00e9nye"},"content":{"rendered":"<p><a href=\"https:\/\/jaszoktatas.hu\/jaszfelsoszentgyorgy\/wp-content\/uploads\/2016\/10\/036-e1480490463527.jpg\"><img decoding=\"async\" loading=\"lazy\" class=\"alignnone size-thumbnail wp-image-354\" src=\"https:\/\/jaszoktatas.hu\/jaszfelsoszentgyorgy\/wp-content\/uploads\/2016\/10\/036-e1480490463527-150x150.jpg\" alt=\"036\" width=\"150\" height=\"150\"><\/a><\/p>\n","protected":false},"excerpt":{"rendered":"","protected":false},"author":1,"featured_media":0,"parent":0,"menu_order":0,"comment_status":"closed","ping_status":"closed","template":"","meta":[],"_links":{"self":[{"href":"https:\/\/jaszoktatas.hu\/jaszfelsoszentgyorgy\/wp-json\/wp\/v2\/pages\/345"}],"collection":[{"href":"https:\/\/jaszoktatas.hu\/jaszfelsoszentgyorgy\/wp-json\/wp\/v2\/pages"}],"about":[{"href":"https:\/\/jaszoktatas.hu\/jaszfelsoszentgyorgy\/wp-json\/wp\/v2\/types\/page"}],"author":[{"embeddable":true,"href":"https:\/\/jaszoktatas.hu\/jaszfelsoszentgyorgy\/wp-json\/wp\/v2\/users\/1"}],"replies":[{"embeddable":true,"href":"https:\/\/jaszoktatas.hu\/jaszfelsoszentgyorgy\/wp-json\/wp\/v2\/comments?post=345"}],"version-history":[{"count":3,"href":"https:\/\/jaszoktatas.hu\/jaszfelsoszentgyorgy\/wp-json\/wp\/v2\/pages\/345\/revisions"}],"predecessor-version":[{"id":1070,"href":"https:\/\/jaszoktatas.hu\/jaszfelsoszentgyorgy\/wp-json\/wp\/v2\/pages\/345\/revisions\/1070"}],"wp:attachment":[{"href":"https:\/\/jaszoktatas.hu\/jaszfelsoszentgyorgy\/wp-json\/wp\/v2\/media?parent=345"}],"curies":[{"name":"wp","href":"https:\/\/api.w.org\/{rel}","templated":true}]}}