{"id":339,"date":"2016-10-28T09:22:38","date_gmt":"2016-10-28T09:22:38","guid":{"rendered":"http:\/\/jaszoktatas.hu\/jaszfelsoszentgyorgy\/?page_id=339"},"modified":"2020-02-28T09:23:48","modified_gmt":"2020-02-28T09:23:48","slug":"klapka-gyorgy-szakkozep-es-szakiskola-atalanos-iskola-es-specialis-szakiskola","status":"publish","type":"page","link":"https:\/\/jaszoktatas.hu\/jaszfelsoszentgyorgy\/klapka-gyorgy-szakkozep-es-szakiskola-atalanos-iskola-es-specialis-szakiskola\/","title":{"rendered":"Klapka Gy\u00f6rgy Szakgimn\u00e1ziuma \u00e9s Szakk\u00f6z\u00e9piskol\u00e1ja"},"content":{"rendered":"<p><a href=\"https:\/\/jaszoktatas.hu\/jaszfelsoszentgyorgy\/wp-content\/uploads\/2016\/10\/040-e1480490321979.jpg\"><img decoding=\"async\" loading=\"lazy\" class=\"alignnone size-thumbnail wp-image-352\" src=\"https:\/\/jaszoktatas.hu\/jaszfelsoszentgyorgy\/wp-content\/uploads\/2016\/10\/040-e1480490321979-150x150.jpg\" alt=\"040\" width=\"150\" height=\"150\"><\/a> <a href=\"https:\/\/jaszoktatas.hu\/jaszfelsoszentgyorgy\/wp-content\/uploads\/2016\/10\/039-e1480490298446.jpg\"><img decoding=\"async\" loading=\"lazy\" class=\"alignnone size-thumbnail wp-image-351\" src=\"https:\/\/jaszoktatas.hu\/jaszfelsoszentgyorgy\/wp-content\/uploads\/2016\/10\/039-e1480490298446-150x150.jpg\" alt=\"039\" width=\"150\" height=\"150\"><\/a> <a href=\"https:\/\/jaszoktatas.hu\/jaszfelsoszentgyorgy\/wp-content\/uploads\/2016\/10\/038-e1480490341510.jpg\"><img decoding=\"async\" loading=\"lazy\" class=\"alignnone size-thumbnail wp-image-350\" src=\"https:\/\/jaszoktatas.hu\/jaszfelsoszentgyorgy\/wp-content\/uploads\/2016\/10\/038-e1480490341510-150x150.jpg\" alt=\"038\" width=\"150\" height=\"150\"><\/a> <a href=\"https:\/\/jaszoktatas.hu\/jaszfelsoszentgyorgy\/wp-content\/uploads\/2016\/10\/037-e1480490359229.jpg\"><img decoding=\"async\" loading=\"lazy\" class=\"alignnone size-thumbnail wp-image-349\" src=\"https:\/\/jaszoktatas.hu\/jaszfelsoszentgyorgy\/wp-content\/uploads\/2016\/10\/037-e1480490359229-150x150.jpg\" alt=\"037\" width=\"150\" height=\"150\"><\/a><\/p>\n","protected":false},"excerpt":{"rendered":"","protected":false},"author":1,"featured_media":0,"parent":0,"menu_order":0,"comment_status":"closed","ping_status":"closed","template":"","meta":[],"_links":{"self":[{"href":"https:\/\/jaszoktatas.hu\/jaszfelsoszentgyorgy\/wp-json\/wp\/v2\/pages\/339"}],"collection":[{"href":"https:\/\/jaszoktatas.hu\/jaszfelsoszentgyorgy\/wp-json\/wp\/v2\/pages"}],"about":[{"href":"https:\/\/jaszoktatas.hu\/jaszfelsoszentgyorgy\/wp-json\/wp\/v2\/types\/page"}],"author":[{"embeddable":true,"href":"https:\/\/jaszoktatas.hu\/jaszfelsoszentgyorgy\/wp-json\/wp\/v2\/users\/1"}],"replies":[{"embeddable":true,"href":"https:\/\/jaszoktatas.hu\/jaszfelsoszentgyorgy\/wp-json\/wp\/v2\/comments?post=339"}],"version-history":[{"count":4,"href":"https:\/\/jaszoktatas.hu\/jaszfelsoszentgyorgy\/wp-json\/wp\/v2\/pages\/339\/revisions"}],"predecessor-version":[{"id":1071,"href":"https:\/\/jaszoktatas.hu\/jaszfelsoszentgyorgy\/wp-json\/wp\/v2\/pages\/339\/revisions\/1071"}],"wp:attachment":[{"href":"https:\/\/jaszoktatas.hu\/jaszfelsoszentgyorgy\/wp-json\/wp\/v2\/media?parent=339"}],"curies":[{"name":"wp","href":"https:\/\/api.w.org\/{rel}","templated":true}]}}