{"id":337,"date":"2016-10-28T09:20:07","date_gmt":"2016-10-28T09:20:07","guid":{"rendered":"http:\/\/jaszoktatas.hu\/jaszfelsoszentgyorgy\/?page_id=337"},"modified":"2020-02-28T09:23:48","modified_gmt":"2020-02-28T09:23:48","slug":"terplan-zeno-ferences-szakkepzo-iskola-es-gimnazium","status":"publish","type":"page","link":"https:\/\/jaszoktatas.hu\/jaszfelsoszentgyorgy\/terplan-zeno-ferences-szakkepzo-iskola-es-gimnazium\/","title":{"rendered":"Terpl\u00e1n Z\u00e9n\u00f3 Ferences Szakk\u00e9pz\u0151 Iskola \u00e9s Gimn\u00e1zium"},"content":{"rendered":"","protected":false},"excerpt":{"rendered":"","protected":false},"author":1,"featured_media":0,"parent":0,"menu_order":0,"comment_status":"closed","ping_status":"closed","template":"","meta":[],"_links":{"self":[{"href":"https:\/\/jaszoktatas.hu\/jaszfelsoszentgyorgy\/wp-json\/wp\/v2\/pages\/337"}],"collection":[{"href":"https:\/\/jaszoktatas.hu\/jaszfelsoszentgyorgy\/wp-json\/wp\/v2\/pages"}],"about":[{"href":"https:\/\/jaszoktatas.hu\/jaszfelsoszentgyorgy\/wp-json\/wp\/v2\/types\/page"}],"author":[{"embeddable":true,"href":"https:\/\/jaszoktatas.hu\/jaszfelsoszentgyorgy\/wp-json\/wp\/v2\/users\/1"}],"replies":[{"embeddable":true,"href":"https:\/\/jaszoktatas.hu\/jaszfelsoszentgyorgy\/wp-json\/wp\/v2\/comments?post=337"}],"version-history":[{"count":1,"href":"https:\/\/jaszoktatas.hu\/jaszfelsoszentgyorgy\/wp-json\/wp\/v2\/pages\/337\/revisions"}],"predecessor-version":[{"id":338,"href":"https:\/\/jaszoktatas.hu\/jaszfelsoszentgyorgy\/wp-json\/wp\/v2\/pages\/337\/revisions\/338"}],"wp:attachment":[{"href":"https:\/\/jaszoktatas.hu\/jaszfelsoszentgyorgy\/wp-json\/wp\/v2\/media?parent=337"}],"curies":[{"name":"wp","href":"https:\/\/api.w.org\/{rel}","templated":true}]}}