{"id":12,"date":"2015-05-08T05:54:18","date_gmt":"2015-05-08T05:54:18","guid":{"rendered":"http:\/\/jaszoktatas.hu\/jaszfelsoszentgyorgy\/?page_id=12"},"modified":"2024-11-06T08:22:47","modified_gmt":"2024-11-06T08:22:47","slug":"tantestulet","status":"publish","type":"page","link":"https:\/\/jaszoktatas.hu\/jaszfelsoszentgyorgy\/tantestulet\/","title":{"rendered":"Tantest\u00fclet"},"content":{"rendered":"\n<figure class=\"wp-block-table\"><table><tbody><tr><td>HORV\u00c1THN\u00c9 SZILICZEI M\u00d3NIKA<\/td><td>tagint\u00e9zm\u00e9ny-igazgat\u00f3<\/td><\/tr><tr><td>B\u00c1LINT GY\u00d6RGYN\u00c9<\/td><td>tan\u00edt\u00f3<\/td><\/tr><tr><td>DAR\u00d3K ILDIK\u00d3<\/td><td>tan\u00edt\u00f3<\/td><\/tr><tr><td>ERD\u0150 \u00c9VA<\/td><td>tan\u00e1r<\/td><\/tr><tr><td>F\u00dcL\u00d6P ZOLT\u00c1N<\/td><td>tan\u00e1r<\/td><\/tr><tr><td>HIROSSEK TITANILLA<\/td><td>tan\u00edt\u00f3<\/td><\/tr><tr><td>HORV\u00c1TH ANIK\u00d3<\/td><td>pedag\u00f3giai asszisztens<\/td><\/tr><tr><td>MATIN J\u00c1NOS<\/td><td>tan\u00e1r<\/td><\/tr><tr><td>OL\u00c1HN\u00c9 HARS\u00c1NYI M\u00c1RIA<\/td><td>tan\u00e1r<\/td><\/tr><tr><td>P\u00c1SZTORN\u00c9 MOLN\u00c1R ANDREA<\/td><td>tan\u00edt\u00f3<\/td><\/tr><tr><td>PEGE ADRIENN<\/td><td>tan\u00edt\u00f3<\/td><\/tr><tr><td>S\u00c1NDORN\u00c9 T\u00d3TH JUDIT<\/td><td>tan\u00edt\u00f3<\/td><\/tr><tr><td>TEREBA KOV\u00c1CS ISTV\u00c1N<\/td><td>tan\u00e1r<\/td><\/tr><tr><td>VARGA-SZ\u00c1RAZ BE\u00c1TA<\/td><td>tan\u00e1r<\/td><\/tr><tr><td>HORTIN\u00c9 VELKEI M\u00c1RTA<\/td><td>gy\u00f3gypedag\u00f3gus<\/td><\/tr><tr><td>APJOKN\u00c9 LUK\u00c1CS \u00c9VA<\/td><td>pedag\u00f3giai asszisztens<\/td><\/tr><tr><td>KOV\u00c1CS PATRIK M\u00c1RK<\/td><td>informatikus<\/td><\/tr><\/tbody><\/table><\/figure>\n","protected":false},"excerpt":{"rendered":"<p>HORV\u00c1THN\u00c9 SZILICZEI M\u00d3NIKA tagint\u00e9zm\u00e9ny-igazgat\u00f3 B\u00c1LINT GY\u00d6RGYN\u00c9 tan\u00edt\u00f3 DAR\u00d3K ILDIK\u00d3 tan\u00edt\u00f3 ERD\u0150 \u00c9VA tan\u00e1r F\u00dcL\u00d6P ZOLT\u00c1N tan\u00e1r HIROSSEK TITANILLA tan\u00edt\u00f3 HORV\u00c1TH ANIK\u00d3 pedag\u00f3giai asszisztens MATIN J\u00c1NOS&#8230;<\/p>\n","protected":false},"author":2,"featured_media":0,"parent":0,"menu_order":3,"comment_status":"closed","ping_status":"closed","template":"","meta":[],"_links":{"self":[{"href":"https:\/\/jaszoktatas.hu\/jaszfelsoszentgyorgy\/wp-json\/wp\/v2\/pages\/12"}],"collection":[{"href":"https:\/\/jaszoktatas.hu\/jaszfelsoszentgyorgy\/wp-json\/wp\/v2\/pages"}],"about":[{"href":"https:\/\/jaszoktatas.hu\/jaszfelsoszentgyorgy\/wp-json\/wp\/v2\/types\/page"}],"author":[{"embeddable":true,"href":"https:\/\/jaszoktatas.hu\/jaszfelsoszentgyorgy\/wp-json\/wp\/v2\/users\/2"}],"replies":[{"embeddable":true,"href":"https:\/\/jaszoktatas.hu\/jaszfelsoszentgyorgy\/wp-json\/wp\/v2\/comments?post=12"}],"version-history":[{"count":14,"href":"https:\/\/jaszoktatas.hu\/jaszfelsoszentgyorgy\/wp-json\/wp\/v2\/pages\/12\/revisions"}],"predecessor-version":[{"id":1330,"href":"https:\/\/jaszoktatas.hu\/jaszfelsoszentgyorgy\/wp-json\/wp\/v2\/pages\/12\/revisions\/1330"}],"wp:attachment":[{"href":"https:\/\/jaszoktatas.hu\/jaszfelsoszentgyorgy\/wp-json\/wp\/v2\/media?parent=12"}],"curies":[{"name":"wp","href":"https:\/\/api.w.org\/{rel}","templated":true}]}}