{"id":876,"date":"2018-11-18T19:38:37","date_gmt":"2018-11-18T19:38:37","guid":{"rendered":"http:\/\/jaszoktatas.hu\/jaszago\/?page_id=876"},"modified":"2025-02-20T08:33:19","modified_gmt":"2025-02-20T08:33:19","slug":"fenntarto","status":"publish","type":"page","link":"https:\/\/jaszoktatas.hu\/jaszago\/fenntarto\/","title":{"rendered":"Fenntart\u00f3"},"content":{"rendered":"<p>Fenntart\u00f3:<br \/>\n<strong>J\u00e1szber\u00e9nyi Tanker\u00fcleti K\u00f6zpont<\/strong><br \/>\n5100 J\u00e1szber\u00e9ny, Szabads\u00e1g t\u00e9r 16.<\/p>\n<p>Tanker\u00fcleti igazgat\u00f3: <strong>Zsemberi Zolt\u00e1n<\/strong><br \/>\nzoltan.zsemberi@kk.gov.hu<br \/>\nTelefon: +36\/57\/795-209<\/p>\n<p>Szakmai vezet\u0151: <strong>Pom\u00e1zi Imr\u00e9n\u00e9<\/strong><br \/>\nimrene.pomazi@kk.gov.hu<br \/>\nTelefon: +36\/57\/795-203<\/p>\n","protected":false},"excerpt":{"rendered":"<p>Fenntart\u00f3: J\u00e1szber\u00e9nyi Tanker\u00fcleti K\u00f6zpont 5100 J\u00e1szber\u00e9ny, Szabads\u00e1g t\u00e9r 16. Tanker\u00fcleti igazgat\u00f3: Zsemberi Zolt\u00e1n zoltan.zsemberi@kk.gov.hu Telefon: +36\/57\/795-209 Szakmai vezet\u0151: Pom\u00e1zi Imr\u00e9n\u00e9 imrene.pomazi@kk.gov.hu Telefon: +36\/57\/795-203<\/p>\n","protected":false},"author":1,"featured_media":0,"parent":0,"menu_order":0,"comment_status":"closed","ping_status":"closed","template":"","meta":[],"_links":{"self":[{"href":"https:\/\/jaszoktatas.hu\/jaszago\/wp-json\/wp\/v2\/pages\/876"}],"collection":[{"href":"https:\/\/jaszoktatas.hu\/jaszago\/wp-json\/wp\/v2\/pages"}],"about":[{"href":"https:\/\/jaszoktatas.hu\/jaszago\/wp-json\/wp\/v2\/types\/page"}],"author":[{"embeddable":true,"href":"https:\/\/jaszoktatas.hu\/jaszago\/wp-json\/wp\/v2\/users\/1"}],"replies":[{"embeddable":true,"href":"https:\/\/jaszoktatas.hu\/jaszago\/wp-json\/wp\/v2\/comments?post=876"}],"version-history":[{"count":4,"href":"https:\/\/jaszoktatas.hu\/jaszago\/wp-json\/wp\/v2\/pages\/876\/revisions"}],"predecessor-version":[{"id":1078,"href":"https:\/\/jaszoktatas.hu\/jaszago\/wp-json\/wp\/v2\/pages\/876\/revisions\/1078"}],"wp:attachment":[{"href":"https:\/\/jaszoktatas.hu\/jaszago\/wp-json\/wp\/v2\/media?parent=876"}],"curies":[{"name":"wp","href":"https:\/\/api.w.org\/{rel}","templated":true}]}}