{"id":8,"date":"2015-05-21T10:55:14","date_gmt":"2015-05-21T10:55:14","guid":{"rendered":"http:\/\/jaszoktatas.hu\/pusztamonostor\/?page_id=8"},"modified":"2025-09-23T13:41:13","modified_gmt":"2025-09-23T13:41:13","slug":"tantestulet","status":"publish","type":"page","link":"http:\/\/jaszoktatas.hu\/pusztamonostor\/tantestulet\/","title":{"rendered":"Tantest\u00fclet"},"content":{"rendered":"<p><strong>Tagint\u00e9zm\u00e9ny-igazgat\u00f3:<\/strong> Hundt Csilla<\/p>\n<p><strong>Tantest\u00fclet:<\/strong><\/p>\n<p>Dancsn\u00e9 Bar\u00e1th Bernadett tan\u00edt\u00f3<\/p>\n<p>Gyenesn\u00e9 Cserh\u00e1ti Katalin tan\u00edt\u00f3<\/p>\n<p>Gy\u00f6rgyfin\u00e9 T\u00f3th M\u00e1rta tan\u00edt\u00f3<\/p>\n<p>H\u00e1fr\u00e1n\u00e9 Sz\u0151ke Ildik\u00f3 tan\u00edt\u00f3<\/p>\n<p>Hundt Csilla tan\u00e1r<\/p>\n<p>Juh\u00e1szn\u00e9 Meleg Anna tan\u00edt\u00f3<\/p>\n<p>Kar\u00e1csony Csilla tan\u00e1r<\/p>\n<p>Kov\u00e1cs Krisztina tan\u00e1r<\/p>\n<p>Luk\u00e1csin\u00e9 Magetti Erzs\u00e9bet tan\u00edt\u00f3\/tan\u00e1r<\/p>\n<p>Pet\u0151 Brigitta tan\u00edt\u00f3<\/p>\n<p>Tugyi R\u00f3bertn\u00e9 tan\u00edt\u00f3<\/p>\n<p>Vakosn\u00e9 S\u00e1nta Teod\u00f3ra m\u0171v\u00e9sztan\u00e1r<\/p>\n<p><strong>\u00d3raad\u00f3 pedag\u00f3gusok:<\/strong><\/p>\n<p>Harnosn\u00e9 Bal\u00e1zs Krisztina informatikus-k\u00f6nyvt\u00e1ros<\/p>\n<p>Kert\u00e9sz Vilmos tan\u00e1r<\/p>\n<p>Kov\u00e1csn\u00e9 Kondor Bernadett\u00a0 gy\u00f3gypedag\u00f3gus<\/p>\n<p>Nagyn\u00e9 Feh\u00e9r Edit gy\u00f3gypedag\u00f3gus<\/p>\n<p>Pusk\u00e1s Adrienn m\u0171v\u00e9sztan\u00e1r<\/p>\n<p>Szatm\u00e1ri Tibor tan\u00e1r<\/p>\n<p><strong>Adminisztrat\u00edv <\/strong><strong>dolgoz\u00f3k:<\/strong><\/p>\n<p>Harnosn\u00e9 Bal\u00e1zs Krisztina iskolatitk\u00e1r<\/p>\n<p>Lagzi-Kov\u00e1csn\u00e9 G\u00f6bly\u00f6s Krisztina pedag\u00f3giai asszisztens<\/p>\n<p><strong>Technikai dolgoz\u00f3k:<\/strong><\/p>\n<p>Koza Erzs\u00e9bet takar\u00edt\u00f3<\/p>\n<p>Kolozsv\u00e1ri S\u00e1ndorn\u00e9 takar\u00edt\u00f3<\/p>\n","protected":false},"excerpt":{"rendered":"<p>Tagint\u00e9zm\u00e9ny-igazgat\u00f3: Hundt Csilla Tantest\u00fclet: Dancsn\u00e9 Bar\u00e1th Bernadett tan\u00edt\u00f3 Gyenesn\u00e9 Cserh\u00e1ti Katalin tan\u00edt\u00f3 Gy\u00f6rgyfin\u00e9 T\u00f3th M\u00e1rta tan\u00edt\u00f3 H\u00e1fr\u00e1n\u00e9 Sz\u0151ke Ildik\u00f3 tan\u00edt\u00f3 Hundt Csilla tan\u00e1r Juh\u00e1szn\u00e9 Meleg&#8230;<\/p>\n","protected":false},"author":1,"featured_media":0,"parent":0,"menu_order":2,"comment_status":"closed","ping_status":"closed","template":"","meta":[],"_links":{"self":[{"href":"http:\/\/jaszoktatas.hu\/pusztamonostor\/wp-json\/wp\/v2\/pages\/8"}],"collection":[{"href":"http:\/\/jaszoktatas.hu\/pusztamonostor\/wp-json\/wp\/v2\/pages"}],"about":[{"href":"http:\/\/jaszoktatas.hu\/pusztamonostor\/wp-json\/wp\/v2\/types\/page"}],"author":[{"embeddable":true,"href":"http:\/\/jaszoktatas.hu\/pusztamonostor\/wp-json\/wp\/v2\/users\/1"}],"replies":[{"embeddable":true,"href":"http:\/\/jaszoktatas.hu\/pusztamonostor\/wp-json\/wp\/v2\/comments?post=8"}],"version-history":[{"count":15,"href":"http:\/\/jaszoktatas.hu\/pusztamonostor\/wp-json\/wp\/v2\/pages\/8\/revisions"}],"predecessor-version":[{"id":2857,"href":"http:\/\/jaszoktatas.hu\/pusztamonostor\/wp-json\/wp\/v2\/pages\/8\/revisions\/2857"}],"wp:attachment":[{"href":"http:\/\/jaszoktatas.hu\/pusztamonostor\/wp-json\/wp\/v2\/media?parent=8"}],"curies":[{"name":"wp","href":"https:\/\/api.w.org\/{rel}","templated":true}]}}