{"id":1628,"date":"2015-05-21T10:54:45","date_gmt":"2015-05-21T10:54:45","guid":{"rendered":"http:\/\/jaszoktatas.hu\/pusztamonostor\/?page_id=6"},"modified":"2023-09-22T09:01:34","modified_gmt":"2023-09-22T09:01:34","slug":"iskolankrol","status":"publish","type":"page","link":"http:\/\/jaszoktatas.hu\/pusztamonostor\/iskolankrol\/","title":{"rendered":"Iskol\u00e1nkr\u00f3l"},"content":{"rendered":"\n<figure class=\"wp-block-image\"><img decoding=\"async\" src=\"http:\/\/jaszoktatas.hu\/pusztamonostor\/wp-content\/uploads\/2021\/02\/uj3-1-1024x678.jpg\" alt=\"\" class=\"wp-image-1119\"\/><\/figure>\n\n\n\n<p class=\"has-text-align-left\"><br>Iskol\u00e1nk egy kis falu di\u00e1kjait neveli \u00e9s oktatja. Tanul\u00f3i l\u00e9tsz\u00e1munk lassan n\u00f6vekv\u0151, de m\u00e9g mindig  alacsony, amely r\u00e9szben a telep\u00fcl\u00e9s demogr\u00e1fiai adotts\u00e1gaib\u00f3l ad\u00f3dik. A lakoss\u00e1g nagy r\u00e9sze a k\u00f6rnyez\u0151 v\u00e1rosok nagy gy\u00e1raiba j\u00e1r el \u00e9s \u00edgy tartja el a csal\u00e1dj\u00e1t. A gazdas\u00e1gi v\u00e1ltoz\u00e1sok jelent\u0151s m\u00e9rt\u00e9kben \u00e9rintett\u00e9k a mi kis k\u00f6zs\u00e9g\u00fcnket is. A csal\u00e1dok t\u00f6bbs\u00e9g\u00e9nek legfontosabb probl\u00e9m\u00e1ja a mindennapi \u00e9let biztos\u00edt\u00e1sa, ez\u00e9rt a sz\u00fcl\u0151k nagym\u00e9rt\u00e9kben ig\u00e9nylik int\u00e9zm\u00e9ny\u00fcnkkel a sokoldal\u00fa egy\u00fcttm\u0171k\u00f6d\u00e9st \u00e9s a maxim\u00e1lis seg\u00edts\u00e9gny\u00fajt\u00e1st. Nevel\u0151ink ismerik a csal\u00e1dokat, azok probl\u00e9m\u00e1it, gondjait. A sz\u00fcl\u0151kkel egy\u00fcttm\u0171k\u00f6dve v\u00e9gzik a gyermekek oktat\u00e1s\u00e1t, nevel\u00e9s\u00e9t.<\/p>\n\n\n\n<p>Az iskola \u00e9p\u00fclete 1991-ben \u00e9p\u00fclt, 6 tantermes, egy emeletes, tet\u0151t\u00e9r be\u00e9p\u00edt\u00e9ses \u00e9p\u00fclet, mely a 32-es f\u0151\u00fat ment\u00e9n tal\u00e1lhat\u00f3. Modern \u00e9s korszer\u0171 k\u00f6r\u00fclm\u00e9nyek k\u00f6z\u00f6tt folyhat a nevel\u0151-\u00e9s oktat\u00f3 munka. Az \u00f3ratervi \u00f3r\u00e1k d\u00e9lel\u0151tt folynak, d\u00e9lut\u00e1n a napk\u00f6zi otthonos foglalkoz\u00e1sok, m\u0171v\u00e9szeti k\u00e9pz\u00e9s \u00e9s az egy\u00e9b tan\u00f3r\u00e1n k\u00edv\u00fcli tev\u00e9kenys\u00e9gek zajlanak..&nbsp; Egy tornaterem \u00e9s egy tornaudvar is tartozik az \u00e9p\u00fclethez, el\u0151bbiben egy f\u00e9rfi \u00e9s egy n\u0151i \u00f6lt\u00f6z\u0151 blokk is tal\u00e1lhat\u00f3. Ezek a l\u00e9tes\u00edtm\u00e9nyek d\u00e9lut\u00e1nonk\u00e9nt is a di\u00e1kok rendelkez\u00e9s\u00e9re \u00e1llnak. Szabadon szervezhetnek elfoglalts\u00e1gokat ezeknek a lehet\u0151s\u00e9geknek a kihaszn\u00e1l\u00e1s\u00e1val.<\/p>\n\n\n\n<p> Minden oszt\u00e1ly rendelkezik saj\u00e1t oszt\u00e1lyteremmel, melyeket a kis k\u00f6z\u00f6ss\u00e9gek \u00f6n\u00e1ll\u00f3an d\u00edsz\u00edtenek, alak\u00edtanak, form\u00e1lnak. Rendelkez\u00fcnk egy meleg\u00edt\u0151 konyh\u00e1val \u00e9s egy eb\u00e9dl\u0151 helyis\u00e9ggel is, tanul\u00f3ink \u00edgy kultur\u00e1lt k\u00f6r\u00fclm\u00e9nyek k\u00f6z\u00f6tt \u00e9tkezhetnek.&nbsp; Az als\u00f3 tagozat elhelyez\u00e9s\u00e9t az als\u00f3 szinten \u00e9s a fels\u0151 szint els\u0151 term\u00e9ben oldottuk meg, m\u00edg a fels\u0151 tagozat az els\u0151 emeleten \u00e9s a padl\u00e1st\u00e9rben kapott helyet. <\/p>\n\n\n\n<p>Nevel\u0151test\u00fclet\u00fcnk \u00e9letkor\u00e1t tekintve k\u00f6z\u00e9pkor\u00fa, sajnos, a pedag\u00f3gusp\u00e1lya eln\u0151iesed\u00e9se n\u00e1lunk is jellemz\u0151. hiszen csak n\u0151i tagokb\u00f3l \u00e1ll. Szakos ell\u00e1totts\u00e1gunk annak ellen\u00e9re magas, 95%, hogy a pedag\u00f3gus ut\u00e1np\u00f3tl\u00e1s csek\u00e9ly, kev\u00e9s szakos v\u00e9gzetts\u00e9g\u0171 p\u00e1lyakezd\u0151 jelentkezik a hi\u00e1nyz\u00f3 \u00e1ll\u00e1shelyek bet\u00f6lt\u00e9s\u00e9re. Az iskolai tev\u00e9kenys\u00e9gek meghat\u00e1roz\u00f3 eleme a pedag\u00f3gus k\u00f6z\u00f6ss\u00e9g. Nevel\u0151test\u00fclet\u00fcnk kis l\u00e9tsz\u00e1m\u00e1b\u00f3l ad\u00f3d\u00f3an is nagyon \u00f6sszetart\u00f3 k\u00f6z\u00f6ss\u00e9get alkot, feladatainkat szorosan \u00f6sszehangolva v\u00e9gezz\u00fck, tan\u00edt\u00f3i- tan\u00e1ri szabads\u00e1g alkalmaz\u00e1s\u00e1val a tantest\u00fclet \u00e1ltal meghat\u00e1rozott pedag\u00f3giai ir\u00e1nyok k\u00f6z\u00f6tt tev\u00e9kenyked\u00fcnk. Egy kiv\u00e9tel\u00e9vel valamennyien r\u00e9szt vett\u00fcnk m\u00e1r a pedag\u00f3gusok orsz\u00e1gos pedag\u00f3giai-szakmai  ellen\u0151rz\u00e9s\u00e9ben, s valamennyien magas szint\u0171 \u00e9rt\u00e9kel\u00e9sben r\u00e9szes\u00fclt\u00fcnk. A tan\u00edt\u00e1s-tanul\u00e1si folyamathoz sz\u00fcks\u00e9ges alapkompetenci\u00e1kon k\u00edv\u00fcl a nevel\u0151k a nevel\u00e9si folyamat eredm\u00e9nyess\u00e9ge \u00e9rdek\u00e9ben sz\u00e1mos tanfolyamot, tov\u00e1bbk\u00e9pz\u00e9st v\u00e9geztek \u00e9s v\u00e9geznek, mindig az iskolahaszn\u00e1l\u00f3k sz\u00fcks\u00e9gleteit szem el\u0151tt tartva. Gy\u00f3gypedag\u00f3gus  \u00e9s besz\u00e9dfejleszt\u0151 pedag\u00f3gus l\u00e1tj\u00e1k el a saj\u00e1tos nevel\u00e9si ig\u00e9ny\u0171 tanul\u00f3k fejleszt\u00e9s\u00e9t.<\/p>\n\n\n\n<p>Arculatunk h\u00e1rom meghat\u00e1roz\u00f3 eleme: az alapfok\u00fa m\u0171v\u00e9szetoktat\u00e1s, az \u00f6nkorm\u00e1nyzatis\u00e1g elsaj\u00e1t\u00edt\u00e1sa \u00e9s az \u00f6ko-szeml\u00e9let kialak\u00edt\u00e1sa. Alapfok\u00fa m\u0171v\u00e9szeti oktat\u00e1s keret\u00e9ben klasszikus zen\u00e9t tanulhatnak di\u00e1kjaink furulya \u00e9s zongora tanszakon. J\u00f3l m\u0171k\u00f6d\u0151 di\u00e1k \u00f6nkorm\u00e1nyzati rendszert \u00e9p\u00edtett\u00fcnk ki, melynek keret\u00e9ben a tanul\u00f3k k\u00e9s\u0151bbi t\u00e1rsadalmi szerepeiket tanulhatj\u00e1k, s melynek seg\u00edts\u00e9g\u00e9vel felk\u00e9sz\u00fclhetnek a \u201efeln\u0151tt \u2013 vil\u00e1g\u201d m\u0171k\u00f6d\u00e9se.2007 \u00f3ta viselj\u00fck az \u00f6ko iskola c\u00edmet, amely arculatunk harmadik legfontosabb eleme. Hangs\u00falyosak az eg\u00e9szs\u00e9g- \u00e9s k\u00f6rnyezeti nevel\u00e9s elemei, melyeket minden \u00e9vfolyamon a tan\u00f3rai \u00e9s a tan\u00f3r\u00e1n k\u00edv\u00fcli tev\u00e9kenys\u00e9gekben \u00e9rv\u00e9nyes\u00edt\u00fcnk.<\/p>\n","protected":false},"excerpt":{"rendered":"<p>Iskol\u00e1nk egy kis falu di\u00e1kjait neveli \u00e9s oktatja. Tanul\u00f3i l\u00e9tsz\u00e1munk lassan n\u00f6vekv\u0151, de m\u00e9g mindig alacsony, amely r\u00e9szben a telep\u00fcl\u00e9s demogr\u00e1fiai adotts\u00e1gaib\u00f3l ad\u00f3dik. A lakoss\u00e1g&#8230;<\/p>\n","protected":false},"author":4,"featured_media":0,"parent":0,"menu_order":1,"comment_status":"closed","ping_status":"closed","template":"","meta":[],"_links":{"self":[{"href":"http:\/\/jaszoktatas.hu\/pusztamonostor\/wp-json\/wp\/v2\/pages\/1628"}],"collection":[{"href":"http:\/\/jaszoktatas.hu\/pusztamonostor\/wp-json\/wp\/v2\/pages"}],"about":[{"href":"http:\/\/jaszoktatas.hu\/pusztamonostor\/wp-json\/wp\/v2\/types\/page"}],"author":[{"embeddable":true,"href":"http:\/\/jaszoktatas.hu\/pusztamonostor\/wp-json\/wp\/v2\/users\/4"}],"replies":[{"embeddable":true,"href":"http:\/\/jaszoktatas.hu\/pusztamonostor\/wp-json\/wp\/v2\/comments?post=1628"}],"version-history":[{"count":4,"href":"http:\/\/jaszoktatas.hu\/pusztamonostor\/wp-json\/wp\/v2\/pages\/1628\/revisions"}],"predecessor-version":[{"id":2393,"href":"http:\/\/jaszoktatas.hu\/pusztamonostor\/wp-json\/wp\/v2\/pages\/1628\/revisions\/2393"}],"wp:attachment":[{"href":"http:\/\/jaszoktatas.hu\/pusztamonostor\/wp-json\/wp\/v2\/media?parent=1628"}],"curies":[{"name":"wp","href":"https:\/\/api.w.org\/{rel}","templated":true}]}}