{"id":12,"date":"2015-05-21T10:56:22","date_gmt":"2015-05-21T10:56:22","guid":{"rendered":"http:\/\/jaszoktatas.hu\/pusztamonostor\/?page_id=12"},"modified":"2025-09-30T07:16:35","modified_gmt":"2025-09-30T07:16:35","slug":"elerhetosegeink","status":"publish","type":"page","link":"http:\/\/jaszoktatas.hu\/pusztamonostor\/elerhetosegeink\/","title":{"rendered":"El\u00e9rhet\u0151s\u00e9geink"},"content":{"rendered":"<p><strong>Telefon:<\/strong><\/p>\n<p>06-57-421-149<\/p>\n<p><strong>e-mail:<\/strong><\/p>\n<p>pmonostorisk.jki@gmail.com<\/p>\n<p><strong>C\u00edm<\/strong>:<\/p>\n<p>5125 Pusztamonostor, Szabads\u00e1g \u00fat 60.<\/p>\n","protected":false},"excerpt":{"rendered":"<p>Telefon: 06-57-421-149 e-mail: pmonostorisk.jki@gmail.com C\u00edm: 5125 Pusztamonostor, Szabads\u00e1g \u00fat 60.<\/p>\n","protected":false},"author":1,"featured_media":0,"parent":0,"menu_order":4,"comment_status":"closed","ping_status":"closed","template":"","meta":[],"_links":{"self":[{"href":"http:\/\/jaszoktatas.hu\/pusztamonostor\/wp-json\/wp\/v2\/pages\/12"}],"collection":[{"href":"http:\/\/jaszoktatas.hu\/pusztamonostor\/wp-json\/wp\/v2\/pages"}],"about":[{"href":"http:\/\/jaszoktatas.hu\/pusztamonostor\/wp-json\/wp\/v2\/types\/page"}],"author":[{"embeddable":true,"href":"http:\/\/jaszoktatas.hu\/pusztamonostor\/wp-json\/wp\/v2\/users\/1"}],"replies":[{"embeddable":true,"href":"http:\/\/jaszoktatas.hu\/pusztamonostor\/wp-json\/wp\/v2\/comments?post=12"}],"version-history":[{"count":12,"href":"http:\/\/jaszoktatas.hu\/pusztamonostor\/wp-json\/wp\/v2\/pages\/12\/revisions"}],"predecessor-version":[{"id":2882,"href":"http:\/\/jaszoktatas.hu\/pusztamonostor\/wp-json\/wp\/v2\/pages\/12\/revisions\/2882"}],"wp:attachment":[{"href":"http:\/\/jaszoktatas.hu\/pusztamonostor\/wp-json\/wp\/v2\/media?parent=12"}],"curies":[{"name":"wp","href":"https:\/\/api.w.org\/{rel}","templated":true}]}}