{"id":10,"date":"2015-05-21T10:55:43","date_gmt":"2015-05-21T10:55:43","guid":{"rendered":"http:\/\/jaszoktatas.hu\/pusztamonostor\/?page_id=10"},"modified":"2025-10-21T06:44:41","modified_gmt":"2025-10-21T06:44:41","slug":"dokumentumok","status":"publish","type":"page","link":"http:\/\/jaszoktatas.hu\/pusztamonostor\/dokumentumok\/","title":{"rendered":"Dokumentumok"},"content":{"rendered":"<p>J\u00e1szs\u00e1gi \u00c1ltal\u00e1nos Iskola szakmai alapdokumentuma: <a href=\"https:\/\/drive.google.com\/file\/d\/1MemrZax9B0CFwtV6mPcK9pwWqb5pdww6\/view?usp=drive_link\">J\u00c1I alapdokumentum<\/a><\/p>\n<p>Szervezeti \u00e9s M\u0171k\u00f6d\u00e9si Szab\u00e1lyzat: <a href=\"https:\/\/drive.google.com\/file\/d\/1nXZNU8cDiJzsvpsx7WE6Pl9R47g_uTU8\/view?usp=drive_link\">INT\u00c9ZM\u00c9NYI SZMSZ 2024<\/a><\/p>\n<p>Munkaterv, 2025\/2026\u00a0 : <a href=\"https:\/\/drive.google.com\/file\/d\/1t0-BNWgOnpThtSTVOF1nImL7AzEQcM__\/view?usp=drive_link\">MUNKATERV<\/a>\u00a0<\/p>\n<p>Pedag\u00f3giai Program: <a href=\"https:\/\/drive.google.com\/file\/d\/1s4wQmUlXXUcs0e_YdsxmC2Pi4R7xz0wF\/view?usp=drive_link\">Pedag\u00f3giai Program<\/a><\/p>\n<p>A H\u00e1zirend megtekinthet\u0151 erre \u00a0a linkre kattintva: <a href=\"https:\/\/drive.google.com\/file\/d\/1bZZ_mdSwQD2oa1vhFZsZ69Kto0tIwJrA\/view?usp=drive_link\">H\u00c1ZIREND<\/a><\/p>\n<p>J\u00e1szs\u00e1gi Adatkezel\u00e9si szab\u00e1lyzat: <a href=\"https:\/\/docs.google.com\/document\/d\/1m14-bsfEx4f1I_5Ixw4v6fuWol_Nh-Fo\/edit?usp=sharing&amp;ouid=115743940351997013825&amp;rtpof=true&amp;sd=true\">Adatkezel\u00e9si Szab\u00e1lyzat 2021<\/a><\/p>\n\n\n<p>Panaszkezel\u00e9si szab\u00e1lyzat : <a href=\"https:\/\/drive.google.com\/file\/d\/1OMRe3vqymbBPe8plB84bhzeRQN9qrBJv\/view?usp=share_link\"> Panaszkezel\u00e9si szab\u00e1lyzat <\/a><\/p>\n\n\n\n<p>T\u00e1j\u00e9koztat\u00f3 a tantermen k\u00edv\u00fcli, digit\u00e1lis munkarendben val\u00f3 r\u00e9szv\u00e9tel sor\u00e1n megval\u00f3sul\u00f3 adatkezel\u00e9sr\u0151l: <a href=\"http:\/\/jaszoktatas.hu\/pusztamonostor\/wp-content\/uploads\/2020\/04\/ADATKEZEL\u00c9SI-T\u00c1J\u00c9KOZTAT\u00d3-1.pdf\">Let\u00f6lt\u00e9s<\/a><\/p>\n\n\n\n<p>\u00datmutat\u00f3 a tantermen k\u00edv\u00fcli, digit\u00e1lis munkarendben val\u00f3 r\u00e9szv\u00e9tel sor\u00e1n megval\u00f3sul\u00f3 adatkezel\u00e9shez: <a href=\"http:\/\/jaszoktatas.hu\/pusztamonostor\/wp-content\/uploads\/2020\/04\/\u00daTMUTAT\u00d3-1.pdf\">Let\u00f6lt\u00e9s<\/a><\/p>\n\n\n<p><\/p>\n<p><!--StartFragment--><\/p>\n\n\n<p><\/p>\n","protected":false},"excerpt":{"rendered":"<p>J\u00e1szs\u00e1gi \u00c1ltal\u00e1nos Iskola szakmai alapdokumentuma: J\u00c1I alapdokumentum Szervezeti \u00e9s M\u0171k\u00f6d\u00e9si Szab\u00e1lyzat: INT\u00c9ZM\u00c9NYI SZMSZ 2024 Munkaterv, 2025\/2026\u00a0 : MUNKATERV\u00a0 Pedag\u00f3giai Program: Pedag\u00f3giai Program A H\u00e1zirend megtekinthet\u0151&#8230;<\/p>\n","protected":false},"author":1,"featured_media":0,"parent":0,"menu_order":3,"comment_status":"closed","ping_status":"closed","template":"","meta":[],"_links":{"self":[{"href":"http:\/\/jaszoktatas.hu\/pusztamonostor\/wp-json\/wp\/v2\/pages\/10"}],"collection":[{"href":"http:\/\/jaszoktatas.hu\/pusztamonostor\/wp-json\/wp\/v2\/pages"}],"about":[{"href":"http:\/\/jaszoktatas.hu\/pusztamonostor\/wp-json\/wp\/v2\/types\/page"}],"author":[{"embeddable":true,"href":"http:\/\/jaszoktatas.hu\/pusztamonostor\/wp-json\/wp\/v2\/users\/1"}],"replies":[{"embeddable":true,"href":"http:\/\/jaszoktatas.hu\/pusztamonostor\/wp-json\/wp\/v2\/comments?post=10"}],"version-history":[{"count":45,"href":"http:\/\/jaszoktatas.hu\/pusztamonostor\/wp-json\/wp\/v2\/pages\/10\/revisions"}],"predecessor-version":[{"id":2919,"href":"http:\/\/jaszoktatas.hu\/pusztamonostor\/wp-json\/wp\/v2\/pages\/10\/revisions\/2919"}],"wp:attachment":[{"href":"http:\/\/jaszoktatas.hu\/pusztamonostor\/wp-json\/wp\/v2\/media?parent=10"}],"curies":[{"name":"wp","href":"https:\/\/api.w.org\/{rel}","templated":true}]}}