{"id":63,"date":"2015-09-17T19:23:13","date_gmt":"2015-09-17T19:23:13","guid":{"rendered":"http:\/\/jaszoktatas.hu\/jasztelek\/?page_id=63"},"modified":"2022-10-03T13:27:04","modified_gmt":"2022-10-03T13:27:04","slug":"elerhetosegeink","status":"publish","type":"page","link":"http:\/\/jaszoktatas.hu\/jasztelek\/elerhetosegeink\/","title":{"rendered":"EL\u00c9RHET\u0150S\u00c9GEINK"},"content":{"rendered":"<p>5141 J\u00e1sztelek<\/p>\n<p>Szabads\u00e1g \u00fat 59<\/p>\n<p>06 57 462047<\/p>\n<p>telekisk.jki @ gmail.com<\/p>\n","protected":false},"excerpt":{"rendered":"<p>5141 J\u00e1sztelek Szabads\u00e1g \u00fat 59 06 57 462047 telekisk.jki @ gmail.com<\/p>\n","protected":false},"author":1,"featured_media":0,"parent":0,"menu_order":0,"comment_status":"closed","ping_status":"closed","template":"page-templates\/full-width.php","meta":[],"_links":{"self":[{"href":"http:\/\/jaszoktatas.hu\/jasztelek\/wp-json\/wp\/v2\/pages\/63"}],"collection":[{"href":"http:\/\/jaszoktatas.hu\/jasztelek\/wp-json\/wp\/v2\/pages"}],"about":[{"href":"http:\/\/jaszoktatas.hu\/jasztelek\/wp-json\/wp\/v2\/types\/page"}],"author":[{"embeddable":true,"href":"http:\/\/jaszoktatas.hu\/jasztelek\/wp-json\/wp\/v2\/users\/1"}],"replies":[{"embeddable":true,"href":"http:\/\/jaszoktatas.hu\/jasztelek\/wp-json\/wp\/v2\/comments?post=63"}],"version-history":[{"count":5,"href":"http:\/\/jaszoktatas.hu\/jasztelek\/wp-json\/wp\/v2\/pages\/63\/revisions"}],"predecessor-version":[{"id":674,"href":"http:\/\/jaszoktatas.hu\/jasztelek\/wp-json\/wp\/v2\/pages\/63\/revisions\/674"}],"wp:attachment":[{"href":"http:\/\/jaszoktatas.hu\/jasztelek\/wp-json\/wp\/v2\/media?parent=63"}],"curies":[{"name":"wp","href":"https:\/\/api.w.org\/{rel}","templated":true}]}}