{"id":19,"date":"2015-09-18T13:52:50","date_gmt":"2015-09-18T13:52:50","guid":{"rendered":"http:\/\/jaszoktatas.hu\/jasztelek\/?page_id=19"},"modified":"2025-10-21T08:23:40","modified_gmt":"2025-10-21T08:23:40","slug":"dokumentumok","status":"publish","type":"page","link":"http:\/\/jaszoktatas.hu\/jasztelek\/dokumentumok\/","title":{"rendered":"Dokumentumok"},"content":{"rendered":"<p>A Munkaterv megtekinthet\u0151 erre a linkre kattintva:&nbsp;<a href=\"https:\/\/jaszoktatas.hu\/jasztelek\/wp-content\/upgrade\/Dokumentumok\/Munkaterv_2024_2025_Jasztelek.pdf\" target=\"_blank\" rel=\"noopener\">MUNKATERV<\/a><\/p>\n<p>Az SZMSZ megtekinthet\u0151 erre a linkre kattintva:&nbsp;<a href=\"https:\/\/jaszoktatas.hu\/jasztelek\/wp-content\/upgrade\/Dokumentumok\/Intezmenyi_SZMSZ_2024_jovahagyva.pdf\" target=\"_blank\" rel=\"noopener\">SZMSZ<\/a><\/p>\n<p>A H\u00e1zirend megtekinthet\u0151 erre a linkre kattintva:&nbsp;<a href=\"https:\/\/jaszoktatas.hu\/jasztelek\/wp-content\/upgrade\/Dokumentumok\/Hazirend_2024_Jasztelek_jovahagyott.pdf\" target=\"_blank\" rel=\"noopener\">H\u00c1ZIREND<\/a><\/p>\n<p>A Pedag\u00f3giai program megtekinthet\u0151 erre a linkre kattintva:&nbsp;<a href=\"https:\/\/jaszoktatas.hu\/jasztelek\/wp-content\/upgrade\/Dokumentumok\/Jasztelek_Pedagogiai_Program_teljes_2024_jovahagyva.pdf\" target=\"_blank\" rel=\"noopener\">PEDAG\u00d3GIAI&nbsp;PROGRAM<\/a><\/p>\n<p>J\u00e1szs\u00e1gi Apponyi Albert \u00c1ltal\u00e1nos Iskola \u00e9s Alapfok\u00fa M\u0171v\u00e9szeti Iskola<br>szakmai alapdokumentuma megtekinthet\u0151 erre a linkre kattintva:&nbsp;<a href=\"https:\/\/jaszoktatas.hu\/jasztelek\/wp-content\/upgrade\/Dokumentumok\/Szakmai%20alapdokumentum_J%C3%81I_2024.pdf\" target=\"_blank\" rel=\"noopener\">ALAPDOKUMENTUM<\/a><\/p>\n\n\n<p>Int\u00e9zm\u00e9nyi k\u00f6zz\u00e9t\u00e9teli lista: <a rel=\"noreferrer noopener\" href=\"https:\/\/jaszoktatas.hu\/jasztelek\/wp-content\/upgrade\/Dokumentumok\/Int%C3%A9zm%C3%A9nyi%20k%C3%B6zz%C3%A9t%C3%A9teli%20lista.pdf\" target=\"_blank\">K\u00f6zz\u00e9t\u00e9teli lista<\/a><\/p>\n\n\n\n<p>Csal\u00e1dseg\u00edt\u0151 t\u00e1j\u00e9koztat\u00f3: <a href=\"https:\/\/jaszoktatas.hu\/jasztelek\/wp-content\/upgrade\/Dokumentumok\/T%C3%A1j%C3%A9koztat%C3%B3%20a%20h%C3%A1zirendbe%20%C3%A9s%20a%20honlapra%20-%20%20%C3%B3vodai_iskolai%20szoci%C3%A1lis%20seg%C3%ADt%C3%A9sr%C5%91l%202025-2026%20tan%C3%A9v.pdf\" target=\"_blank\" rel=\"noreferrer noopener\">T\u00e1j\u00e9koztat\u00f3<\/a><\/p>\n","protected":false},"excerpt":{"rendered":"<p>A Munkaterv megtekinthet\u0151 erre a linkre kattintva:&nbsp;MUNKATERV Az SZMSZ megtekinthet\u0151 erre a linkre kattintva:&nbsp;SZMSZ A H\u00e1zirend megtekinthet\u0151 erre a linkre kattintva:&nbsp;H\u00c1ZIREND A Pedag\u00f3giai program megtekinthet\u0151&#8230;<\/p>\n","protected":false},"author":2,"featured_media":0,"parent":0,"menu_order":0,"comment_status":"closed","ping_status":"closed","template":"","meta":[],"_links":{"self":[{"href":"http:\/\/jaszoktatas.hu\/jasztelek\/wp-json\/wp\/v2\/pages\/19"}],"collection":[{"href":"http:\/\/jaszoktatas.hu\/jasztelek\/wp-json\/wp\/v2\/pages"}],"about":[{"href":"http:\/\/jaszoktatas.hu\/jasztelek\/wp-json\/wp\/v2\/types\/page"}],"author":[{"embeddable":true,"href":"http:\/\/jaszoktatas.hu\/jasztelek\/wp-json\/wp\/v2\/users\/2"}],"replies":[{"embeddable":true,"href":"http:\/\/jaszoktatas.hu\/jasztelek\/wp-json\/wp\/v2\/comments?post=19"}],"version-history":[{"count":23,"href":"http:\/\/jaszoktatas.hu\/jasztelek\/wp-json\/wp\/v2\/pages\/19\/revisions"}],"predecessor-version":[{"id":1116,"href":"http:\/\/jaszoktatas.hu\/jasztelek\/wp-json\/wp\/v2\/pages\/19\/revisions\/1116"}],"wp:attachment":[{"href":"http:\/\/jaszoktatas.hu\/jasztelek\/wp-json\/wp\/v2\/media?parent=19"}],"curies":[{"name":"wp","href":"https:\/\/api.w.org\/{rel}","templated":true}]}}