{"id":119,"date":"2016-06-27T10:56:43","date_gmt":"2016-06-27T10:56:43","guid":{"rendered":"http:\/\/jaszoktatas.hu\/jasztelek\/?page_id=119"},"modified":"2016-06-27T11:13:09","modified_gmt":"2016-06-27T11:13:09","slug":"b-1-0-legalabb-tanevenkent-egy-hagyomannya-teheto-iskolai-esemeny","status":"publish","type":"page","link":"http:\/\/jaszoktatas.hu\/jasztelek\/b-1-0-legalabb-tanevenkent-egy-hagyomannya-teheto-iskolai-esemeny\/","title":{"rendered":"B.1.0. Legal\u00e1bb tan\u00e9venk\u00e9nt egy hagyom\u00e1nny\u00e1 tehet\u0151 iskolai esem\u00e9ny"},"content":{"rendered":"<p>Mes\u00e9s tan\u00e9vz\u00e1r\u00f3 2016. 06.16<\/p>\n<div id='gallery-1' class='gallery galleryid-119 gallery-columns-3 gallery-size-thumbnail'><figure class='gallery-item'>\n\t\t\t<div class='gallery-icon landscape'>\n\t\t\t\t<a href='http:\/\/jaszoktatas.hu\/jasztelek\/b-1-0-legalabb-tanevenkent-egy-hagyomannya-teheto-iskolai-esemeny\/dscf3165\/'><img width=\"150\" height=\"150\" src=\"http:\/\/jaszoktatas.hu\/jasztelek\/wp-content\/uploads\/2016\/06\/DSCF3165-150x150.jpg\" class=\"attachment-thumbnail size-thumbnail\" alt=\"\" decoding=\"async\" loading=\"lazy\" \/><\/a>\n\t\t\t<\/div><\/figure>\n\t\t<\/div>\n\n","protected":false},"excerpt":{"rendered":"<p>Mes\u00e9s tan\u00e9vz\u00e1r\u00f3 2016. 06.16<\/p>\n","protected":false},"author":1,"featured_media":0,"parent":0,"menu_order":0,"comment_status":"closed","ping_status":"closed","template":"","meta":[],"_links":{"self":[{"href":"http:\/\/jaszoktatas.hu\/jasztelek\/wp-json\/wp\/v2\/pages\/119"}],"collection":[{"href":"http:\/\/jaszoktatas.hu\/jasztelek\/wp-json\/wp\/v2\/pages"}],"about":[{"href":"http:\/\/jaszoktatas.hu\/jasztelek\/wp-json\/wp\/v2\/types\/page"}],"author":[{"embeddable":true,"href":"http:\/\/jaszoktatas.hu\/jasztelek\/wp-json\/wp\/v2\/users\/1"}],"replies":[{"embeddable":true,"href":"http:\/\/jaszoktatas.hu\/jasztelek\/wp-json\/wp\/v2\/comments?post=119"}],"version-history":[{"count":3,"href":"http:\/\/jaszoktatas.hu\/jasztelek\/wp-json\/wp\/v2\/pages\/119\/revisions"}],"predecessor-version":[{"id":137,"href":"http:\/\/jaszoktatas.hu\/jasztelek\/wp-json\/wp\/v2\/pages\/119\/revisions\/137"}],"wp:attachment":[{"href":"http:\/\/jaszoktatas.hu\/jasztelek\/wp-json\/wp\/v2\/media?parent=119"}],"curies":[{"name":"wp","href":"https:\/\/api.w.org\/{rel}","templated":true}]}}