{"id":117,"date":"2016-06-27T10:56:04","date_gmt":"2016-06-27T10:56:04","guid":{"rendered":"http:\/\/jaszoktatas.hu\/jasztelek\/?page_id=117"},"modified":"2016-06-27T11:56:18","modified_gmt":"2016-06-27T11:56:18","slug":"a-3-0-nemzeti-hagyomanyok-helytorteneti-ismeretek","status":"publish","type":"page","link":"http:\/\/jaszoktatas.hu\/jasztelek\/a-3-0-nemzeti-hagyomanyok-helytorteneti-ismeretek\/","title":{"rendered":"A.3.0. Nemzeti hagyom\u00e1nyok, helyt\u00f6rt\u00e9neti ismeretek"},"content":{"rendered":"<p>K\u00e1nai mennyegz\u0151 2016. 01.21<\/p>\n<div id='gallery-1' class='gallery galleryid-117 gallery-columns-3 gallery-size-thumbnail'><figure class='gallery-item'>\n\t\t\t<div class='gallery-icon landscape'>\n\t\t\t\t<a href='http:\/\/jaszoktatas.hu\/jasztelek\/a-3-0-nemzeti-hagyomanyok-helytorteneti-ismeretek\/p1120669\/'><img width=\"150\" height=\"150\" src=\"http:\/\/jaszoktatas.hu\/jasztelek\/wp-content\/uploads\/2016\/06\/P1120669-150x150.jpg\" class=\"attachment-thumbnail size-thumbnail\" alt=\"\" decoding=\"async\" loading=\"lazy\" \/><\/a>\n\t\t\t<\/div><\/figure><figure class='gallery-item'>\n\t\t\t<div class='gallery-icon landscape'>\n\t\t\t\t<a href='http:\/\/jaszoktatas.hu\/jasztelek\/a-3-0-nemzeti-hagyomanyok-helytorteneti-ismeretek\/p1120726\/'><img width=\"150\" height=\"150\" src=\"http:\/\/jaszoktatas.hu\/jasztelek\/wp-content\/uploads\/2016\/06\/P1120726-150x150.jpg\" class=\"attachment-thumbnail size-thumbnail\" alt=\"\" decoding=\"async\" loading=\"lazy\" \/><\/a>\n\t\t\t<\/div><\/figure><figure class='gallery-item'>\n\t\t\t<div class='gallery-icon landscape'>\n\t\t\t\t<a href='http:\/\/jaszoktatas.hu\/jasztelek\/a-3-0-nemzeti-hagyomanyok-helytorteneti-ismeretek\/p1120790\/'><img width=\"150\" height=\"150\" src=\"http:\/\/jaszoktatas.hu\/jasztelek\/wp-content\/uploads\/2016\/06\/P1120790-150x150.jpg\" class=\"attachment-thumbnail size-thumbnail\" alt=\"\" decoding=\"async\" loading=\"lazy\" \/><\/a>\n\t\t\t<\/div><\/figure>\n\t\t<\/div>\n\n<p>Redemptio 2016. 05.06<\/p>\n<p>&nbsp;<\/p>\n<p>Sz\u00fcreti felvonul\u00e1s 2015. 10.09<\/p>\n<div id='gallery-2' class='gallery galleryid-117 gallery-columns-3 gallery-size-thumbnail'><figure class='gallery-item'>\n\t\t\t<div class='gallery-icon landscape'>\n\t\t\t\t<a href='http:\/\/jaszoktatas.hu\/jasztelek\/a-3-0-nemzeti-hagyomanyok-helytorteneti-ismeretek\/cimg0344\/'><img width=\"150\" height=\"150\" src=\"http:\/\/jaszoktatas.hu\/jasztelek\/wp-content\/uploads\/2016\/06\/CIMG0344-150x150.jpg\" class=\"attachment-thumbnail size-thumbnail\" alt=\"\" decoding=\"async\" loading=\"lazy\" \/><\/a>\n\t\t\t<\/div><\/figure><figure class='gallery-item'>\n\t\t\t<div class='gallery-icon landscape'>\n\t\t\t\t<a href='http:\/\/jaszoktatas.hu\/jasztelek\/a-3-0-nemzeti-hagyomanyok-helytorteneti-ismeretek\/cimg0348\/'><img width=\"150\" height=\"150\" src=\"http:\/\/jaszoktatas.hu\/jasztelek\/wp-content\/uploads\/2016\/06\/CIMG0348-150x150.jpg\" class=\"attachment-thumbnail size-thumbnail\" alt=\"\" decoding=\"async\" loading=\"lazy\" \/><\/a>\n\t\t\t<\/div><\/figure><figure class='gallery-item'>\n\t\t\t<div class='gallery-icon landscape'>\n\t\t\t\t<a href='http:\/\/jaszoktatas.hu\/jasztelek\/a-3-0-nemzeti-hagyomanyok-helytorteneti-ismeretek\/cimg0356\/'><img width=\"150\" height=\"150\" src=\"http:\/\/jaszoktatas.hu\/jasztelek\/wp-content\/uploads\/2016\/06\/CIMG0356-150x150.jpg\" class=\"attachment-thumbnail size-thumbnail\" alt=\"\" decoding=\"async\" loading=\"lazy\" \/><\/a>\n\t\t\t<\/div><\/figure>\n\t\t<\/div>\n\n","protected":false},"excerpt":{"rendered":"<p>K\u00e1nai mennyegz\u0151 2016. 01.21 Redemptio 2016. 05.06 &nbsp; Sz\u00fcreti felvonul\u00e1s 2015. 10.09<\/p>\n","protected":false},"author":1,"featured_media":0,"parent":0,"menu_order":0,"comment_status":"closed","ping_status":"closed","template":"","meta":[],"_links":{"self":[{"href":"http:\/\/jaszoktatas.hu\/jasztelek\/wp-json\/wp\/v2\/pages\/117"}],"collection":[{"href":"http:\/\/jaszoktatas.hu\/jasztelek\/wp-json\/wp\/v2\/pages"}],"about":[{"href":"http:\/\/jaszoktatas.hu\/jasztelek\/wp-json\/wp\/v2\/types\/page"}],"author":[{"embeddable":true,"href":"http:\/\/jaszoktatas.hu\/jasztelek\/wp-json\/wp\/v2\/users\/1"}],"replies":[{"embeddable":true,"href":"http:\/\/jaszoktatas.hu\/jasztelek\/wp-json\/wp\/v2\/comments?post=117"}],"version-history":[{"count":4,"href":"http:\/\/jaszoktatas.hu\/jasztelek\/wp-json\/wp\/v2\/pages\/117\/revisions"}],"predecessor-version":[{"id":163,"href":"http:\/\/jaszoktatas.hu\/jasztelek\/wp-json\/wp\/v2\/pages\/117\/revisions\/163"}],"wp:attachment":[{"href":"http:\/\/jaszoktatas.hu\/jasztelek\/wp-json\/wp\/v2\/media?parent=117"}],"curies":[{"name":"wp","href":"https:\/\/api.w.org\/{rel}","templated":true}]}}