{"id":115,"date":"2016-06-27T10:55:02","date_gmt":"2016-06-27T10:55:02","guid":{"rendered":"http:\/\/jaszoktatas.hu\/jasztelek\/?page_id=115"},"modified":"2016-06-27T11:21:30","modified_gmt":"2016-06-27T11:21:30","slug":"a-2-3-idegen-nyelvek-tanitasanak-fejlesztese","status":"publish","type":"page","link":"http:\/\/jaszoktatas.hu\/jasztelek\/a-2-3-idegen-nyelvek-tanitasanak-fejlesztese\/","title":{"rendered":"A.2.3. Idegen nyelvek tan\u00edt\u00e1s\u00e1nak fejleszt\u00e9se (nyelvi vet\u00e9lked\u0151k)"},"content":{"rendered":"<p><strong>N\u00e9met nyelvi vet\u00e9lked\u0151 2016. 02.19<\/strong><\/p>\n<div id='gallery-1' class='gallery galleryid-115 gallery-columns-3 gallery-size-thumbnail'><figure class='gallery-item'>\n\t\t\t<div class='gallery-icon portrait'>\n\t\t\t\t<a href='http:\/\/jaszoktatas.hu\/jasztelek\/a-2-3-idegen-nyelvek-tanitasanak-fejlesztese\/dscf2370\/'><img width=\"150\" height=\"150\" src=\"http:\/\/jaszoktatas.hu\/jasztelek\/wp-content\/uploads\/2016\/06\/DSCF2370-e1467026460993-150x150.jpg\" class=\"attachment-thumbnail size-thumbnail\" alt=\"\" decoding=\"async\" loading=\"lazy\" \/><\/a>\n\t\t\t<\/div><\/figure><figure class='gallery-item'>\n\t\t\t<div class='gallery-icon landscape'>\n\t\t\t\t<a href='http:\/\/jaszoktatas.hu\/jasztelek\/a-2-3-idegen-nyelvek-tanitasanak-fejlesztese\/dscf2379\/'><img width=\"150\" height=\"150\" src=\"http:\/\/jaszoktatas.hu\/jasztelek\/wp-content\/uploads\/2016\/06\/DSCF2379-150x150.jpg\" class=\"attachment-thumbnail size-thumbnail\" alt=\"\" decoding=\"async\" loading=\"lazy\" \/><\/a>\n\t\t\t<\/div><\/figure><figure class='gallery-item'>\n\t\t\t<div class='gallery-icon landscape'>\n\t\t\t\t<a href='http:\/\/jaszoktatas.hu\/jasztelek\/a-2-3-idegen-nyelvek-tanitasanak-fejlesztese\/dscf2374\/'><img width=\"150\" height=\"150\" src=\"http:\/\/jaszoktatas.hu\/jasztelek\/wp-content\/uploads\/2016\/06\/DSCF2374-150x150.jpg\" class=\"attachment-thumbnail size-thumbnail\" alt=\"\" decoding=\"async\" loading=\"lazy\" \/><\/a>\n\t\t\t<\/div><\/figure>\n\t\t<\/div>\n\n","protected":false},"excerpt":{"rendered":"<p>N\u00e9met nyelvi vet\u00e9lked\u0151 2016. 02.19<\/p>\n","protected":false},"author":1,"featured_media":0,"parent":0,"menu_order":0,"comment_status":"closed","ping_status":"closed","template":"","meta":[],"_links":{"self":[{"href":"http:\/\/jaszoktatas.hu\/jasztelek\/wp-json\/wp\/v2\/pages\/115"}],"collection":[{"href":"http:\/\/jaszoktatas.hu\/jasztelek\/wp-json\/wp\/v2\/pages"}],"about":[{"href":"http:\/\/jaszoktatas.hu\/jasztelek\/wp-json\/wp\/v2\/types\/page"}],"author":[{"embeddable":true,"href":"http:\/\/jaszoktatas.hu\/jasztelek\/wp-json\/wp\/v2\/users\/1"}],"replies":[{"embeddable":true,"href":"http:\/\/jaszoktatas.hu\/jasztelek\/wp-json\/wp\/v2\/comments?post=115"}],"version-history":[{"count":3,"href":"http:\/\/jaszoktatas.hu\/jasztelek\/wp-json\/wp\/v2\/pages\/115\/revisions"}],"predecessor-version":[{"id":142,"href":"http:\/\/jaszoktatas.hu\/jasztelek\/wp-json\/wp\/v2\/pages\/115\/revisions\/142"}],"wp:attachment":[{"href":"http:\/\/jaszoktatas.hu\/jasztelek\/wp-json\/wp\/v2\/media?parent=115"}],"curies":[{"name":"wp","href":"https:\/\/api.w.org\/{rel}","templated":true}]}}