{"id":11,"date":"2015-06-11T13:23:38","date_gmt":"2015-06-11T13:23:38","guid":{"rendered":"http:\/\/jaszoktatas.hu\/jasztelek\/?page_id=11"},"modified":"2022-12-05T08:49:48","modified_gmt":"2022-12-05T08:49:48","slug":"iskolankrol","status":"publish","type":"page","link":"http:\/\/jaszoktatas.hu\/jasztelek\/iskolankrol\/","title":{"rendered":"Iskol\u00e1nkr\u00f3l"},"content":{"rendered":"<p>Az iskola telep\u00fcl\u00e9si, \u00e9p\u00edt\u00e9szeti helyzete j\u00f3. K\u00f6zvetlen\u00fcl szemben tal\u00e1lhat\u00f3 egy nagy park, amely kellemes k\u00f6rnyezetet k\u00f6lcs\u00f6n\u00f6z int\u00e9zm\u00e9ny\u00fcnk \u00e9p\u00fclet\u00e9nek. Iskol\u00e1nk \u00e9p\u00fclete 1930-ban \u00e9p\u00fclt, majd 1964-ben b\u0151v\u00edtett\u00e9k \u00e9s \u00e9rte el jelenlegi nagys\u00e1g\u00e1t. 1998-ban ker\u00fclt \u00e1tad\u00e1sra az \u00faj tornaterem, 2004-2005-ben pedig Phare-p\u00e1ly\u00e1zati forr\u00e1sb\u00f3l teljes fel\u00faj\u00edt\u00e1sra ker\u00fclt az emeleti r\u00e9sz, amely 2009. szeptember\u00e9t\u0151l sajnos lez\u00e1r\u00e1sra ker\u00fclt k\u00e9pvisel\u0151 test\u00fcleti hat\u00e1rozat alapj\u00e1n, a tanul\u00f3i l\u00e9tsz\u00e1m cs\u00f6kken\u00e9se miatt. 2018-t\u00f3l ism\u00e9t folyamatosan n\u00f6vekszik a tanul\u00f3i l\u00e9tsz\u00e1m, 2022 szeptember\u00e9t\u0151l el\u00e9rte a 100 f\u0151t \u00e9s v\u00e1rhat\u00f3an tov\u00e1bb fog n\u00f6vekedni. A jelenlegi 1-6. \u00e9vfolyami oktat\u00e1s 1-8. \u00e9vfolyamra b\u0151v\u00fcl, \u00edgy hossz\u00fa id\u0151 ut\u00e1n 2026-ban iskol\u00e1nkban ism\u00e9t lesz ballag\u00e1s.<\/p>\n<p>Tantermeink t\u00e1gasak, vil\u00e1gosak. 2018 \u00f3ta folyamatosan zajlanak a fel\u00faj\u00edt\u00e1si munk\u00e1latok. Megt\u00f6rt\u00e9nt a f\u0171t\u00e9skorszer\u0171s\u00edt\u00e9s, tantermeket \u00faj\u00edtottunk fel \u00e9s b\u00fatoroztunk be, informatika terem ker\u00fclt kialak\u00edt\u00e1sra, \u00faj burkolatot kapott az udvar, b\u0151v\u00fclt a tan\u00e1ri szoba, el\u0151kert \u00e9p\u00fclt sz\u00fcl\u0151i seg\u00edts\u00e9ggel \u00e9s sz\u00e1mtalan kisebb karbantart\u00e1si tev\u00e9kenys\u00e9g t\u00f6rt\u00e9nt. Elmondhat\u00f3, hogy kellemes, bar\u00e1ts\u00e1gos k\u00f6rnyezet \u00e9s l\u00e9gk\u00f6r fogadja a tanul\u00f3kat.<\/p>\n<p>Az iskola \u00e9p\u00fclet\u00e9re vonatkoz\u00f3 legfontosabb adatok az al\u00e1bbiak:<\/p>\n<p>Tantermek sz\u00e1ma: 6<\/p>\n<p>Csoportszob\u00e1k sz\u00e1ma: 3<\/p>\n<p>Informatika terem: 1<\/p>\n<p>Oktat\u00e1si c\u00e9lra haszn\u00e1lt helyis\u00e9g \u00f6sszesen: 10<\/p>\n<p>Nevel\u0151i szoba: 1<\/p>\n<p>Nem oktat\u00e1si c\u00e9lra haszn\u00e1lt helyis\u00e9gek sz\u00e1ma: 4<\/p>\n<p>(Emeleti volt nevel\u0151i szoba, igazgat\u00f3i iroda, takar\u00edt\u00f3i helyis\u00e9g, tanker\u00fcleti iratt\u00e1r)<\/p>\n<p>Mosd\u00f3k sz\u00e1ma: 6<\/p>\n<p>\u00d6lt\u00f6z\u0151k sz\u00e1ma: 2<\/p>\n<p>Tornaterem: 1<br \/>\nAz iskola \u00e9p\u00fclet\u00e9nek \u00f6sszes alapter\u00fclet: 1917 m2<br \/>\nAz iskolaudvar ter\u00fclete megk\u00f6zel\u00edt\u0151en: l200 m2<\/p>\n<p>Iskol\u00e1nk igyekszik kihaszn\u00e1lni a kis iskol\u00e1kra jellemz\u0151 el\u0151ny\u00f6ket mind az oktat\u00e1sban, mind a nevel\u00e9sben, mint pl.: k\u00f6zvetlenebb a kapcsolat tan\u00e1r \u00e9s di\u00e1k, tan\u00e1r \u00e9s sz\u00fcl\u0151 k\u00f6z\u00f6tt, &#8222;szem\u00e9lyre szabott&#8221; differenci\u00e1lt feladatok seg\u00edtik a tanul\u00e1st. Csal\u00e1dias l\u00e9gk\u00f6rt igyeksz\u00fcnk teremteni, melyben a tanul\u00f3 nem anonim. Hagyom\u00e1nyaink z\u00f6me is e pedag\u00f3giai alapt\u00e9telre \u00e9p\u00fcl. A tanul\u00f3k r\u00e9sz\u00e9re az \u00f3rai foglalkoz\u00e1sokon t\u00fal angol \u00e9s olasz szakk\u00f6r \u00e1ll rendelkez\u00e9sre, a testnevel\u00e9s \u00f3r\u00e1k keret\u00e9ben pedig labdar\u00fag\u00e1ssal ismerkednek. Emellett v\u00e1ltozatos programokkal, kir\u00e1ndul\u00e1sokkal igyeksz\u00fcnk sz\u00ednesebb\u00e9 tenni az iskolai \u00e9letet.<\/p>\n<p>Iskol\u00e1nkban 9 f\u0151\u00e1ll\u00e1s\u00fa pedag\u00f3gus, 3 \u00f3raad\u00f3, k\u00e9t pedag\u00f3giai asszisztens \u00e9s egy iskolatitk\u00e1r dolgozik. A tagint\u00e9zm\u00e9ny-vezet\u0151i feladatokat a J\u00c1I int\u00e9zm\u00e9nyvezet\u0151-helyettese l\u00e1tja el. 2 technikai dolgoz\u00f3 az iskola tisztas\u00e1g\u00e1\u00e9rt felel.<\/p>\n<p>Az iskola j\u00f3 kapcsolatot \u00e1pol a sz\u00fcl\u0151kkel, a t\u00e1rsadalmi szervezetekkel, \u00e9s a telep\u00fcl\u00e9s egy\u00e9b int\u00e9zm\u00e9nyeivel, hiszen egy kis telep\u00fcl\u00e9sen ez elengedhetetlen felt\u00e9tele a m\u0171k\u00f6d\u00e9snek. Az iskol\u00e1ban sz\u00fcl\u0151i szervezet m\u0171k\u00f6dik.<\/p>\n","protected":false},"excerpt":{"rendered":"<p>Az iskola telep\u00fcl\u00e9si, \u00e9p\u00edt\u00e9szeti helyzete j\u00f3. K\u00f6zvetlen\u00fcl szemben tal\u00e1lhat\u00f3 egy nagy park, amely kellemes k\u00f6rnyezetet k\u00f6lcs\u00f6n\u00f6z int\u00e9zm\u00e9ny\u00fcnk \u00e9p\u00fclet\u00e9nek. Iskol\u00e1nk \u00e9p\u00fclete 1930-ban \u00e9p\u00fclt, majd 1964-ben b\u0151v\u00edtett\u00e9k&#8230;<\/p>\n","protected":false},"author":2,"featured_media":0,"parent":0,"menu_order":1,"comment_status":"closed","ping_status":"closed","template":"page-templates\/full-width.php","meta":[],"_links":{"self":[{"href":"http:\/\/jaszoktatas.hu\/jasztelek\/wp-json\/wp\/v2\/pages\/11"}],"collection":[{"href":"http:\/\/jaszoktatas.hu\/jasztelek\/wp-json\/wp\/v2\/pages"}],"about":[{"href":"http:\/\/jaszoktatas.hu\/jasztelek\/wp-json\/wp\/v2\/types\/page"}],"author":[{"embeddable":true,"href":"http:\/\/jaszoktatas.hu\/jasztelek\/wp-json\/wp\/v2\/users\/2"}],"replies":[{"embeddable":true,"href":"http:\/\/jaszoktatas.hu\/jasztelek\/wp-json\/wp\/v2\/comments?post=11"}],"version-history":[{"count":4,"href":"http:\/\/jaszoktatas.hu\/jasztelek\/wp-json\/wp\/v2\/pages\/11\/revisions"}],"predecessor-version":[{"id":697,"href":"http:\/\/jaszoktatas.hu\/jasztelek\/wp-json\/wp\/v2\/pages\/11\/revisions\/697"}],"wp:attachment":[{"href":"http:\/\/jaszoktatas.hu\/jasztelek\/wp-json\/wp\/v2\/media?parent=11"}],"curies":[{"name":"wp","href":"https:\/\/api.w.org\/{rel}","templated":true}]}}