{"id":66,"date":"2015-09-18T08:42:41","date_gmt":"2015-09-18T08:42:41","guid":{"rendered":"http:\/\/jaszoktatas.hu\/jaszjakohalma\/?page_id=66"},"modified":"2025-10-03T10:26:49","modified_gmt":"2025-10-03T10:26:49","slug":"dokumentumok","status":"publish","type":"page","link":"http:\/\/jaszoktatas.hu\/jaszjakohalma\/?page_id=66","title":{"rendered":"Dokumentumok"},"content":{"rendered":"\n<p>A Digit\u00e1lis Gyermekv\u00e9delmi Strat\u00e9giai t\u00e1j\u00e9koztat\u00f3 let\u00f6lthet\u0151 ill. megtekinthet\u0151 a k\u00f6vetkez\u0151 sorban:<\/p>\n\n\n\n<p><a href=\"http:\/\/hirek.nkp.hu\/letoltes\/36569_2017_KOZNEVTART_melleklet_Gyvt\" target=\"_blank\" rel=\"noreferrer noopener\">LET\u00d6LTHET\u0150<\/a>&nbsp; &nbsp; &nbsp; &nbsp; &nbsp; &nbsp; &nbsp; &nbsp; &nbsp; &nbsp; &nbsp; &nbsp; &nbsp; &nbsp; &nbsp; &nbsp; &nbsp; &nbsp; &nbsp; &nbsp; &nbsp; &nbsp; &nbsp; &nbsp;&nbsp;<a href=\"http:\/\/hirek.nkp.hu\/cikk\/a-magyar-gyermekvedelmi-rendszer-mukodese-az-online-kornyezetben-torteno-gyermekveszelyeztetes-tukreben\" target=\"_blank\" rel=\"noreferrer noopener\">MEGTEKINTHET\u0150<\/a><\/p>\n\n\n\n<p>Az SZMSZ megtekinthet\u0151 erre a linkre kattintva:&nbsp; &nbsp; &nbsp; &nbsp;&nbsp;<a href=\"https:\/\/drive.google.com\/file\/d\/1Iw-yG2BMiLfvhQQYhvphVuvFTjmZDh6K\/view?usp=drive_link\" target=\"_blank\" rel=\"noreferrer noopener\">SZMSZ 2023<\/a><\/p>\n\n\n\n<p>A H\u00e1zirend megtekinthet\u0151 erre a linkre kattintva:&nbsp; &nbsp; &nbsp;&nbsp;<a rel=\"noreferrer noopener\" href=\"https:\/\/drive.google.com\/file\/d\/1zn8NWDOH4fyWfe-jB3G8KqKIeeGdvfjF\/view?usp=drive_link\" target=\"_blank\">H\u00c1ZIREND 2024.<\/a><\/p>\n\n\n\n<p>A Pedag\u00f3giai program megtekinthet\u0151 erre a linkre kattintva:&nbsp; &nbsp; &nbsp;<a href=\"https:\/\/drive.google.com\/file\/d\/1ZPA8J8AB-xHkiRlcYrooo2BAjt57S4rT\/view?usp=drive_link\" target=\"_blank\" rel=\"noreferrer noopener\">PEDAG\u00d3GIAI PROGRAM 2024.<\/a><\/p>\n\n\n\n<p><a href=\"https:\/\/drive.google.com\/file\/d\/1ygPhCWYj-oU5p5n58n06ZVdaZ3Iwu0m4\/view?usp=drive_link\" data-type=\"URL\" data-id=\"https:\/\/drive.google.com\/file\/d\/1ygPhCWYj-oU5p5n58n06ZVdaZ3Iwu0m4\/view?usp=drive_link\" target=\"_blank\" rel=\"noreferrer noopener\">\u00c9ves Munkaterv 2024\/25.<\/a>                                                               <a rel=\"noreferrer noopener\" href=\"https:\/\/drive.google.com\/file\/d\/1L9BVsZassv-BfkR359ieTlf6hdCG3Y1O\/view?usp=drive_link\" target=\"_blank\">Es\u00e9lyteremt\u00e9si munkaterv 2024\/25.<\/a><\/p>\n\n\n\n<p>A Szakmai alapdokumentum megtekinthet\u0151 erre a linkre kattintva:  <a href=\"https:\/\/drive.google.com\/file\/d\/1Zr2yoFc7qxjXKFieUEnMKNOjcsu8rfcr\/view?usp=drive_link\" target=\"_blank\" rel=\"noreferrer noopener\">Szakmai alapdokumentum Apponyi<\/a><\/p>\n\n\n\n<p><\/p>\n","protected":false},"excerpt":{"rendered":"<p>A Digit\u00e1lis Gyermekv\u00e9delmi Strat\u00e9giai t\u00e1j\u00e9koztat\u00f3 let\u00f6lthet\u0151 ill. megtekinthet\u0151 a k\u00f6vetkez\u0151 sorban: LET\u00d6LTHET\u0150&nbsp; &nbsp; &nbsp; &nbsp; &nbsp; &nbsp; &nbsp; &nbsp; &nbsp; &nbsp; &nbsp; &nbsp; &nbsp; &nbsp;&#8230;<\/p>\n","protected":false},"author":1,"featured_media":0,"parent":0,"menu_order":3,"comment_status":"closed","ping_status":"closed","template":"","meta":[],"_links":{"self":[{"href":"http:\/\/jaszoktatas.hu\/jaszjakohalma\/index.php?rest_route=\/wp\/v2\/pages\/66"}],"collection":[{"href":"http:\/\/jaszoktatas.hu\/jaszjakohalma\/index.php?rest_route=\/wp\/v2\/pages"}],"about":[{"href":"http:\/\/jaszoktatas.hu\/jaszjakohalma\/index.php?rest_route=\/wp\/v2\/types\/page"}],"author":[{"embeddable":true,"href":"http:\/\/jaszoktatas.hu\/jaszjakohalma\/index.php?rest_route=\/wp\/v2\/users\/1"}],"replies":[{"embeddable":true,"href":"http:\/\/jaszoktatas.hu\/jaszjakohalma\/index.php?rest_route=%2Fwp%2Fv2%2Fcomments&post=66"}],"version-history":[{"count":41,"href":"http:\/\/jaszoktatas.hu\/jaszjakohalma\/index.php?rest_route=\/wp\/v2\/pages\/66\/revisions"}],"predecessor-version":[{"id":1227,"href":"http:\/\/jaszoktatas.hu\/jaszjakohalma\/index.php?rest_route=\/wp\/v2\/pages\/66\/revisions\/1227"}],"wp:attachment":[{"href":"http:\/\/jaszoktatas.hu\/jaszjakohalma\/index.php?rest_route=%2Fwp%2Fv2%2Fmedia&parent=66"}],"curies":[{"name":"wp","href":"https:\/\/api.w.org\/{rel}","templated":true}]}}