{"id":595,"date":"2017-12-06T07:21:21","date_gmt":"2017-12-06T07:21:21","guid":{"rendered":"http:\/\/jaszoktatas.hu\/jaszjakohalma\/?page_id=595"},"modified":"2017-12-06T07:44:26","modified_gmt":"2017-12-06T07:44:26","slug":"onismereti-foglalkozas","status":"publish","type":"page","link":"http:\/\/jaszoktatas.hu\/jaszjakohalma\/?page_id=595","title":{"rendered":"\u00d6nismereti foglalkoz\u00e1s"},"content":{"rendered":"<p>A tanod\u00e1nk programjai k\u00f6z\u00f6tt az elm\u00falt hetekben az \u00f6nismerettel kapcsolatos \u00f3r\u00e1ink is voltak. Amikor a tan\u00e1r n\u00e9ni elmondta, hogy mivel fogunk foglalkozni, nem eg\u00e9szen tudtuk, mir\u0151l is van sz\u00f3.<\/p>\n<p>Azt\u00e1n a foglalkoz\u00e1sokon besz\u00e9lget\u00e9s form\u00e1j\u00e1ban olyan t\u00e9m\u00e1kr\u00f3l besz\u00e9lgett\u00fcnk, mint milyen vagyok \u00e9n, milyennek tartom magam, milyennek l\u00e1tnak m\u00e1s emberek, mi\u00e9rt teszem ezt vagy azt?<\/p>\n<p>Arr\u00f3l is volt sz\u00f3, hogy az\u00e9rt kell ismernem a j\u00f3 \u00e9s a rossz tulajdons\u00e1gaimat, hogy j\u00f3kat er\u0151s\u00edtsem, a rosszakon jav\u00edtani tudjak. Ehhez azonban a saj\u00e1t akaratom a legfontosabb.<\/p>\n<p>Sz\u00f3 volt arr\u00f3l is, hogy magunkr\u00f3l pr\u00f3b\u00e1ljuk min\u00e9l jobb \u00e9nk\u00e9pet kialak\u00edtani. De m\u00e1s gyerekekkel, feln\u0151ttekkel szemben is elfogad\u00f3nak, nyitottnak kell lenn\u00fcnk. Pr\u00f3b\u00e1ljuk \u00e1t\u00e9rezni az \u0151 helyzet\u00fcket is.<\/p>\n<p>Kit\u00e9rt\u00fcnk arra is, hogy a testi eg\u00e9szs\u00e9g mellett fontos a lelki eg\u00e9szs\u00e9g\u00fcnk is. A mai kor stresszeit hasznos kikapcsol\u00f3d\u00e1ssal enyh\u00edthetj\u00fck. P\u00e9ld\u00e1ul kir\u00e1ndul\u00e1s, sportol\u00e1s, b\u00e1rmilyen hasznos hobbi.<\/p>\n<p>Valamennyi foglalkoz\u00e1son a besz\u00e9lget\u00e9s mellett olyan j\u00e1t\u00e9kokat j\u00e1tszottunk, amelyekben az \u00f6tletess\u00e9g\u00fcnket, a kreativit\u00e1sunkat is adhattuk. Ezek a j\u00e1t\u00e9kok a megbesz\u00e9lt t\u00e9m\u00e1hoz csatlakoztak.<\/p>\n<p>A foglalkoz\u00e1sok nagyon tetszettek, j\u00f3l \u00e9rezhett\u00fck magunkat.<\/p>\n","protected":false},"excerpt":{"rendered":"<p>A tanod\u00e1nk programjai k\u00f6z\u00f6tt az elm\u00falt hetekben az \u00f6nismerettel kapcsolatos \u00f3r\u00e1ink is voltak. Amikor a tan\u00e1r n\u00e9ni elmondta, hogy mivel fogunk foglalkozni, nem eg\u00e9szen tudtuk,&#8230;<\/p>\n","protected":false},"author":1,"featured_media":0,"parent":0,"menu_order":0,"comment_status":"closed","ping_status":"closed","template":"","meta":[],"_links":{"self":[{"href":"http:\/\/jaszoktatas.hu\/jaszjakohalma\/index.php?rest_route=\/wp\/v2\/pages\/595"}],"collection":[{"href":"http:\/\/jaszoktatas.hu\/jaszjakohalma\/index.php?rest_route=\/wp\/v2\/pages"}],"about":[{"href":"http:\/\/jaszoktatas.hu\/jaszjakohalma\/index.php?rest_route=\/wp\/v2\/types\/page"}],"author":[{"embeddable":true,"href":"http:\/\/jaszoktatas.hu\/jaszjakohalma\/index.php?rest_route=\/wp\/v2\/users\/1"}],"replies":[{"embeddable":true,"href":"http:\/\/jaszoktatas.hu\/jaszjakohalma\/index.php?rest_route=%2Fwp%2Fv2%2Fcomments&post=595"}],"version-history":[{"count":2,"href":"http:\/\/jaszoktatas.hu\/jaszjakohalma\/index.php?rest_route=\/wp\/v2\/pages\/595\/revisions"}],"predecessor-version":[{"id":609,"href":"http:\/\/jaszoktatas.hu\/jaszjakohalma\/index.php?rest_route=\/wp\/v2\/pages\/595\/revisions\/609"}],"wp:attachment":[{"href":"http:\/\/jaszoktatas.hu\/jaszjakohalma\/index.php?rest_route=%2Fwp%2Fv2%2Fmedia&parent=595"}],"curies":[{"name":"wp","href":"https:\/\/api.w.org\/{rel}","templated":true}]}}