{"id":592,"date":"2017-12-06T07:20:42","date_gmt":"2017-12-06T07:20:42","guid":{"rendered":"http:\/\/jaszoktatas.hu\/jaszjakohalma\/?page_id=592"},"modified":"2017-12-06T07:43:41","modified_gmt":"2017-12-06T07:43:41","slug":"jaszkiseri-csaladi-nap","status":"publish","type":"page","link":"http:\/\/jaszoktatas.hu\/jaszjakohalma\/?page_id=592","title":{"rendered":"J\u00e1szkis\u00e9ri csal\u00e1di nap"},"content":{"rendered":"<p>Egy sz\u00e9p bor\u00fas reggelen elindultunk a K\u00f6zs\u00e9gh\u00e1z\u00e1hoz, mert onnan indultunk el J\u00e1szkis\u00e9rre.<\/p>\n<p>8 \u00f3rakor meg is \u00e9rkezett a busz. F\u00e9l 9 \u2013re oda is \u00e9rt\u00fcnk. Lepakoltunk a 203-as tanterembe, ahol v\u00e1rtak minket szendviccsel-\u00fcd\u00edt\u0151vel, majd 10 \u00f3rakor indultunk az aul\u00e1ba a k\u00f6z\u00f6s megnyit\u00f3ra.<\/p>\n<p>Az aul\u00e1ban volt egy k\u00edgy\u00f3, amit meg is etettek eg\u00e9rrel. Nagyon \u00e9rdekes volt ezt l\u00e1tni.\u00a0 A megnyit\u00f3 ut\u00e1n k\u00fcl\u00f6nb\u00f6z\u0151 \u00e1llom\u00e1sokon ment\u00fcnk v\u00e9gig. Az 1. \u00e1llom\u00e1sunk a csapat\u00e9p\u00edt\u0151 j\u00e1t\u00e9kok voltak. Ott j\u00e1tszottunk Sz\u00e9kfoglal\u00f3t zen\u00e9re, kacsint\u00f3s j\u00e1t\u00e9kot is. A 2. \u00e1llom\u00e1sunka j\u00e1tsz\u00f3h\u00e1z volt, amiben k\u00e9zm\u0171veskedt\u00fcnk csuh\u00e9 bab\u00e1t csin\u00e1ltunk \u00f6rd\u00f6g lakatot oldottunk, a pap\u00edrfon\u00e1st is ki lehetett pr\u00f3b\u00e1lni. A 3. \u00e1llom\u00e1s a k\u00f3kuszgoly\u00f3 k\u00e9sz\u00edt\u00e9s volt 2 csapatra oszlottunk, \u00e9s elk\u00e9sz\u00edtett\u00fck a finom \u00e9dess\u00e9get, a zs\u0171ri \u00e9rt\u00e9kel\u00e9se alapj\u00e1n pedig mind a kett\u0151 csapat kapott jutalmat. Nagyon finomra siker\u00fclt mindk\u00e9t \u201es\u00fctem\u00e9ny\u201d. A 4. \u00e1llom\u00e1s a t\u00e1nch\u00e1z volt.\u00a0 Ott h\u00e1rom t\u00e1ncot tanultunk: a kezes, moldvai, a t\u0171z l\u00e1ngja. J\u00f3l megtanultuk mindh\u00e1rmat, \u00e9s nagyon j\u00f3t t\u00e1ncoltunk. Az 5. \u00e1llom\u00e1s az uszoda volt, ahol v\u00edzi j\u00e1t\u00e9kokat j\u00e1tszottunk: siklottunk, kos\u00e1rra dobtunk, \u00faszk\u00e1ltunk. Ezut\u00e1n gyorsan fel\u00f6lt\u00f6zt\u00fcnk, megsz\u00e1r\u00edtottuk a hajunkat, \u00e9s a\u00a0 6. \u00e1llom\u00e1s a k\u00e9zm\u0171ves foglalkoz\u00e1s volt, ahol tobozs\u00fcnit, c\u00e9rnalib\u00e1t k\u00e9sz\u00edthett\u00fcnk; volt 2 pap\u00edr tank \u00e9s 2 pap\u00edr rep\u00fcl\u0151 is teremben.\u00a0 Ut\u00e1na felment\u00fcnk az aul\u00e1ba az \u00fcnnep\u00e9lyes z\u00e1r\u00e1sra.<\/p>\n<p>Azt\u00e1n felvett\u00fck a holminkat, \u00e9s lement\u00fcnk a buszhoz. A j\u00e1szap\u00e1ti tanod\u00e1sokkal utaztunk hazafel\u00e9 a buszon . 3 \u00f3r\u00e1ra vissza is \u00e9rt\u00fcnk J\u00e1szj\u00e1k\u00f3halm\u00e1ra, \u00e9s mindenki ment haza. Nagyon j\u00f3l \u00e9rezt\u00fck magunkat, f\u0151leg az uszodai program tetszett nagyon.<\/p>\n","protected":false},"excerpt":{"rendered":"<p>Egy sz\u00e9p bor\u00fas reggelen elindultunk a K\u00f6zs\u00e9gh\u00e1z\u00e1hoz, mert onnan indultunk el J\u00e1szkis\u00e9rre. 8 \u00f3rakor meg is \u00e9rkezett a busz. F\u00e9l 9 \u2013re oda is \u00e9rt\u00fcnk&#8230;.<\/p>\n","protected":false},"author":1,"featured_media":0,"parent":0,"menu_order":0,"comment_status":"closed","ping_status":"closed","template":"","meta":[],"_links":{"self":[{"href":"http:\/\/jaszoktatas.hu\/jaszjakohalma\/index.php?rest_route=\/wp\/v2\/pages\/592"}],"collection":[{"href":"http:\/\/jaszoktatas.hu\/jaszjakohalma\/index.php?rest_route=\/wp\/v2\/pages"}],"about":[{"href":"http:\/\/jaszoktatas.hu\/jaszjakohalma\/index.php?rest_route=\/wp\/v2\/types\/page"}],"author":[{"embeddable":true,"href":"http:\/\/jaszoktatas.hu\/jaszjakohalma\/index.php?rest_route=\/wp\/v2\/users\/1"}],"replies":[{"embeddable":true,"href":"http:\/\/jaszoktatas.hu\/jaszjakohalma\/index.php?rest_route=%2Fwp%2Fv2%2Fcomments&post=592"}],"version-history":[{"count":2,"href":"http:\/\/jaszoktatas.hu\/jaszjakohalma\/index.php?rest_route=\/wp\/v2\/pages\/592\/revisions"}],"predecessor-version":[{"id":608,"href":"http:\/\/jaszoktatas.hu\/jaszjakohalma\/index.php?rest_route=\/wp\/v2\/pages\/592\/revisions\/608"}],"wp:attachment":[{"href":"http:\/\/jaszoktatas.hu\/jaszjakohalma\/index.php?rest_route=%2Fwp%2Fv2%2Fmedia&parent=592"}],"curies":[{"name":"wp","href":"https:\/\/api.w.org\/{rel}","templated":true}]}}