{"id":586,"date":"2017-12-06T07:19:47","date_gmt":"2017-12-06T07:19:47","guid":{"rendered":"http:\/\/jaszoktatas.hu\/jaszjakohalma\/?page_id=586"},"modified":"2017-12-06T07:29:59","modified_gmt":"2017-12-06T07:29:59","slug":"csaladi-sportnap","status":"publish","type":"page","link":"http:\/\/jaszoktatas.hu\/jaszjakohalma\/?page_id=586","title":{"rendered":"Csal\u00e1di sportnap"},"content":{"rendered":"<p>2017.09.29-\u00e9n 10:00-\u00f3rakor kezd\u0151d\u00f6tt a sportnap. Nagyon v\u00e1rtuk milyen feladatok v\u00e1rbak r\u00e1nk.<\/p>\n<p>11:00-\u00f3rakor indult, minden oszt\u00e1ly 1-szer k\u00f6rbefutni a 2000 m\u00e9teres t\u00e1vot, a g\u00e1ton. Miut\u00e1n minden oszt\u00e1ly lefutotta a 2000 m\u00e9tert, mindenki elvonult a saj\u00e1t oszt\u00e1ly\u00e1ba, \u00e1t\u00f6lt\u00f6ztek \u00e9s megkapt\u00e1k az eb\u00e9det. Miut\u00e1n megeb\u00e9deltek, minden oszt\u00e1ly lement az udvarra, ahol k\u00fcl\u00f6nf\u00e9le \u00e1llom\u00e1sokon \u00fcgyess\u00e9gi k\u00e9pess\u00e9g\u00fcket. A di\u00e1k sportnap \u00e1llom\u00e1sai:<\/p>\n<ol>\n<li>\u00e1llom\u00e1s: kos\u00e1rra dob\u00e1s, ahol mindenkinek 5 lehet\u0151s\u00e9ge volt.<\/li>\n<li>\u00e1llom\u00e1s: ker\u00e9kp\u00e1ros lass\u00fas\u00e1gi verseny, ahol mindenki kipr\u00f3b\u00e1lhatta azt, hogy milyen lassan tud szlalomozni a ker\u00e9kp\u00e1rj\u00e1val.<\/li>\n<li>\u00e1llom\u00e1s: c\u00e9lba dob\u00e1s, ahol mindenki ki pr\u00f3b\u00e1lhatta pontos c\u00e9lz\u00e1s\u00e1t.<\/li>\n<li>\u00e1llom\u00e1s: kapura r\u00fag\u00e1s, ahol mindenkinek 5 lehet\u0151s\u00e9ge volt betal\u00e1lni a kapuba.<\/li>\n<li>\u00e1llom\u00e1s: rajzverseny, ahol mindenki tesztelhette rajzol\u00e1si \u00fcgyess\u00e9g\u00e9t.<\/li>\n<\/ol>\n<p>Miut\u00e1n minden oszt\u00e1ly kipr\u00f3b\u00e1lt minden \u00e1llom\u00e1st, elvonultak termeikbe, \u00e9s ott v\u00e1rt\u00e1k az eredm\u00e9nyhirdet\u00e9st. 15:10-perckor kezd\u0151d\u00f6tt az eredm\u00e9nyhirdet\u00e9s, ahol k\u00fcl\u00f6nf\u00e9le jutalmakat kaptak a helyezettek, de a t\u00f6bbi tanul\u00f3 sem maradt ki a jutalmaz\u00e1sb\u00f3l, ez\u00e9rt minden kapott egy-egy zacsk\u00f3 cukrot. Rem\u00e9lem, hogy lesz m\u00e9g egy ilyen \u00e9lvezetes nap!<\/p>\n","protected":false},"excerpt":{"rendered":"<p>2017.09.29-\u00e9n 10:00-\u00f3rakor kezd\u0151d\u00f6tt a sportnap. Nagyon v\u00e1rtuk milyen feladatok v\u00e1rbak r\u00e1nk. 11:00-\u00f3rakor indult, minden oszt\u00e1ly 1-szer k\u00f6rbefutni a 2000 m\u00e9teres t\u00e1vot, a g\u00e1ton. Miut\u00e1n minden&#8230;<\/p>\n","protected":false},"author":1,"featured_media":0,"parent":0,"menu_order":0,"comment_status":"closed","ping_status":"closed","template":"","meta":[],"_links":{"self":[{"href":"http:\/\/jaszoktatas.hu\/jaszjakohalma\/index.php?rest_route=\/wp\/v2\/pages\/586"}],"collection":[{"href":"http:\/\/jaszoktatas.hu\/jaszjakohalma\/index.php?rest_route=\/wp\/v2\/pages"}],"about":[{"href":"http:\/\/jaszoktatas.hu\/jaszjakohalma\/index.php?rest_route=\/wp\/v2\/types\/page"}],"author":[{"embeddable":true,"href":"http:\/\/jaszoktatas.hu\/jaszjakohalma\/index.php?rest_route=\/wp\/v2\/users\/1"}],"replies":[{"embeddable":true,"href":"http:\/\/jaszoktatas.hu\/jaszjakohalma\/index.php?rest_route=%2Fwp%2Fv2%2Fcomments&post=586"}],"version-history":[{"count":2,"href":"http:\/\/jaszoktatas.hu\/jaszjakohalma\/index.php?rest_route=\/wp\/v2\/pages\/586\/revisions"}],"predecessor-version":[{"id":606,"href":"http:\/\/jaszoktatas.hu\/jaszjakohalma\/index.php?rest_route=\/wp\/v2\/pages\/586\/revisions\/606"}],"wp:attachment":[{"href":"http:\/\/jaszoktatas.hu\/jaszjakohalma\/index.php?rest_route=%2Fwp%2Fv2%2Fmedia&parent=586"}],"curies":[{"name":"wp","href":"https:\/\/api.w.org\/{rel}","templated":true}]}}