{"id":577,"date":"2017-12-06T07:17:32","date_gmt":"2017-12-06T07:17:32","guid":{"rendered":"http:\/\/jaszoktatas.hu\/jaszjakohalma\/?page_id=577"},"modified":"2017-12-06T07:26:59","modified_gmt":"2017-12-06T07:26:59","slug":"mezokovesdi-kirandulas","status":"publish","type":"page","link":"http:\/\/jaszoktatas.hu\/jaszjakohalma\/?page_id=577","title":{"rendered":"Mez\u0151k\u00f6vesdi kir\u00e1ndul\u00e1s"},"content":{"rendered":"<p>Egy sz\u00e9p ny\u00e1ri napon elindultunk kir\u00e1ndulni Mez\u0151k\u00f6vesdre a Tanoda program keret\u00e9ben. A buszon a tan\u00e1r n\u00e9nik ismertett\u00e9k a napi programot.<\/p>\n<p>El\u0151sz\u00f6r a Fazekas-h\u00e1zba ment\u00fcnk, ahol egy b\u00e1csi megmutatta nek\u00fcnk, hogyan k\u00e9sz\u00fclnek az agyag ed\u00e9nyek. Megn\u00e9zt\u00fck a ki\u00e1ll\u00edt\u00e1st az elk\u00e9sz\u00fclt t\u00e1rgyakb\u00f3l \u00e9s v\u00e1s\u00e1rolhattunk is.<\/p>\n<p>A k\u00f6vetkez\u0151 \u00e1llom\u00e1s a B\u00fatorfest\u0151-h\u00e1z volt. Az idegenvezet\u0151 n\u00e9ni r\u00e9szletesen elmes\u00e9lte a b\u00fatorfest\u00e9s keletkez\u00e9s\u00e9t, a festett b\u00fatorok k\u00e9sz\u00edt\u00e9s\u00e9nek m\u00f3dszereit. Megn\u00e9zt\u00fck a ki\u00e1ll\u00edtott b\u00fatorokat, \u00e9s itt is v\u00e1s\u00e1rolhattunk a k\u00e9zm\u0171ves t\u00e1rgyakb\u00f3l. A hagyom\u00e1ny\u0151rz\u0151 m\u00fazeumok k\u00f6z\u00fcl ezen a napon a J\u00e1t\u00e9k-h\u00e1z volt az utols\u00f3 ahov\u00e1 ell\u00e1togattunk. Egy kedves b\u00e1csi megmutatta nek\u00fcnk a korabeli j\u00e1t\u00e9kokat, hangszereket, \u00e9s tov\u00e1bb indultunk a j\u00e1tsz\u00f3t\u00e9rre. Ott nagyon j\u00f3t j\u00e1tszottunk.<\/p>\n<p>Gyorsan eltelt a nap, vid\u00e1man, sok \u00faj \u00e9lm\u00e9nnyel gazdagodva \u00e9rt\u00fcnk haza d\u00e9lut\u00e1n.<\/p>\n","protected":false},"excerpt":{"rendered":"<p>Egy sz\u00e9p ny\u00e1ri napon elindultunk kir\u00e1ndulni Mez\u0151k\u00f6vesdre a Tanoda program keret\u00e9ben. A buszon a tan\u00e1r n\u00e9nik ismertett\u00e9k a napi programot. El\u0151sz\u00f6r a Fazekas-h\u00e1zba ment\u00fcnk, ahol&#8230;<\/p>\n","protected":false},"author":1,"featured_media":0,"parent":0,"menu_order":0,"comment_status":"closed","ping_status":"closed","template":"","meta":[],"_links":{"self":[{"href":"http:\/\/jaszoktatas.hu\/jaszjakohalma\/index.php?rest_route=\/wp\/v2\/pages\/577"}],"collection":[{"href":"http:\/\/jaszoktatas.hu\/jaszjakohalma\/index.php?rest_route=\/wp\/v2\/pages"}],"about":[{"href":"http:\/\/jaszoktatas.hu\/jaszjakohalma\/index.php?rest_route=\/wp\/v2\/types\/page"}],"author":[{"embeddable":true,"href":"http:\/\/jaszoktatas.hu\/jaszjakohalma\/index.php?rest_route=\/wp\/v2\/users\/1"}],"replies":[{"embeddable":true,"href":"http:\/\/jaszoktatas.hu\/jaszjakohalma\/index.php?rest_route=%2Fwp%2Fv2%2Fcomments&post=577"}],"version-history":[{"count":2,"href":"http:\/\/jaszoktatas.hu\/jaszjakohalma\/index.php?rest_route=\/wp\/v2\/pages\/577\/revisions"}],"predecessor-version":[{"id":603,"href":"http:\/\/jaszoktatas.hu\/jaszjakohalma\/index.php?rest_route=\/wp\/v2\/pages\/577\/revisions\/603"}],"wp:attachment":[{"href":"http:\/\/jaszoktatas.hu\/jaszjakohalma\/index.php?rest_route=%2Fwp%2Fv2%2Fmedia&parent=577"}],"curies":[{"name":"wp","href":"https:\/\/api.w.org\/{rel}","templated":true}]}}