{"id":1208,"date":"2025-09-19T07:33:18","date_gmt":"2025-09-19T07:33:18","guid":{"rendered":"https:\/\/jaszoktatas.hu\/jaszjakohalma\/?page_id=1208"},"modified":"2026-02-17T12:25:03","modified_gmt":"2026-02-17T12:25:03","slug":"etlap","status":"publish","type":"page","link":"http:\/\/jaszoktatas.hu\/jaszjakohalma\/?page_id=1208","title":{"rendered":"\u00c9tlap"},"content":{"rendered":"\n<p><a href=\"https:\/\/drive.google.com\/drive\/folders\/1KnDLUeMLoUMhd7-uGg6SR5Tm83Ixy5Pc?usp=drive_link\" data-type=\"URL\" data-id=\"https:\/\/drive.google.com\/drive\/folders\/1KnDLUeMLoUMhd7-uGg6SR5Tm83Ixy5Pc?usp=drive_link\" target=\"_blank\" rel=\"noreferrer noopener\"><span class=\"has-inline-color has-black-color\">9. Heti men\u00fc<\/span><\/a><\/p>\n\n\n\n<p><a href=\"https:\/\/drive.google.com\/drive\/folders\/1TekJcavSC_cbtPKUqPrJf7ySbbse8tiY?usp=drive_link\" target=\"_blank\" rel=\"noreferrer noopener\"><span class=\"has-inline-color has-black-color\">9. Heti di\u00e9t\u00e1s men\u00fc<\/span><\/a><\/p>\n\n\n\n<p><a rel=\"noreferrer noopener\" href=\"https:\/\/drive.google.com\/drive\/folders\/18x85014Yfht5TdtfBY7m88qa6lHWpOAq?usp=drive_link\" data-type=\"URL\" data-id=\"https:\/\/drive.google.com\/drive\/folders\/18x85014Yfht5TdtfBY7m88qa6lHWpOAq?usp=drive_link\" target=\"_blank\"><span class=\"has-inline-color has-black-color\">8. Heti men\u00fc<\/span><\/a><\/p>\n\n\n\n<p><a href=\"https:\/\/drive.google.com\/drive\/folders\/1kcE2kibJbPOVJ07udUothCVUi5ckSmTv?usp=drive_link\" data-type=\"URL\" data-id=\"https:\/\/drive.google.com\/drive\/folders\/1kcE2kibJbPOVJ07udUothCVUi5ckSmTv?usp=drive_link\" target=\"_blank\" rel=\"noreferrer noopener\"><span class=\"has-inline-color has-black-color\">8. Heti di\u00e9t\u00e1s men\u00fc<\/span><\/a><\/p>\n\n\n\n<p><a rel=\"noreferrer noopener\" href=\"https:\/\/drive.google.com\/drive\/folders\/1sJCAvOLXlC64D7cWvrLf7CPMtQizAJxu?usp=drive_link\" data-type=\"URL\" data-id=\"https:\/\/drive.google.com\/drive\/folders\/1sJCAvOLXlC64D7cWvrLf7CPMtQizAJxu?usp=drive_link\" target=\"_blank\"><span class=\"has-inline-color has-black-color\">7. Heti men\u00fc<\/span><\/a><\/p>\n\n\n\n<p><a rel=\"noreferrer noopener\" href=\"https:\/\/drive.google.com\/drive\/folders\/1fo-S75QJnr8nSrRw9BMkFOf6FOfNQUB9?usp=drive_link\" data-type=\"URL\" data-id=\"https:\/\/drive.google.com\/drive\/folders\/1fo-S75QJnr8nSrRw9BMkFOf6FOfNQUB9?usp=drive_link\" target=\"_blank\"><span class=\"has-inline-color has-black-color\">7. Heti di\u00e9t\u00e1s men\u00fc<\/span><\/a><\/p>\n\n\n\n<p><a href=\"https:\/\/drive.google.com\/drive\/folders\/1XTtFy_TfIuhfqMiEI31_F1rmSmicRFJu?usp=drive_link\" data-type=\"URL\" data-id=\"https:\/\/drive.google.com\/drive\/folders\/1XTtFy_TfIuhfqMiEI31_F1rmSmicRFJu?usp=drive_link\" target=\"_blank\" rel=\"noreferrer noopener\"><span class=\"has-inline-color has-black-color\">6. Heti men\u00fc<\/span><\/a><\/p>\n\n\n\n<p><a rel=\"noreferrer noopener\" href=\"https:\/\/drive.google.com\/drive\/folders\/1jYvJ82_VEG4Yyo-FXSYUNDYK8D_xn0_8?usp=drive_link\" data-type=\"URL\" data-id=\"https:\/\/drive.google.com\/drive\/folders\/1jYvJ82_VEG4Yyo-FXSYUNDYK8D_xn0_8?usp=drive_link\" target=\"_blank\"><span class=\"has-inline-color has-black-color\">6. Heti di\u00e9t\u00e1s men\u00fc<\/span><\/a><\/p>\n\n\n\n<p><a rel=\"noreferrer noopener\" href=\"https:\/\/drive.google.com\/drive\/folders\/1x4nVscKqrW44F5nKbHg6KMdwe_uu2zKc?usp=drive_link\" data-type=\"URL\" data-id=\"https:\/\/drive.google.com\/drive\/folders\/1x4nVscKqrW44F5nKbHg6KMdwe_uu2zKc?usp=drive_link\" target=\"_blank\"><span class=\"has-inline-color has-black-color\">5. Heti men\u00fc<\/span><\/a><\/p>\n\n\n\n<p><a href=\"https:\/\/drive.google.com\/drive\/folders\/1vIuC53wuwWHGH8YQsxP_uctgLbyStjhe?usp=drive_link\" target=\"_blank\" rel=\"noreferrer noopener\"><span class=\"has-inline-color has-black-color\">4. Heti men\u00fc<\/span><\/a><\/p>\n\n\n\n<p><a href=\"https:\/\/drive.google.com\/drive\/folders\/1gqJg75R9L2-B8_m3X1UJ2dX9VRfBiGwi?usp=drive_link\" target=\"_blank\" rel=\"noreferrer noopener\"><span class=\"has-inline-color has-black-color\">3. Heti di\u00e9t\u00e1s men\u00fc<\/span><\/a><\/p>\n\n\n\n<p><a href=\"https:\/\/drive.google.com\/drive\/folders\/1OJz-cWyjvmqoSCdWWPislfRBh9iO0pc-?usp=drive_link\" target=\"_blank\" rel=\"noreferrer noopener\"><span class=\"has-inline-color has-black-color\">3. Heti men\u00fc<\/span><\/a><\/p>\n\n\n\n<p><a rel=\"noreferrer noopener\" href=\"https:\/\/drive.google.com\/drive\/folders\/1zDKJEoa0WdalHhMqHaLElFLFS0hod58Z?usp=drive_link\" target=\"_blank\"><span class=\"has-inline-color has-black-color\">2. Heti di\u00e9t\u00e1s men\u00fc<\/span><\/a><\/p>\n\n\n\n<p><a href=\"https:\/\/drive.google.com\/drive\/folders\/1P9OHOjqHIglVzUxulgnBI6PYwYh-yX_N?usp=drive_link\" target=\"_blank\" rel=\"noreferrer noopener\"><span class=\"has-inline-color has-black-color\">51.Heti di\u00e9t\u00e1s men\u00fc<\/span><\/a><\/p>\n\n\n\n<p><a href=\"https:\/\/drive.google.com\/drive\/folders\/1Ego4Mfxd8FDsSEUgspdzBK-_cEv6WQn7?usp=drive_link\" target=\"_blank\" rel=\"noreferrer noopener\"><span class=\"has-inline-color has-black-color\">51.Heti men\u00fc<\/span><\/a><\/p>\n\n\n\n<p><a href=\"https:\/\/drive.google.com\/drive\/folders\/1lOm_hmx5xXA4emNpbridhbZAIFUPjIOa?usp=drive_link\" target=\"_blank\" rel=\"noreferrer noopener\"><span class=\"has-inline-color has-black-color\">50.Heti men\u00fc<\/span><\/a><\/p>\n\n\n\n<p><a href=\"https:\/\/drive.google.com\/drive\/folders\/1jQpVNWZ-5LsYo43LP3d5n3K4SSfQsXcZ?usp=sharing\" data-type=\"URL\" data-id=\"https:\/\/drive.google.com\/drive\/folders\/1jQpVNWZ-5LsYo43LP3d5n3K4SSfQsXcZ?usp=sharing\" target=\"_blank\" rel=\"noreferrer noopener\"><span class=\"has-inline-color has-black-color\">49.Heti men\u00fc<\/span><\/a><\/p>\n\n\n\n<p><a href=\"https:\/\/drive.google.com\/drive\/folders\/1et8FgG4oQFQjYKZqG-b66JWx23WDUjD5?usp=sharing\" data-type=\"URL\" data-id=\"https:\/\/drive.google.com\/drive\/folders\/1et8FgG4oQFQjYKZqG-b66JWx23WDUjD5?usp=sharing\" target=\"_blank\" rel=\"noreferrer noopener\"><span class=\"has-inline-color has-black-color\">48 Heti di\u00e9t\u00e1s men\u00fc<\/span><\/a><\/p>\n\n\n\n<p><a href=\"https:\/\/drive.google.com\/drive\/folders\/1MWkHUvEsktPsxH6FyUuWQnwpFvIj5PGI?usp=drive_link\" data-type=\"URL\" data-id=\"https:\/\/drive.google.com\/drive\/folders\/1MWkHUvEsktPsxH6FyUuWQnwpFvIj5PGI?usp=drive_link\" target=\"_blank\" rel=\"noreferrer noopener\"><span class=\"has-inline-color has-black-color\">48. Heti men\u00fc<\/span><\/a><\/p>\n\n\n\n<p><a href=\"https:\/\/drive.google.com\/drive\/folders\/1ywzfeOctdxgAsKwQE4mmi3uQcTg0w3ew?usp=drive_link\" data-type=\"URL\" data-id=\"https:\/\/drive.google.com\/drive\/folders\/1ywzfeOctdxgAsKwQE4mmi3uQcTg0w3ew?usp=drive_link\" target=\"_blank\" rel=\"noreferrer noopener\"><span class=\"has-inline-color has-black-color\">47. Heti di\u00e9t\u00e1s men\u00fc<\/span><\/a><\/p>\n\n\n\n<p><a href=\"https:\/\/drive.google.com\/drive\/folders\/1ubCmHWT9-1WtDizz7UrgzYylTXA0PDgX?usp=drive_link\" data-type=\"URL\" data-id=\"https:\/\/drive.google.com\/drive\/folders\/1ubCmHWT9-1WtDizz7UrgzYylTXA0PDgX?usp=drive_link\" target=\"_blank\" rel=\"noreferrer noopener\"><span class=\"has-inline-color has-black-color\">47. Heti men\u00fc<\/span><\/a><\/p>\n\n\n\n<p><a rel=\"noreferrer noopener\" href=\"https:\/\/drive.google.com\/drive\/folders\/14gaXxzCuYba_9ajKu3qVM2rTipytpUpn?usp=drive_link\" data-type=\"URL\" data-id=\"https:\/\/drive.google.com\/drive\/folders\/14gaXxzCuYba_9ajKu3qVM2rTipytpUpn?usp=drive_link\" target=\"_blank\"><span class=\"has-inline-color has-black-color\">46.Heti di\u00e9t\u00e1s men\u00fc<\/span><\/a><\/p>\n\n\n\n<p><a href=\"https:\/\/drive.google.com\/drive\/folders\/1jXgXZu70YP0jFXRC7brxBpJb1M5Af28G?usp=drive_link\" data-type=\"URL\" data-id=\"https:\/\/drive.google.com\/drive\/folders\/1jXgXZu70YP0jFXRC7brxBpJb1M5Af28G?usp=drive_link\" target=\"_blank\" rel=\"noreferrer noopener\"><span class=\"has-inline-color has-black-color\">45.Heti men\u00fc<\/span><\/a><\/p>\n\n\n\n<p><a rel=\"noreferrer noopener\" href=\"https:\/\/drive.google.com\/drive\/folders\/16v55CXYNMvQDImtZccgH8pSYMqS_5E_V?usp=drive_link\" data-type=\"URL\" data-id=\"https:\/\/drive.google.com\/drive\/folders\/16v55CXYNMvQDImtZccgH8pSYMqS_5E_V?usp=drive_link\" target=\"_blank\"><span class=\"has-inline-color has-black-color\">45.Heti di\u00e9t\u00e1s men\u00fc<\/span><\/a><\/p>\n\n\n\n<p><a href=\"https:\/\/drive.google.com\/drive\/folders\/1FfGmUv8oMvGYyeNhMd3a-QLX75liv4ce?usp=drive_link\" data-type=\"URL\" data-id=\"https:\/\/drive.google.com\/drive\/folders\/1FfGmUv8oMvGYyeNhMd3a-QLX75liv4ce?usp=drive_link\" target=\"_blank\" rel=\"noreferrer noopener\"><span class=\"has-inline-color has-black-color\">43.Heti men\u00fc<\/span><\/a><\/p>\n\n\n\n<p><a rel=\"noreferrer noopener\" href=\"https:\/\/drive.google.com\/drive\/folders\/1BP1daeLl_gAwmhdfAGXldsZiLGWRjY32?usp=drive_link\" data-type=\"URL\" data-id=\"https:\/\/drive.google.com\/drive\/folders\/1BP1daeLl_gAwmhdfAGXldsZiLGWRjY32?usp=drive_link\" target=\"_blank\"><span class=\"has-inline-color has-black-color\">43.Heti di\u00e9t\u00e1s men\u00fc<\/span><\/a><\/p>\n\n\n\n<p><a href=\"https:\/\/drive.google.com\/drive\/folders\/1m78sRhtPP9oLOvffpySEJBe5b9UlGQTk?usp=drive_link\" data-type=\"URL\" data-id=\"https:\/\/drive.google.com\/drive\/folders\/1m78sRhtPP9oLOvffpySEJBe5b9UlGQTk?usp=drive_link\" target=\"_blank\" rel=\"noreferrer noopener\"><span class=\"has-inline-color has-black-color\">42.Heti men\u00fc<\/span><\/a><\/p>\n\n\n\n<p><a href=\"https:\/\/drive.google.com\/drive\/folders\/1p1wM7DpTeTKFgIeWicWNh91kFtoXUW9S?usp=drive_link\" data-type=\"URL\" data-id=\"https:\/\/drive.google.com\/drive\/folders\/1p1wM7DpTeTKFgIeWicWNh91kFtoXUW9S?usp=drive_link\" target=\"_blank\" rel=\"noreferrer noopener\"><span class=\"has-inline-color has-black-color\">42.Heti di\u00e9t\u00e1s men\u00fc<\/span><\/a><\/p>\n\n\n\n<p><a rel=\"noreferrer noopener\" href=\"https:\/\/drive.google.com\/drive\/folders\/16NwovlA-c_E3OsncO64ojd7--57OsuVo?usp=drive_link\" data-type=\"URL\" data-id=\"https:\/\/drive.google.com\/drive\/folders\/16NwovlA-c_E3OsncO64ojd7--57OsuVo?usp=drive_link\" target=\"_blank\"><span class=\"has-inline-color has-black-color\">41.Heti di\u00e9t\u00e1s men\u00fc<\/span><\/a><\/p>\n\n\n\n<p><a href=\"https:\/\/drive.google.com\/drive\/folders\/14tHRuEBW8S2CZ6wdwseJ-U7mX-rDaYg-?usp=drive_link\" data-type=\"URL\" data-id=\"https:\/\/drive.google.com\/drive\/folders\/14tHRuEBW8S2CZ6wdwseJ-U7mX-rDaYg-?usp=drive_link\" target=\"_blank\" rel=\"noreferrer noopener\"><span class=\"has-inline-color has-black-color\">41.Heti men\u00fc<\/span><\/a><\/p>\n\n\n\n<p><a href=\"https:\/\/drive.google.com\/drive\/folders\/1C-doI6KV2BXPYzWDots3heap8UfMAGig?usp=drive_link\" data-type=\"URL\" data-id=\"https:\/\/drive.google.com\/drive\/folders\/1C-doI6KV2BXPYzWDots3heap8UfMAGig?usp=drive_link\" target=\"_blank\" rel=\"noreferrer noopener\"><span class=\"has-inline-color has-black-color\">40. Heti di\u00e9t\u00e1s men\u00fc<\/span><\/a><\/p>\n\n\n\n<p><a href=\"https:\/\/drive.google.com\/drive\/folders\/1YLGdFOyDW6O4121ZrBAIpYYNGatX-l4I?usp=drive_link\" data-type=\"URL\" data-id=\"https:\/\/drive.google.com\/drive\/folders\/1YLGdFOyDW6O4121ZrBAIpYYNGatX-l4I?usp=drive_link\" target=\"_blank\" rel=\"noreferrer noopener\"><span class=\"has-inline-color has-black-color\">40. Heti men\u00fc<\/span><\/a><\/p>\n\n\n\n<p><a href=\"https:\/\/drive.google.com\/drive\/folders\/1mhw4LiZYnZcwBlu-zLZT2Ws5JtZRANRc?usp=drive_link\" target=\"_blank\" rel=\"noreferrer noopener\"><span class=\"has-inline-color has-black-color\">39. Heti men\u00fc<\/span><\/a><\/p>\n\n\n\n<p><a rel=\"noreferrer noopener\" href=\"https:\/\/drive.google.com\/drive\/folders\/1TvsOahQLyUwE1DWZ7p6Dw2cv7xydvJWM?usp=drive_link\" data-type=\"URL\" data-id=\"https:\/\/drive.google.com\/drive\/folders\/1TvsOahQLyUwE1DWZ7p6Dw2cv7xydvJWM?usp=drive_link\" target=\"_blank\"><span class=\"has-inline-color has-black-color\">38. Heti men\u00fc<\/span><\/a><\/p>\n\n\n\n<p><a href=\"https:\/\/drive.google.com\/drive\/folders\/19671NV1cFWdhdTLrdVG5sHgc_EikmjQ0?usp=drive_link\" target=\"_blank\" rel=\"noreferrer noopener\"><span class=\"has-inline-color has-black-color\">37. Heti men\u00fc<\/span><\/a><\/p>\n\n\n\n<p><a href=\"https:\/\/drive.google.com\/drive\/folders\/1ZDhA4CvCHnygvRnpWwXbaWl5ogXBDaE3?usp=drive_link\" target=\"_blank\" rel=\"noreferrer noopener\"><span class=\"has-inline-color has-black-color\">36. Heti men\u00fc<\/span><\/a><\/p>\n","protected":false},"excerpt":{"rendered":"<p>9. Heti men\u00fc 9. Heti di\u00e9t\u00e1s men\u00fc 8. Heti men\u00fc 8. Heti di\u00e9t\u00e1s men\u00fc 7. Heti men\u00fc 7. Heti di\u00e9t\u00e1s men\u00fc 6. Heti men\u00fc 6&#8230;.<\/p>\n","protected":false},"author":7,"featured_media":0,"parent":0,"menu_order":0,"comment_status":"closed","ping_status":"closed","template":"","meta":[],"_links":{"self":[{"href":"http:\/\/jaszoktatas.hu\/jaszjakohalma\/index.php?rest_route=\/wp\/v2\/pages\/1208"}],"collection":[{"href":"http:\/\/jaszoktatas.hu\/jaszjakohalma\/index.php?rest_route=\/wp\/v2\/pages"}],"about":[{"href":"http:\/\/jaszoktatas.hu\/jaszjakohalma\/index.php?rest_route=\/wp\/v2\/types\/page"}],"author":[{"embeddable":true,"href":"http:\/\/jaszoktatas.hu\/jaszjakohalma\/index.php?rest_route=\/wp\/v2\/users\/7"}],"replies":[{"embeddable":true,"href":"http:\/\/jaszoktatas.hu\/jaszjakohalma\/index.php?rest_route=%2Fwp%2Fv2%2Fcomments&post=1208"}],"version-history":[{"count":28,"href":"http:\/\/jaszoktatas.hu\/jaszjakohalma\/index.php?rest_route=\/wp\/v2\/pages\/1208\/revisions"}],"predecessor-version":[{"id":1263,"href":"http:\/\/jaszoktatas.hu\/jaszjakohalma\/index.php?rest_route=\/wp\/v2\/pages\/1208\/revisions\/1263"}],"wp:attachment":[{"href":"http:\/\/jaszoktatas.hu\/jaszjakohalma\/index.php?rest_route=%2Fwp%2Fv2%2Fmedia&parent=1208"}],"curies":[{"name":"wp","href":"https:\/\/api.w.org\/{rel}","templated":true}]}}