{"id":78,"date":"2015-10-08T06:14:52","date_gmt":"2015-10-08T06:14:52","guid":{"rendered":"http:\/\/jaszoktatas.hu\/jaszdozsa\/?page_id=78"},"modified":"2015-11-13T07:40:46","modified_gmt":"2015-11-13T07:40:46","slug":"hirek-aktualitasok","status":"publish","type":"page","link":"http:\/\/jaszoktatas.hu\/jaszdozsa\/hirek-aktualitasok\/","title":{"rendered":"H\u00edrek, Aktualit\u00e1sok"},"content":{"rendered":"<p><a href=\"http:\/\/jaszoktatas.hu\/jaszdozsa\/wp-content\/uploads\/2015\/11\/DSCF1895.jpg\"><img decoding=\"async\" loading=\"lazy\" class=\"size-medium wp-image-160 aligncenter\" src=\"http:\/\/jaszoktatas.hu\/jaszdozsa\/wp-content\/uploads\/2015\/11\/DSCF1895-300x225.jpg\" alt=\"DSCF1895\" width=\"300\" height=\"225\" srcset=\"http:\/\/jaszoktatas.hu\/jaszdozsa\/wp-content\/uploads\/2015\/11\/DSCF1895-300x225.jpg 300w, http:\/\/jaszoktatas.hu\/jaszdozsa\/wp-content\/uploads\/2015\/11\/DSCF1895-1024x768.jpg 1024w, http:\/\/jaszoktatas.hu\/jaszdozsa\/wp-content\/uploads\/2015\/11\/DSCF1895-624x468.jpg 624w\" sizes=\"(max-width: 300px) 100vw, 300px\" \/><\/a><!--more--><\/p>\n<p>GYERMEKEK A MEZ\u0150GAZDAS\u00c1GBAN<\/p>\n<p>mintaprojekt<\/p>\n<p>A p\u00e1ly\u00e1zat keret\u00e9ben az \u00c9szak-Alf\u00f6ldi r\u00e9gi\u00f3, valamint az \u00c9szak-Magyarorsz\u00e1gi r\u00e9gi\u00f3 17 h\u00e1tr\u00e1nyos helyzet\u0171 telep\u00fcl\u00e9s\u00e9nek nevel\u00e9si\u2013oktat\u00e1si int\u00e9zm\u00e9nyeiben tanul\u00f3 di\u00e1kok, \u00e9s oktat\u00f3ik fejleszt\u00e9se val\u00f3sul meg, amelyhez a Boz\u00f3ky J\u00e1nos \u00c1ltal\u00e1nos Iskola is csatlakozott 2015. m\u00e1jus\u00e1ban. A p\u00e1ly\u00e1zat november v\u00e9g\u00e9n z\u00e1rul.<\/p>\n<p>A fejleszt\u0151 tev\u00e9kenys\u00e9g sor\u00e1n az iskola 10 tanul\u00f3ja sz\u00e1m\u00e1ra szerveznek folyamatos, mez\u0151gazdas\u00e1ghoz k\u00f6t\u0151d\u0151 tan\u00f3r\u00e1n k\u00edv\u00fcli k\u00e9pz\u00e9st, gyakorlati, m\u00f3dszertanon alapul\u00f3 oktat\u00e1st, \u00e9s 2 pedag\u00f3gus vesz r\u00e9szt benne.<!--more--><\/p>\n<p>A p\u00e1ly\u00e1zat c\u00e9lja a mintaprojekt v\u00e9grehajt\u00e1sa, szeml\u00e9leti v\u00e1ltoz\u00e1sok induk\u00e1l\u00e1sa, az eg\u00e9szs\u00e9ges \u00e9letm\u00f3d megismertet\u00e9se, a gyerekek motiv\u00e1lts\u00e1g\u00e1nak, egy\u00fcttm\u0171k\u00f6d\u00e9s\u00e9nek jav\u00edt\u00e1sa, hosszabb t\u00e1von az \u00e9rt\u00e9kek csal\u00e1di k\u00f6rben val\u00f3 elterjed\u00e9se, a mez\u0151gazdas\u00e1gi ter\u00fcletek fel\u00e9rt\u00e9kel\u0151d\u00e9se a p\u00e1lyav\u00e1laszt\u00e1s tekintet\u00e9ben.<\/p>\n<p>A szakmai tev\u00e9kenys\u00e9g sor\u00e1n t\u00e1bort, csal\u00e1di napokat, kerekasztal besz\u00e9lget\u00e9seket, workshopokat, f\u00f3rumokat rendeznek, online tud\u00e1sb\u00e1zist hoznak l\u00e9tre, melyekre \u00e9p\u00fcl az ismeretanyag elm\u00e9letben \u00e9s gyakorlatban val\u00f3 elsaj\u00e1t\u00edt\u00e1sa.<\/p>\n<p>A p\u00e1ly\u00e1zat megval\u00f3s\u00edt\u00e1s\u00e1nak kezdet\u00e9n 3 napos \u00d6kot\u00e1borban vehett\u00fcnk r\u00e9szt Mosonmagyar\u00f3v\u00e1r mellett Dunaszigeten szeptember 10-12-ig. Itt bepillant\u00e1st nyerhett\u00fcnk a Szigetk\u00f6z \u00e1llat- \u00e9s n\u00f6v\u00e9nyvil\u00e1g\u00e1ba, \u00e9s egy tan\u00f6sv\u00e9nyen kelt\u00fcnk \u00fatra.<\/p>\n<p>&nbsp;<\/p>\n<p><a href=\"http:\/\/jaszoktatas.hu\/jaszdozsa\/wp-content\/uploads\/2015\/11\/6c41e607-a7b7-41bd-9892-899e38e422d4.jpg\"><img decoding=\"async\" loading=\"lazy\" class=\"size-medium wp-image-158 aligncenter\" src=\"http:\/\/jaszoktatas.hu\/jaszdozsa\/wp-content\/uploads\/2015\/11\/6c41e607-a7b7-41bd-9892-899e38e422d4-300x225.jpg\" alt=\"6c41e607-a7b7-41bd-9892-899e38e422d4\" width=\"300\" height=\"225\" srcset=\"http:\/\/jaszoktatas.hu\/jaszdozsa\/wp-content\/uploads\/2015\/11\/6c41e607-a7b7-41bd-9892-899e38e422d4-300x225.jpg 300w, http:\/\/jaszoktatas.hu\/jaszdozsa\/wp-content\/uploads\/2015\/11\/6c41e607-a7b7-41bd-9892-899e38e422d4-624x468.jpg 624w, http:\/\/jaszoktatas.hu\/jaszdozsa\/wp-content\/uploads\/2015\/11\/6c41e607-a7b7-41bd-9892-899e38e422d4.jpg 729w\" sizes=\"(max-width: 300px) 100vw, 300px\" \/><\/a><\/p>\n<p>L\u00e1togat\u00e1st tett\u00fcnk egy bio-\u00e1llatteny\u00e9szt\u0151, gazd\u00e1lkod\u00f3 h\u00e1zasp\u00e1rn\u00e1l, megtekintett\u00fck a k\u00fcl\u00f6nf\u00e9le h\u00e1zi\u00e1llatok teny\u00e9szt\u00e9s\u00e9nek k\u00f6r\u00fclm\u00e9nyeit, a hasznos\u00edt\u00e1sukat, t\u00f6bbek k\u00f6z\u00f6tt bepillantottunk a kecsketej feldolgoz\u00e1si folyamat\u00e1ba, \u00e9s megk\u00f3stoltuk a k\u00fcl\u00f6nf\u00e9le term\u00e9keket. Megismerkedt\u00fcnk egy bio-n\u00f6v\u00e9nytermeszt\u0151 csal\u00e1ddal is, akik megmutatt\u00e1k a birtokukon zajl\u00f3 gazd\u00e1lkod\u00e1s folyamat\u00e1t, \u00e9s hasznos ismeretekkel gyarap\u00edtva n\u00f6v\u00e9nyk\u00f3stol\u00e1sban is r\u00e9szes\u00edtettek. Maradand\u00f3 \u00e9lm\u00e9ny maradt a mosonmagyar\u00f3v\u00e1ri Futura \u00c9lm\u00e9nyk\u00f6zpontban elt\u00f6lt\u00f6tt j\u00e1t\u00e9kos, de ugyanakkor ismeretb\u0151v\u00edt\u0151 l\u00e1togat\u00e1sunk is.<\/p>\n<p>A p\u00e1ly\u00e1zat sor\u00e1n t\u00f6bb kir\u00e1ndul\u00e1st szerveztek, amelyek k\u00f6zel\u00edtett\u00e9k a gyermekeket a term\u00e9szeti \u00e9rt\u00e9kekhez, a mez\u0151gazdas\u00e1ghoz, n\u00f6v\u00e9ny- \u00e9s \u00e1llatteny\u00e9szt\u00e9shez. \u00cdgy eljutottunk az OM\u00c9K-re (Orsz\u00e1gos Mez\u0151gazdas\u00e1gi \u00e9s \u00c9lelmiszeripari Ki\u00e1ll\u00edt\u00e1s) Budapestre, J\u00e1sziv\u00e1nyra, ahol a helyi gazd\u00e1lkod\u00e1ssal, foglalkoztat\u00e1ssal ismerkedt\u00fcnk, \u00e9s a t\u00e1jv\u00e9delmi k\u00f6rzetben vizsg\u00e1ltuk az \u00e1llatvil\u00e1got. L\u00e1togat\u00e1st tett\u00fcnk a j\u00e1szap\u00e1ti k\u00f6z\u00e9piskola tangazdas\u00e1g\u00e1ban, g\u00e9ptelepen j\u00e1rtunk, lovaskocsiztunk, \u00e1llatteny\u00e9szt\u00e9ssel ismerkedt\u00fcnk. Utols\u00f3 kir\u00e1ndul\u00e1sunk Poroszl\u00f3n volt, ahol a Tisza-t\u00f3 \u00e9l\u0151vil\u00e1g\u00e1ba kaptunk betekint\u00e9st, valamint az Aranyosdombi tany\u00e1n r\u00e9szesei lehett\u00fcnk egy helyi, \u00e1llatteny\u00e9szt\u00e9ssel foglalkoz\u00f3 csal\u00e1d gazd\u00e1lkod\u00e1s\u00e1ban foly\u00f3 munk\u00e1latoknak, sok \u00e9rdekess\u00e9get tapasztalva, k\u00f6zvetlen kapcsolatba ker\u00fclve az \u00e1llatokkal.<\/p>\n<p>A p\u00e1ly\u00e1zat r\u00e9sz\u00e9t alkotja m\u00e9g 2 csal\u00e1di nap, amelyb\u0151l eddig egy ker\u00fclt lebonyol\u00edt\u00e1sra. Ezeken a gyerekek csal\u00e1dtagjaikkal egy\u00fctt vesznek r\u00e9szt, ahol a mez\u0151gazdas\u00e1ghoz, term\u00e9szethez kapcsol\u00f3d\u00f3 k\u00f6z\u00f6s tev\u00e9kenys\u00e9gekben, j\u00e1t\u00e9kokban vesznek r\u00e9szt.<\/p>\n<p>A projektben az online tud\u00e1sb\u00e1zis anyaga alapj\u00e1n a pedag\u00f3gusok is t\u00f6bb alkalmas k\u00e9pz\u00e9sen vettek r\u00e9szt, valamint ismeretanyagot tov\u00e1bb\u00edtanak a gyerekek fel\u00e9 tan\u00edt\u00e1si \u00f3r\u00e1n k\u00edv\u00fcli id\u0151ben. A tud\u00e1sanyag elsaj\u00e1t\u00edt\u00e1s\u00e1r\u00f3l k\u00e9rd\u0151\u00edvek, feladatsorok alapj\u00e1n gy\u0151z\u0151dnek meg.<\/p>\n<p>Ezen k\u00edv\u00fcl a gyermekek \u00e9s pedag\u00f3gusok h\u00e1rom tematikus napon vesznek r\u00e9szt, melyeken az ismeretanyag elsaj\u00e1t\u00edt\u00e1s\u00e1r\u00f3l adnak sz\u00e1mot j\u00e1t\u00e9kos feladatokon kereszt\u00fcl.<\/p>\n<p>A p\u00e1ly\u00e1zat f\u00e9lidej\u00e9n\u00e9l tartva m\u00e1r most l\u00e1tsz\u00f3dnak a megtervezett c\u00e9lok el\u00e9r\u00e9s\u00e9ben eredm\u00e9nyek: a t\u00f6bbi iskola tanul\u00f3ival val\u00f3 j\u00f3 kapcsolat \u00e9p\u00edt\u00e9se mellett l\u00e1tszik a gyerekek term\u00e9szethez val\u00f3 viszonyul\u00e1s\u00e1nak pozit\u00edv alakul\u00e1sa, az \u00e1llatbar\u00e1t magatart\u00e1s, az \u00e9rdekl\u0151d\u00e9s felkelt\u0151d\u00e9se, m\u00e9g ilyen ir\u00e1ny\u00fa tov\u00e1bbtanul\u00e1si tervek is fogalmaz\u00f3dtak meg. B\u00edzunk benne, hogy mindegyik tanul\u00f3 sz\u00e1m\u00e1ra valamilyen ter\u00fcleten maradand\u00f3 \u00e9lm\u00e9nyt ny\u00fajt a p\u00e1ly\u00e1zat programjaiban val\u00f3 r\u00e9szv\u00e9tel, seg\u00edts\u00e9g\u00fcl szolg\u00e1l a term\u00e9szet k\u00f6zeli, gazd\u00e1lkod\u00f3 magatart\u00e1s kialakul\u00e1s\u00e1hoz.<\/p>\n<p>H\u00f3dosi Erika \u00e9s Tajti Ilona<\/p>\n<p style=\"text-align: left;\"><a href=\"http:\/\/jaszoktatas.hu\/jaszdozsa\/wp-content\/uploads\/2015\/11\/unio2.jpg\"><img decoding=\"async\" loading=\"lazy\" class=\"alignnone size-full wp-image-151\" src=\"http:\/\/jaszoktatas.hu\/jaszdozsa\/wp-content\/uploads\/2015\/11\/unio2.jpg\" alt=\"unio2\" width=\"117\" height=\"111\" \/><\/a><\/p>\n<p style=\"text-align: left;\"><a href=\"http:\/\/jaszoktatas.hu\/jaszdozsa\/wp-content\/uploads\/2015\/11\/unio1.jpg\"><img decoding=\"async\" loading=\"lazy\" class=\"alignnone size-medium wp-image-150\" src=\"http:\/\/jaszoktatas.hu\/jaszdozsa\/wp-content\/uploads\/2015\/11\/unio1-300x193.jpg\" alt=\"unio1\" width=\"300\" height=\"193\" srcset=\"http:\/\/jaszoktatas.hu\/jaszdozsa\/wp-content\/uploads\/2015\/11\/unio1-300x193.jpg 300w, http:\/\/jaszoktatas.hu\/jaszdozsa\/wp-content\/uploads\/2015\/11\/unio1.jpg 304w\" sizes=\"(max-width: 300px) 100vw, 300px\" \/><\/a><\/p>\n<p>2015.09.10.<br \/>\nJ\u00e1szap\u00e1ti a Mi V\u00e1rosunk Alap\u00edtv\u00e1ny<\/p>\n<p><strong>SAJT\u00d3K\u00d6ZLEM\u00c9NY<br \/>\nGYERMEKEK A MEZ\u0150GAZDAS\u00c1GBAN MINTAPROJEKT<\/strong><\/p>\n<p><strong>\u00a0<\/strong><\/p>\n<p><strong>J\u00e1szap\u00e1ti a Mi V\u00e1rosunk Alap\u00edtv\u00e1ny 222,73 milli\u00f3 forint vissza nem t\u00e9r\u00edtend\u0151 t\u00e1mogat\u00e1sban r\u00e9szes\u00fclt az Eur\u00f3pai Uni\u00f3 T\u00e1rsadalmi Meg\u00fajul\u00e1s Operat\u00edv Program keret\u00e9ben bel\u00fcl a \u201eIskola a term\u00e9szetben\u201d c\u00edm\u0171 p\u00e1ly\u00e1zaton. A projekt keret\u00e9n bel\u00fcl 222,73 milli\u00f3 forint \u00f6sszk\u00f6lts\u00e9gben az \u00c9szak-Alf\u00f6ldi r\u00e9gi\u00f3, valamint az \u00c9szak-Magyarorsz\u00e1gi r\u00e9gi\u00f3 h\u00e1tr\u00e1nyos helyzet\u0171 telep\u00fcl\u00e9seinek nevel\u00e9si-oktat\u00e1si int\u00e9zm\u00e9nyeiben tanul\u00f3 di\u00e1kok, \u00e9s oktat\u00f3ik fejleszt\u00e9se val\u00f3sul meg.<\/strong><\/p>\n<p>A fejleszt\u0151 tev\u00e9kenys\u00e9g sor\u00e1n a tanul\u00f3k (\u00e1ltal\u00e1nos iskola fels\u0151 tagozatos di\u00e1kjai) sz\u00e1m\u00e1ra szervez\u00fcnk folyamatos, mez\u0151gazdas\u00e1ghoz k\u00f6t\u0151d\u0151 tan\u00f3r\u00e1n k\u00edv\u00fcli k\u00e9pz\u00e9st, gyakorlati m\u00f3dszertanon alapul\u00f3 oktat\u00e1st. A szakmai tev\u00e9kenys\u00e9g sor\u00e1n t\u00e1bort, csal\u00e1di napokat, kerekasztal besz\u00e9lget\u00e9seket, workshopokat, f\u00f3rumokat rendez\u00fcnk, online tud\u00e1sb\u00e1zist hozunk l\u00e9tre, az int\u00e9zm\u00e9nyekben \u00e9s p\u00e1ly\u00e1zatban r\u00e9sztvev\u0151k mintakertjeiben tev\u00e9kenyked\u00fcnk. A fejleszt\u00e9shez alkalmazott szakmai h\u00e1tteret egy nemzetk\u00f6zi referenci\u00e1kkal is rendelkez\u0151 program adja, az ALICERA, amely c\u00e9lja, t\u00e1mogatni a vid\u00e9ki t\u00e9rs\u00e9gek kompetenci\u00e1j\u00e1nak \u00e9s identit\u00e1s\u00e1nak meg\u0151rz\u00e9s\u00e9t.<\/p>\n<p><strong>A p\u00e1ly\u00e1zat eredm\u00e9nyek\u00e9nt a fejleszt\u00e9si programban r\u00e9szt vev\u0151k l\u00e1t\u00f3mezej\u00e9be ker\u00fclhetnek a mez\u0151gazdas\u00e1gban rejl\u0151 lehet\u0151s\u00e9gek. A mez\u0151gazdas\u00e1gi tev\u00e9kenys\u00e9gben szerzett ismeretek r\u00e1ir\u00e1ny\u00edthatj\u00e1k a figyelmet a megfelel\u0151 szakma kiv\u00e1laszt\u00e1s\u00e1ra, melyben megjelenik egy re\u00e1lis j\u00f6v\u0151k\u00e9p sz\u00e1mukra.<\/strong><\/p>\n<p><strong>Nagy jelent\u0151s\u00e9ge ennek a programnak, hogy a r\u00e9sztvev\u0151 di\u00e1kok k\u00e9pess\u00e9 v\u00e1lnak \u00f6n\u00e1ll\u00f3 kiskert, vagy h\u00e1zt\u00e1ji gazdas\u00e1g m\u0171k\u00f6dtet\u00e9s\u00e9re, illetve csal\u00e1djaik nagyobb \u00e9rdekl\u0151d\u00e9ssel fordulhatnak a h\u00e1zt\u00e1ji termel\u00e9s, gazd\u00e1lkod\u00e1s ir\u00e1ny\u00e1ba.<\/strong><\/p>\n<p>A projekt kedvezm\u00e9nyezettje a J\u00e1szap\u00e1ti a Mi V\u00e1rosunk Alap\u00edtv\u00e1ny, tov\u00e1bb\u00e1 konzorciumi partnerk\u00e9nt a \u201eV\u00c1RUNK\u201d Alap\u00edtv\u00e1ny \u00e9s az \u00d3v\u00e1ri Gazd\u00e1szok Sz\u00f6vets\u00e9ge Egyes\u00fclet vesz r\u00e9szt a p\u00e1ly\u00e1zat megval\u00f3s\u00edt\u00e1s\u00e1ban \u00e9s lebonyol\u00edt\u00e1s\u00e1ban. A p\u00e1ly\u00e1zat c\u00e9ljai a k\u00f6vetkez\u0151k:<\/p>\n<ul>\n<li>Mintaprojekt v\u00e9grehajt\u00e1sa, mely szakmailag az adapt\u00e1lt ALICERA oktat\u00e1si program anyagaira t\u00e1maszkodik.<\/li>\n<li>A r\u00e9sztvev\u0151 gyermekek adotts\u00e1gaihoz, \u00e9rdekl\u0151d\u00e9s\u00e9hez igazod\u00f3, hossz\u00fa t\u00e1von is haszn\u00e1lhat\u00f3 tananyagot \u00e9s m\u00f3dszertant dolgoz ki \u00e9s alkalmaz,<\/li>\n<li>testk\u00f6zelbe hozza lak\u00f3k\u00f6rnyezet\u00fckben el\u00e9rhet\u0151 term\u00e9szeti \u00e9rt\u00e9keket, felismertetve, fel\u00e9rt\u00e9kelve a szabadban elt\u00f6lt\u00f6tt foglalkoz\u00e1sok sz\u00e9ps\u00e9g\u00e9t, hasznoss\u00e1g\u00e1t, szeml\u00e9letbeli v\u00e1ltoz\u00e1sokat induk\u00e1lva,<\/li>\n<li>megismerteti az eg\u00e9szs\u00e9ges \u00e9letm\u00f3d alternat\u00edv\u00e1j\u00e1t,<\/li>\n<li>a l\u00e9trej\u00f6tt \u00e9rt\u00e9kek csal\u00e1di k\u00f6rben is elterjednek,<\/li>\n<li>a mez\u0151gazdas\u00e1gi ter\u00fclet fel\u00e9rt\u00e9kel\u0151dik p\u00e1lyav\u00e1laszt\u00e1s tekintet\u00e9ben.<\/li>\n<\/ul>\n<p style=\"text-align: center;\"><img decoding=\"async\" loading=\"lazy\" class=\"alignnone size-medium wp-image-131\" src=\"http:\/\/jaszoktatas.hu\/jaszdozsa\/wp-content\/uploads\/2015\/10\/halloween-decoration-in-fall-871287575948RvtW-1-300x200.jpg\" alt=\"halloween-decoration-in-fall-871287575948RvtW (1)\" width=\"300\" height=\"200\" srcset=\"http:\/\/jaszoktatas.hu\/jaszdozsa\/wp-content\/uploads\/2015\/10\/halloween-decoration-in-fall-871287575948RvtW-1-300x200.jpg 300w, http:\/\/jaszoktatas.hu\/jaszdozsa\/wp-content\/uploads\/2015\/10\/halloween-decoration-in-fall-871287575948RvtW-1.jpg 615w\" sizes=\"(max-width: 300px) 100vw, 300px\" \/><\/p>\n<p style=\"text-align: center;\">Kedves Sz\u00fcl\u0151k \u00a0\u00e9s Gyerekek!<\/p>\n<p style=\"text-align: center;\">Az idei tan\u00e9vben ism\u00e9t megrendez\u00e9sre \u00a0ker\u00fcl \u00a0a t\u00f6kl\u00e1mp\u00e1s k\u00e9sz\u00edt\u0151 verseny. B\u00e1rki nevezhet, ak\u00e1r t\u00f6bb alkot\u00e1ssal is. A m\u0171vek bead\u00e1si hat\u00e1rideje: okt\u00f3ber 19. h\u00e9tf\u0151<\/p>\n<p style=\"text-align: center;\">Eredm\u00e9nyhirdet\u00e9s, d\u00edjkioszt\u00e1s: Okt\u00f3ber 21. szerda<\/p>\n<p style=\"text-align: center;\">V\u00e1rjuk a csod\u00e1s alkot\u00e1sokat!<\/p>\n<p style=\"text-align: center;\">D\u00d6K<\/p>\n","protected":false},"excerpt":{"rendered":"","protected":false},"author":2,"featured_media":0,"parent":0,"menu_order":0,"comment_status":"closed","ping_status":"closed","template":"page-templates\/full-width.php","meta":[],"_links":{"self":[{"href":"http:\/\/jaszoktatas.hu\/jaszdozsa\/wp-json\/wp\/v2\/pages\/78"}],"collection":[{"href":"http:\/\/jaszoktatas.hu\/jaszdozsa\/wp-json\/wp\/v2\/pages"}],"about":[{"href":"http:\/\/jaszoktatas.hu\/jaszdozsa\/wp-json\/wp\/v2\/types\/page"}],"author":[{"embeddable":true,"href":"http:\/\/jaszoktatas.hu\/jaszdozsa\/wp-json\/wp\/v2\/users\/2"}],"replies":[{"embeddable":true,"href":"http:\/\/jaszoktatas.hu\/jaszdozsa\/wp-json\/wp\/v2\/comments?post=78"}],"version-history":[{"count":10,"href":"http:\/\/jaszoktatas.hu\/jaszdozsa\/wp-json\/wp\/v2\/pages\/78\/revisions"}],"predecessor-version":[{"id":168,"href":"http:\/\/jaszoktatas.hu\/jaszdozsa\/wp-json\/wp\/v2\/pages\/78\/revisions\/168"}],"wp:attachment":[{"href":"http:\/\/jaszoktatas.hu\/jaszdozsa\/wp-json\/wp\/v2\/media?parent=78"}],"curies":[{"name":"wp","href":"https:\/\/api.w.org\/{rel}","templated":true}]}}