{"id":6551,"date":"2022-01-04T10:00:57","date_gmt":"2022-01-04T10:00:57","guid":{"rendered":"https:\/\/jaszoktatas.hu\/jaszdozsa\/?page_id=6551"},"modified":"2024-05-10T08:32:53","modified_gmt":"2024-05-10T08:32:53","slug":"etlap-2","status":"publish","type":"page","link":"http:\/\/jaszoktatas.hu\/jaszdozsa\/etlap-2\/","title":{"rendered":"\u00c9tlap"},"content":{"rendered":"\n<p><a href=\"https:\/\/www.jaszoktatas.hu\/jaszdozsa\/wp-content\/upgrade\/Etlapalso.jpg\" target=\"_blank\" rel=\"noopener\">Als\u00f3s \u00e9tlap<\/a><\/p>\n<p><a href=\"https:\/\/www.jaszoktatas.hu\/jaszdozsa\/wp-content\/upgrade\/Etlapfelso.jpg\" target=\"_blank\" rel=\"noopener\">Fels\u0151s \u00e9tlap<\/a><\/p>\n<p>\u00a0<\/p>\n","protected":false},"excerpt":{"rendered":"<p>Als\u00f3s \u00e9tlap Fels\u0151s \u00e9tlap \u00a0<\/p>\n","protected":false},"author":5,"featured_media":0,"parent":0,"menu_order":0,"comment_status":"closed","ping_status":"closed","template":"","meta":[],"_links":{"self":[{"href":"http:\/\/jaszoktatas.hu\/jaszdozsa\/wp-json\/wp\/v2\/pages\/6551"}],"collection":[{"href":"http:\/\/jaszoktatas.hu\/jaszdozsa\/wp-json\/wp\/v2\/pages"}],"about":[{"href":"http:\/\/jaszoktatas.hu\/jaszdozsa\/wp-json\/wp\/v2\/types\/page"}],"author":[{"embeddable":true,"href":"http:\/\/jaszoktatas.hu\/jaszdozsa\/wp-json\/wp\/v2\/users\/5"}],"replies":[{"embeddable":true,"href":"http:\/\/jaszoktatas.hu\/jaszdozsa\/wp-json\/wp\/v2\/comments?post=6551"}],"version-history":[{"count":2,"href":"http:\/\/jaszoktatas.hu\/jaszdozsa\/wp-json\/wp\/v2\/pages\/6551\/revisions"}],"predecessor-version":[{"id":6855,"href":"http:\/\/jaszoktatas.hu\/jaszdozsa\/wp-json\/wp\/v2\/pages\/6551\/revisions\/6855"}],"wp:attachment":[{"href":"http:\/\/jaszoktatas.hu\/jaszdozsa\/wp-json\/wp\/v2\/media?parent=6551"}],"curies":[{"name":"wp","href":"https:\/\/api.w.org\/{rel}","templated":true}]}}