{"id":6547,"date":"2022-01-04T09:54:49","date_gmt":"2022-01-04T09:54:49","guid":{"rendered":"https:\/\/jaszoktatas.hu\/jaszdozsa\/?page_id=6547"},"modified":"2022-01-04T09:54:49","modified_gmt":"2022-01-04T09:54:49","slug":"etkezes-lemondasa-vagy-igenylese","status":"publish","type":"page","link":"http:\/\/jaszoktatas.hu\/jaszdozsa\/etkezes-lemondasa-vagy-igenylese\/","title":{"rendered":"\u00c9tkez\u00e9s lemond\u00e1sa vagy ig\u00e9nyl\u00e9se"},"content":{"rendered":"\n<p><a href=\"http:\/\/jaszoktatas.hu\/jaszdozsa\/wp-content\/uploads\/2022\/01\/EtkezesLI.jpg\"><img decoding=\"async\" loading=\"lazy\" class=\"size-full wp-image-6548 aligncenter\" src=\"http:\/\/jaszoktatas.hu\/jaszdozsa\/wp-content\/uploads\/2022\/01\/EtkezesLI.jpg\" alt=\"\" width=\"526\" height=\"526\" \/><\/a><\/p>\n","protected":false},"excerpt":{"rendered":"","protected":false},"author":5,"featured_media":0,"parent":0,"menu_order":0,"comment_status":"closed","ping_status":"closed","template":"","meta":[],"_links":{"self":[{"href":"http:\/\/jaszoktatas.hu\/jaszdozsa\/wp-json\/wp\/v2\/pages\/6547"}],"collection":[{"href":"http:\/\/jaszoktatas.hu\/jaszdozsa\/wp-json\/wp\/v2\/pages"}],"about":[{"href":"http:\/\/jaszoktatas.hu\/jaszdozsa\/wp-json\/wp\/v2\/types\/page"}],"author":[{"embeddable":true,"href":"http:\/\/jaszoktatas.hu\/jaszdozsa\/wp-json\/wp\/v2\/users\/5"}],"replies":[{"embeddable":true,"href":"http:\/\/jaszoktatas.hu\/jaszdozsa\/wp-json\/wp\/v2\/comments?post=6547"}],"version-history":[{"count":0,"href":"http:\/\/jaszoktatas.hu\/jaszdozsa\/wp-json\/wp\/v2\/pages\/6547\/revisions"}],"wp:attachment":[{"href":"http:\/\/jaszoktatas.hu\/jaszdozsa\/wp-json\/wp\/v2\/media?parent=6547"}],"curies":[{"name":"wp","href":"https:\/\/api.w.org\/{rel}","templated":true}]}}