{"id":6,"date":"2015-05-21T10:54:33","date_gmt":"2015-05-21T10:54:33","guid":{"rendered":"http:\/\/jaszoktatas.hu\/jaszdozsa\/?page_id=6"},"modified":"2017-10-19T08:48:01","modified_gmt":"2017-10-19T08:48:01","slug":"iskolankrol","status":"publish","type":"page","link":"http:\/\/jaszoktatas.hu\/jaszdozsa\/iskolankrol\/","title":{"rendered":"Iskol\u00e1nkr\u00f3l"},"content":{"rendered":"<p><a href=\"http:\/\/jaszoktatas.hu\/jaszdozsa\/wp-content\/uploads\/2015\/10\/BJc\u00edmer.jpg\"><img decoding=\"async\" loading=\"lazy\" class=\"size-medium wp-image-84 aligncenter\" src=\"http:\/\/jaszoktatas.hu\/jaszdozsa\/wp-content\/uploads\/2015\/10\/BJc\u00edmer-200x300.jpg\" alt=\"BJc\u00edmer\" width=\"200\" height=\"300\" srcset=\"http:\/\/jaszoktatas.hu\/jaszdozsa\/wp-content\/uploads\/2015\/10\/BJc\u00edmer-200x300.jpg 200w, http:\/\/jaszoktatas.hu\/jaszdozsa\/wp-content\/uploads\/2015\/10\/BJc\u00edmer.jpg 329w\" sizes=\"(max-width: 200px) 100vw, 200px\" \/><\/a><\/p>\n<p><strong>J\u00e1szs\u00e1gi \u00c1ltal\u00e1nos Iskola Boz\u00f3ky J\u00e1nos \u00c1ltal\u00e1nos Iskolai Tagint\u00e9zm\u00e9nye<\/strong><\/p>\n<p>J\u00e1szd\u00f3zs\u00e1n az iskolai oktat\u00e1s els\u0151 \u00edr\u00e1sos eml\u00e9kei \u2014 Zrupk\u00f3 \u00c1goston lelk\u00e9sznek k\u00f6sz\u00f6nhet\u0151en \u2014 az 1700-as \u00e9vekt\u0151l maradtak meg az ut\u00f3kornak. Az oktat\u00e1s t\u00f6rt\u00e9net\u00e9t 2002-ben egy kiadv\u00e1nyban \u00f6r\u00f6k\u00edtett\u00fck meg. Az iskol\u00e1nkban fontos a m\u00faltb\u00f3l mer\u00edtett \u00e9rt\u00e9kek tov\u00e1bbvitele, a m\u00falt megismertet\u00e9se \u00e9s megszerettet\u00e9se a di\u00e1kokkal. Ezt t\u00fckr\u00f6zi a berendezett iskolat\u00f6rt\u00e9neti szoba \u00e9s a ki\u00e1ll\u00edt\u00e1s, valamint az udvaron \u00e1ll\u00f3 kisharang, mely hossz\u00fa ideig egy tanyasi iskol\u00e1ban jelezte a tan\u00edt\u00e1si \u00f3r\u00e1k kezdet\u00e9t, v\u00e9g\u00e9t, \u00e9s h\u00edvta im\u00e1ra a tanyasi embereket. Az udvaron a pedag\u00f3gusok eml\u00e9k\u00e9re kopjaf\u00e1t \u00e1ll\u00edtottunk.<\/p>\n<p>Iskol\u00e1nk 2002-ben vette fel Boz\u00f3ky J\u00e1nos pl\u00e9b\u00e1nos nev\u00e9t, aki nagyon sokat tett a d\u00f3sai oktat\u00e1s\u00e9rt \u00e9s a falu\u00e9rt.<\/p>\n<p>Int\u00e9zm\u00e9ny\u00fcnk jelenlegi \u00e9p\u00fclete 1996-ban \u00e9p\u00fclt. Az \u00e9p\u00fcletben helyet kapott mind a nyolc oszt\u00e1ly. A nyelvi labor, informatikaterem, k\u00f6nyvt\u00e1r, eb\u00e9dl\u0151 rendezett, ig\u00e9nyes; csal\u00e1dias k\u00f6rnyezetet biztos\u00edt a di\u00e1kok tanul\u00e1s\u00e1hoz \u00e9s a szabadid\u0151 elt\u00f6lt\u00e9s\u00e9hez. A nyelvi laborban 16 f\u0151, az informatikateremben 22 di\u00e1k tanulhat. Egy tanteremben tanul\u00f3i laptopok seg\u00edtik a korszer\u0171 oktat\u00f3munk\u00e1t. N\u00e9gy tanteremben interakt\u00edv t\u00e1bla, h\u00e1romban projektor \u00e1ll rendelkez\u00e9s\u00fcnkre.<\/p>\n<p>Nagy gondot ford\u00edtunk a lemarad\u00f3 tanul\u00f3k fejleszt\u00e9s\u00e9re. Az als\u00f3 tagozat legfontosabb feladata az alapk\u00e9szs\u00e9gek megalapoz\u00e1sa. Ezt seg\u00edtik a korrepet\u00e1l\u00e1sok, a PIP k\u00e9pess\u00e9gfejleszt\u0151 program. Ebben a tan\u00e9vben a m\u00e1sodik oszt\u00e1lyban bevezett\u00fck a INPP mozg\u00e1s koordin\u00e1ci\u00f3s program csoportos alkalmaz\u00e1s\u00e1t is.<\/p>\n<p>A r\u00e1szorul\u00f3knak gy\u00f3gypedag\u00f3giai foglalkoz\u00e1sok seg\u00edtenek a h\u00e1tr\u00e1nyok lek\u00fczd\u00e9s\u00e9ben.<\/p>\n<p>Tehets\u00e9ges, \u00e9rdekl\u0151d\u0151 tanul\u00f3ink tanulm\u00e1nyi versenyeken vesznek r\u00e9szt, \u00e9s sz\u00e9p eredm\u00e9nyekkel \u00f6regb\u00edtik iskol\u00e1nk h\u00edrnev\u00e9t. A di\u00e1kok 4. oszt\u00e1lyban k\u00e9t idegen nyelv \u2014 angol \u00e9s n\u00e9met \u2014 k\u00f6z\u00fcl v\u00e1laszthatnak. A nyelvi kompetenci\u00e1k fejleszt\u00e9s\u00e9t az \u00e9rdekl\u0151d\u0151k szakk\u00f6r\u00f6k\u00f6n, nyelvi vet\u00e9lked\u0151k\u00f6n is folytathatj\u00e1k. A 7. \u00e9s 8. oszt\u00e1lyos tanul\u00f3k r\u00e9sz\u00e9re a sikeres tov\u00e1bbtanul\u00e1s \u00e9rdek\u00e9ben m\u00e1r \u00e9vek \u00f3ta felk\u00e9sz\u00edt\u0151 foglalkoz\u00e1st szervez\u00fcnk magyarb\u00f3l \u00e9s matematik\u00e1b\u00f3l. Ezt eg\u00e9sz\u00edtik ki a k\u00fcl\u00f6nb\u00f6z\u0151 p\u00e1lyav\u00e1laszt\u00e1st seg\u00edt\u0151 tev\u00e9kenys\u00e9gek. A szabadid\u0151 hasznos elt\u00f6lt\u00e9s\u00e9t a m\u0171v\u00e9szeti foglalkoz\u00e1s, \u00e9nekkar mellett a j\u00e1szber\u00e9nyi Vigan\u00f3 AMI biztos\u00edtja a n\u00e9pt\u00e1nc oktat\u00e1s\u00e1val. A testnevel\u00e9s\u00f3r\u00e1kon k\u00edv\u00fcl gyermekeink Bozsik programban, \u00fasz\u00e1soktat\u00e1son, sportszakk\u00f6r\u00f6k\u00f6n vehetnek r\u00e9szt. H\u00e1rom napk\u00f6zis csoportban biztos\u00edtjuk a m\u00e1snapi felk\u00e9sz\u00fcl\u00e9st a di\u00e1kok sz\u00e1m\u00e1ra. Az udvaron kialak\u00edtott j\u00e1tsz\u00f3t\u00e9r a napk\u00f6zis csoportok szabadid\u0151s foglalkoz\u00e1sainak j\u00f3 helysz\u00edne.<\/p>\n<p>Az iskol\u00e1nk az erd\u00e9lyi Cs\u00edkszentsimon telep\u00fcl\u00e9s iskol\u00e1j\u00e1val 20 \u00e9v \u00f3ta \u00e1pol testv\u00e9rkapcsolatot. Ebben az \u00e9vben J\u00e1szszentl\u00e1szl\u00f3 \u00e9s a lengyel Gmina Markowa iskol\u00e1ival kezdt\u00fck meg az egy\u00fcttm\u0171k\u00f6d\u00e9st. A ny\u00e1ri sz\u00fcnetekben a gyermekek t\u00e1boroz\u00e1sokon vehetnek r\u00e9szt, \u00e9vek \u00f3ta sikeresen p\u00e1ly\u00e1zunk az Erzs\u00e9bet programra is. A tan\u00e9v sor\u00e1n oszt\u00e1lykir\u00e1ndul\u00e1sok, sz\u00ednh\u00e1zl\u00e1togat\u00e1sok, erdei iskolai programok sz\u00ednes\u00edtik a di\u00e1k\u00e9letet. Az innovat\u00edv iskolai p\u00e1ly\u00e1zat megval\u00f3s\u00edt\u00e1sa \u00f3ta \u00fajszer\u0171 foglalkoz\u00e1sok \u00e9p\u00fcltek be mindennapjainkba: k\u00f6zleked\u00e9si, p\u00e9nz\u00fcgyi, els\u0151seg\u00e9ly-ny\u00fajt\u00e1si t\u00e9mak\u00f6r\u00f6kben. P\u00e9nz\u00fcgyi tudatoss\u00e1gi \u00e9s fenntarthat\u00f3s\u00e1gi t\u00e9maheteket tartunk tan\u00e9venk\u00e9nt.<\/p>\n<p>Az akt\u00edvan m\u0171k\u00f6d\u0151 Di\u00e1k\u00f6nkorm\u00e1nyzat sz\u00e1mos bulit, programot szervez, hogy a \u201eboz\u00f3kysok\u201d-nak sz\u00e9p \u00e9lm\u00e9nyeik legyenek az \u00e1ltal\u00e1nos iskol\u00e1s \u00e9vekr\u0151l, melyeket a \u201eSuli Dum\u00e1k\u201d di\u00e1k\u00fajs\u00e1gban is meg\u00f6r\u00f6k\u00edtenek. K\u00fcl\u00f6n\u00f6sen n\u00e9pszer\u0171 a di\u00e1knapi mazsolaavat\u00f3. Az iskola folyamatos kapcsolatot tart r\u00e9gi tan\u00e1raival, di\u00e1kjaival. Megh\u00edvjuk \u0151ket az iskolai \u00e9let esem\u00e9nyeire, t\u00f6bben seg\u00edtik az int\u00e9zm\u00e9nyt a legk\u00fcl\u00f6nf\u00e9l\u00e9bb form\u00e1ban. Az iskola alap\u00edtv\u00e1nya a tan\u00e9v v\u00e9g\u00e9n kit\u00fcntet\u0151 d\u00edjat adom\u00e1nyoz a legkiemelked\u0151bb v\u00e9gz\u0151s tanul\u00f3nak, a kisebb di\u00e1kok pedig mag\u00e1nszem\u00e9ly \u00e1ltal alap\u00edtott d\u00edjban r\u00e9szes\u00fclhetnek.<\/p>\n<p>Int\u00e9zm\u00e9ny\u00fcnk szervesen illeszkedik a falu \u00e9let\u00e9be, akt\u00edvan vesz\u00fcnk r\u00e9szt a k\u00f6zs\u00e9gi rendezv\u00e9nyek szervez\u00e9s\u00e9ben, lebonyol\u00edt\u00e1s\u00e1ban. Kiemelked\u0151 a tavaszi hadj\u00e1rat meg\u00fcnnepl\u00e9se, melyen iskol\u00e1nk volt \u00e9s jelenlegi di\u00e1kjai hagyom\u00e1ny\u0151rz\u0151 honv\u00e9dk\u00e9nt vesznek r\u00e9szt.<\/p>\n<p>J\u00f3 kapcsolatot \u00e1polunk a k\u00f6zs\u00e9gben m\u0171k\u00f6d\u0151 int\u00e9zm\u00e9nyekkel, civil szervezetekkel, vel\u00fck t\u00f6bb k\u00f6z\u00f6s programot szervez\u00fcnk. A sz\u00fcl\u0151kkel a sokoldal\u00fa kapcsolattart\u00e1s t\u00f6bb \u00e9ve kialakult hagyom\u00e1nyai \u00e9lnek int\u00e9zm\u00e9ny\u00fcnkben. A Sz\u00fcl\u0151i Szervezettel az egy\u00fcttm\u0171k\u00f6d\u00e9s j\u00f3, a sz\u00fcl\u0151k sz\u00e1mtalan t\u00e1rsadalmi munk\u00e1t v\u00e9geznek az iskola sz\u00e9p\u00edt\u00e9s\u00e9ben, karbantart\u00e1sban.<\/p>\n<p>\u00c9vek \u00f3ta visszat\u00e9r\u0151 mott\u00f3nk:<\/p>\n<p><strong>\u201eAki nem pr\u00f3b\u00e1lja meg a lehetetlent, az a lehets\u00e9gest sem fogja el\u00e9rni soha.\u201d<\/strong><\/p>\n<p><em>-Goethe-<\/em><\/p>\n<p>Ebben az \u00e9vben a k\u00f6vetkez\u0151 gondolatot v\u00e1lasztottuk vez\u00e9rfonalul munk\u00e1nkhoz:<\/p>\n<p><strong>\u201eP\u00e9lda n\u00e9lk\u00fcl semmit sem lehet helyesen tan\u00edtani vagy tanulni.\u201d<\/strong><\/p>\n<p><em>&#8211;<\/em><a href=\"https:\/\/www.citatum.hu\/szerzo\/Columella\"><em>Columella<\/em><\/a><em>&#8211;<\/em><\/p>\n<p style=\"text-align: right;\"><em>Vajda Anna<\/em><\/p>\n<p style=\"text-align: left;\">Iskol\u00e1nk n\u00e9vad\u00f3j\u00e1r\u00f3l \u00e9s t\u00f6rt\u00e9net\u00e9r\u0151l itt olvashat b\u0151vebben:\u00a0<a href=\"http:\/\/jaszoktatas.hu\/jaszdozsa\/wp-content\/uploads\/2015\/05\/N\u00e9vad\u00f3nk.doc\">Boz\u00f3ky J\u00e1nos \u00e9lete<\/a>\u00a0 <a href=\"http:\/\/jaszoktatas.hu\/jaszdozsa\/wp-content\/uploads\/2015\/05\/Iskol\u00e1nk-t\u00f6rt\u00e9nete.doc\">Iskol\u00e1nk t\u00f6rt\u00e9nete<\/a><\/p>\n<p style=\"text-align: right;\">\n","protected":false},"excerpt":{"rendered":"<p>J\u00e1szs\u00e1gi \u00c1ltal\u00e1nos Iskola Boz\u00f3ky J\u00e1nos \u00c1ltal\u00e1nos Iskolai Tagint\u00e9zm\u00e9nye J\u00e1szd\u00f3zs\u00e1n az iskolai oktat\u00e1s els\u0151 \u00edr\u00e1sos eml\u00e9kei \u2014 Zrupk\u00f3 \u00c1goston lelk\u00e9sznek k\u00f6sz\u00f6nhet\u0151en \u2014 az 1700-as \u00e9vekt\u0151l maradtak&#8230;<\/p>\n","protected":false},"author":1,"featured_media":0,"parent":0,"menu_order":1,"comment_status":"closed","ping_status":"closed","template":"","meta":[],"_links":{"self":[{"href":"http:\/\/jaszoktatas.hu\/jaszdozsa\/wp-json\/wp\/v2\/pages\/6"}],"collection":[{"href":"http:\/\/jaszoktatas.hu\/jaszdozsa\/wp-json\/wp\/v2\/pages"}],"about":[{"href":"http:\/\/jaszoktatas.hu\/jaszdozsa\/wp-json\/wp\/v2\/types\/page"}],"author":[{"embeddable":true,"href":"http:\/\/jaszoktatas.hu\/jaszdozsa\/wp-json\/wp\/v2\/users\/1"}],"replies":[{"embeddable":true,"href":"http:\/\/jaszoktatas.hu\/jaszdozsa\/wp-json\/wp\/v2\/comments?post=6"}],"version-history":[{"count":14,"href":"http:\/\/jaszoktatas.hu\/jaszdozsa\/wp-json\/wp\/v2\/pages\/6\/revisions"}],"predecessor-version":[{"id":1339,"href":"http:\/\/jaszoktatas.hu\/jaszdozsa\/wp-json\/wp\/v2\/pages\/6\/revisions\/1339"}],"wp:attachment":[{"href":"http:\/\/jaszoktatas.hu\/jaszdozsa\/wp-json\/wp\/v2\/media?parent=6"}],"curies":[{"name":"wp","href":"https:\/\/api.w.org\/{rel}","templated":true}]}}