{"id":12,"date":"2015-05-21T10:56:52","date_gmt":"2015-05-21T10:56:52","guid":{"rendered":"http:\/\/jaszoktatas.hu\/jaszdozsa\/?page_id=12"},"modified":"2020-03-05T11:58:50","modified_gmt":"2020-03-05T11:58:50","slug":"elerhetosegeink","status":"publish","type":"page","link":"http:\/\/jaszoktatas.hu\/jaszdozsa\/elerhetosegeink\/","title":{"rendered":"El\u00e9rhet\u0151s\u00e9geink"},"content":{"rendered":"<p><a href=\"http:\/\/jaszoktatas.hu\/jaszdozsa\/wp-content\/uploads\/2015\/10\/K\u00e9piskola-300x2251.jpg\"><img decoding=\"async\" loading=\"lazy\" class=\"size-medium wp-image-130 aligncenter\" src=\"http:\/\/jaszoktatas.hu\/jaszdozsa\/wp-content\/uploads\/2015\/10\/K\u00e9piskola-300x2251-300x225.jpg\" alt=\"Digimax A50 \/ KENOX Q2\" width=\"300\" height=\"225\" \/><\/a><\/p>\n<h3 style=\"text-align: center;\">J\u00e1szs\u00e1gi \u00c1ltal\u00e1nos Iskola Boz\u00f3ky J\u00e1nos \u00c1ltal\u00e1nos Iskolai Tagint\u00e9zm\u00e9nye<\/h3>\n<p style=\"text-align: center;\">OM azonos\u00edt\u00f3: 201345<\/p>\n<p style=\"text-align: center;\">5122 J\u00e1szd\u00f3zsa, Sz\u00e9chenyi u. 9.<br \/>\nTagint\u00e9zm\u00e9ny-vezet\u0151:<br \/>\nNagyn\u00e9 Kelemen Erika<br \/>\nTel.: 57\/436-005<br \/>\nE-mail c\u00edme: dozsaisk.jki @ gmail.com<\/p>\n<p style=\"text-align: center;\"><iframe loading=\"lazy\" style=\"border: 0;\" src=\"https:\/\/www.google.com\/maps\/embed?pb=!1m18!1m12!1m3!1d2692.128819161852!2d20.016206315629077!3d47.565281979181925!2m3!1f0!2f0!3f0!3m2!1i1024!2i768!4f13.1!3m3!1m2!1s0x4741018f27fc80ed%3A0x7d5014e6c9a27dca!2zSsOhc3pzw6FnaSDDgWx0YWzDoW5vcyBJc2tvbGEgQm96w7NreSBKw6Fub3Mgw4FsdGFsw6Fub3MgSXNrb2xhaSBUYWdpbnTDqXptw6lueWU!5e0!3m2!1shu!2shu!4v1511426953132\" width=\"600\" height=\"450\" frameborder=\"0\" allowfullscreen=\"allowfullscreen\"><\/iframe><\/p>\n<p><strong>Iskol\u00e1nk nyitvatart\u00e1si ideje:<\/strong> 8:00-16:00 \u00f3r\u00e1ig.<\/p>\n<p><strong>Fenntart\u00f3 \u00e1ltal enged\u00e9lyezett csoportok sz\u00e1ma:<\/strong> 8 oszt\u00e1ly \u00e9s 3 napk\u00f6zis csoport.<\/p>\n","protected":false},"excerpt":{"rendered":"<p>J\u00e1szs\u00e1gi \u00c1ltal\u00e1nos Iskola Boz\u00f3ky J\u00e1nos \u00c1ltal\u00e1nos Iskolai Tagint\u00e9zm\u00e9nye OM azonos\u00edt\u00f3: 201345 5122 J\u00e1szd\u00f3zsa, Sz\u00e9chenyi u. 9. Tagint\u00e9zm\u00e9ny-vezet\u0151: Nagyn\u00e9 Kelemen Erika Tel.: 57\/436-005 E-mail c\u00edme: dozsaisk.jki&#8230;<\/p>\n","protected":false},"author":1,"featured_media":0,"parent":0,"menu_order":4,"comment_status":"closed","ping_status":"closed","template":"","meta":[],"_links":{"self":[{"href":"http:\/\/jaszoktatas.hu\/jaszdozsa\/wp-json\/wp\/v2\/pages\/12"}],"collection":[{"href":"http:\/\/jaszoktatas.hu\/jaszdozsa\/wp-json\/wp\/v2\/pages"}],"about":[{"href":"http:\/\/jaszoktatas.hu\/jaszdozsa\/wp-json\/wp\/v2\/types\/page"}],"author":[{"embeddable":true,"href":"http:\/\/jaszoktatas.hu\/jaszdozsa\/wp-json\/wp\/v2\/users\/1"}],"replies":[{"embeddable":true,"href":"http:\/\/jaszoktatas.hu\/jaszdozsa\/wp-json\/wp\/v2\/comments?post=12"}],"version-history":[{"count":10,"href":"http:\/\/jaszoktatas.hu\/jaszdozsa\/wp-json\/wp\/v2\/pages\/12\/revisions"}],"predecessor-version":[{"id":5367,"href":"http:\/\/jaszoktatas.hu\/jaszdozsa\/wp-json\/wp\/v2\/pages\/12\/revisions\/5367"}],"wp:attachment":[{"href":"http:\/\/jaszoktatas.hu\/jaszdozsa\/wp-json\/wp\/v2\/media?parent=12"}],"curies":[{"name":"wp","href":"https:\/\/api.w.org\/{rel}","templated":true}]}}