{"id":957,"date":"2020-12-18T19:20:28","date_gmt":"2020-12-18T19:20:28","guid":{"rendered":"http:\/\/jaszoktatas.hu\/jaszago\/?page_id=957"},"modified":"2020-12-18T19:20:28","modified_gmt":"2020-12-18T19:20:28","slug":"kulonos-kozzeteteli-listak","status":"publish","type":"page","link":"http:\/\/jaszoktatas.hu\/jaszago\/kulonos-kozzeteteli-listak\/","title":{"rendered":"K\u00fcl\u00f6n\u00f6s k\u00f6zz\u00e9t\u00e9teli list\u00e1k"},"content":{"rendered":"","protected":false},"excerpt":{"rendered":"","protected":false},"author":1,"featured_media":0,"parent":0,"menu_order":0,"comment_status":"closed","ping_status":"closed","template":"","meta":[],"_links":{"self":[{"href":"http:\/\/jaszoktatas.hu\/jaszago\/wp-json\/wp\/v2\/pages\/957"}],"collection":[{"href":"http:\/\/jaszoktatas.hu\/jaszago\/wp-json\/wp\/v2\/pages"}],"about":[{"href":"http:\/\/jaszoktatas.hu\/jaszago\/wp-json\/wp\/v2\/types\/page"}],"author":[{"embeddable":true,"href":"http:\/\/jaszoktatas.hu\/jaszago\/wp-json\/wp\/v2\/users\/1"}],"replies":[{"embeddable":true,"href":"http:\/\/jaszoktatas.hu\/jaszago\/wp-json\/wp\/v2\/comments?post=957"}],"version-history":[{"count":0,"href":"http:\/\/jaszoktatas.hu\/jaszago\/wp-json\/wp\/v2\/pages\/957\/revisions"}],"wp:attachment":[{"href":"http:\/\/jaszoktatas.hu\/jaszago\/wp-json\/wp\/v2\/media?parent=957"}],"curies":[{"name":"wp","href":"https:\/\/api.w.org\/{rel}","templated":true}]}}