{"id":8,"date":"2015-05-08T05:48:51","date_gmt":"2015-05-08T05:48:51","guid":{"rendered":"http:\/\/jaszoktatas.hu\/jaszago\/?page_id=8"},"modified":"2025-02-20T08:55:55","modified_gmt":"2025-02-20T08:55:55","slug":"iskolankrol","status":"publish","type":"page","link":"http:\/\/jaszoktatas.hu\/jaszago\/iskolankrol\/","title":{"rendered":"Iskol\u00e1nkr\u00f3l"},"content":{"rendered":"<blockquote><p><em>&#8222;Egyszer mindent el\u00e9r az ember,<\/em><br \/>\n<em> Azt is, mi most m\u00e9g messze c\u00e9l.<\/em><br \/>\n<em> Csak k\u00fczdj \u00e9s \u00e1ldozz, ne cs\u00fcggedj el,<\/em><br \/>\n<em> S gy\u0151zelmed lesz a h\u0151si bab\u00e9r.&#8221;<\/em><\/p><\/blockquote>\n<p style=\"text-align: left; padding-left: 210px;\">Bertolt Brecht<\/p>\n<h1 style=\"text-align: center;\"><strong>J\u00e1szs\u00e1gi \u00c1ltal\u00e1nos Iskola J\u00e1sz\u00e1g\u00f3i \u00c1ltal\u00e1nos Iskolai Telephelye, J\u00e1sz\u00e1g\u00f3<\/strong><\/h1>\n<p style=\"text-align: left;\">J\u00e1sz\u00e1g\u00f3 a J\u00e1szs\u00e1g egyik leg\u00e9szakibb, a hevesi megyehat\u00e1ron fekv\u0151 kis telep\u00fcl\u00e9se. Az\u00a0 orsz\u00e1gban egyed\u00fcl\u00e1ll\u00f3, a k\u00e1poln\u00e1val egybe\u00e9p\u00edtett iskol\u00e1nk jelent\u0151s szerepet t\u00f6lt be a k\u00f6zs\u00e9g \u00e9let\u00e9ben . \u00c9p\u00edt\u00e9s\u00e9t 1924. m\u00e1rc. 9-\u00e9n kezdt\u00e9k meg, \u00c1llami Elemi N\u00e9piskola n\u00e9ven m\u0171k\u00f6d\u00f6tt. L\u00e9trej\u00f6vetel\u00e9ben fontos szerepe volt t\u00f6bbek k\u00f6z\u00f6tt dr. Czettler Jen\u0151 orsz\u00e1ggy\u0171l\u00e9si k\u00e9pvisel\u0151nek, k\u00e9s\u0151bb pedig Klebersberg K\u00fan\u00f3nak, aki szint\u00e9n szorgalmazta az iskola meg\u00e9p\u00edt\u00e9s\u00e9t. Kapuit okt\u00f3ber 21-\u00ad\u00e9n nyitotta meg 116 tank\u00f6teles gyermeknek. Az \u00e9p\u00fclethez tartozik egy tan\u00edt\u00f3i lak\u00e1s \u00e9s egy k\u00e1polna is. Az iskola fels\u0151 tagozata a 70-es \u00e9vek v\u00e9g\u00e9t\u0151l a j\u00e1sz\u00e1roksz\u00e1ll\u00e1si Sz\u00e9chenyi Istv\u00e1n \u00c1ltal\u00e1nos Iskol\u00e1ba ker\u00fclt, majd 1990-ben az \u00e1g\u00f3i iskola ism\u00e9t \u00f6n\u00e1ll\u00f3v\u00e1 v\u00e1lt. Az iskola gyermekei teljes eg\u00e9sz\u00e9ben helybeliek. Az iskol\u00e1ban jelenleg 20 tanul\u00f3, 4 \u00e9vfolyamon, 1 \u00f6sszevont oszt\u00e1lyban, 1-2. \u00e9s 3-4. \u00e9vfolyamos csoportbont\u00e1sban tanul. A d\u00e9lut\u00e1ni tanul\u00e1st egy napk\u00f6zis csoport seg\u00edti. Az 5 &#8211; 8. \u00e9vfolyam tanul\u00f3i a j\u00e1szber\u00e9nyi J\u00e1szs\u00e1gi Gr\u00f3f Apponyi Albert \u00c1ltal\u00e1nos Iskola \u00e9s Alapfok\u00fa M\u0171v\u00e9szeti Iskol\u00e1ba j\u00e1rnak. Sok a neh\u00e9z k\u00f6r\u00fclm\u00e9nyek k\u00f6z\u00f6tt \u00e9l\u0151 csal\u00e1d, ez\u00e9rt nevel\u0151 \u00e9s oktat\u00f3 munk\u00e1nk ehhez igazodik: tan\u00f3r\u00e1n \u00e9s tan\u00f3r\u00e1n k\u00edv\u00fcl megpr\u00f3b\u00e1ljuk seg\u00edteni a neh\u00e9z k\u00f6r\u00fclm\u00e9nyek k\u00f6z\u00f6tt \u00e9l\u0151, h\u00e1tr\u00e1nnyal indul\u00f3 tanul\u00f3k felz\u00e1rk\u00f3ztat\u00e1s\u00e1t, ugyanakkor kiemelt fontoss\u00e1g\u00fa feladatnak tekintj\u00fck a tehets\u00e9ges, j\u00f3 k\u00e9pess\u00e9g\u0171 gyermekek fejleszt\u00e9s\u00e9t is. A tan\u00f3r\u00e1n k\u00edv\u00fcli ismeretszerz\u0151 \u00e9s szabadid\u0151s tev\u00e9kenys\u00e9gre a napk\u00f6zi, eseti korrepet\u00e1l\u00e1sok, \u00e9nekkar, term\u00e9szetismeret szakk\u00f6r \u00e9s zenei foglalkoz\u00e1sok ny\u00fajtanak lehet\u0151s\u00e9get. Int\u00e9zm\u00e9ny\u00fcnkre a demokratikus, hum\u00e1nus, gyermekk\u00f6zpont\u00fa l\u00e9gk\u00f6r jellemz\u0151, amely a gyermekek, a nevel\u0151k, a sz\u00fcl\u0151k egy\u00fcttm\u0171k\u00f6d\u00e9s\u00e9re \u00e9p\u00fcl. J\u00e1sz\u00e1g\u00f3 kis telep\u00fcl\u00e9s, egyre fogyatkoz\u00f3 gyermekl\u00e9tsz\u00e1mmal. A szakos ell\u00e1totts\u00e1g nem 100 %-os, az \u00e9p\u00fcletek \u00e1llag\u00e1n, a felszerelts\u00e9gen is van jav\u00edtanival\u00f3, m\u00e9gis tud valami pluszt ny\u00fajtani, amit a v\u00e1rosi int\u00e9zm\u00e9nyek nem: nyugodt, otthonos, csal\u00e1dias l\u00e9gk\u00f6rt. Az int\u00e9zm\u00e9ny dolgoz\u00f3i mind azon munk\u00e1lkodnak, hogy a feln\u00f6vekv\u0151 nemzed\u00e9k szem\u00e9lyis\u00e9g\u00e9t, magatart\u00e1s\u00e1t, \u00e9rtelmi-\u00e9rzelmi tulajdons\u00e1gait form\u00e1lj\u00e1k, alak\u00edts\u00e1k. Rem\u00e9lj\u00fck, hogy e k\u00f6zs\u00e9g gyermekei a j\u00f3 alapoknak k\u00f6sz\u00f6nhet\u0151en majdan kiegyens\u00falyozott, \u00e9rt\u00e9kes ismeretekkel, embers\u00e9ggel felv\u00e9rtezett feln\u0151ttekk\u00e9 v\u00e1lnak<strong>. <\/strong><\/p>\n","protected":false},"excerpt":{"rendered":"<p>&#8222;Egyszer mindent el\u00e9r az ember, Azt is, mi most m\u00e9g messze c\u00e9l. Csak k\u00fczdj \u00e9s \u00e1ldozz, ne cs\u00fcggedj el, S gy\u0151zelmed lesz a h\u0151si bab\u00e9r.&#8221;&#8230;<\/p>\n","protected":false},"author":2,"featured_media":0,"parent":0,"menu_order":1,"comment_status":"closed","ping_status":"closed","template":"","meta":[],"_links":{"self":[{"href":"http:\/\/jaszoktatas.hu\/jaszago\/wp-json\/wp\/v2\/pages\/8"}],"collection":[{"href":"http:\/\/jaszoktatas.hu\/jaszago\/wp-json\/wp\/v2\/pages"}],"about":[{"href":"http:\/\/jaszoktatas.hu\/jaszago\/wp-json\/wp\/v2\/types\/page"}],"author":[{"embeddable":true,"href":"http:\/\/jaszoktatas.hu\/jaszago\/wp-json\/wp\/v2\/users\/2"}],"replies":[{"embeddable":true,"href":"http:\/\/jaszoktatas.hu\/jaszago\/wp-json\/wp\/v2\/comments?post=8"}],"version-history":[{"count":11,"href":"http:\/\/jaszoktatas.hu\/jaszago\/wp-json\/wp\/v2\/pages\/8\/revisions"}],"predecessor-version":[{"id":1083,"href":"http:\/\/jaszoktatas.hu\/jaszago\/wp-json\/wp\/v2\/pages\/8\/revisions\/1083"}],"wp:attachment":[{"href":"http:\/\/jaszoktatas.hu\/jaszago\/wp-json\/wp\/v2\/media?parent=8"}],"curies":[{"name":"wp","href":"https:\/\/api.w.org\/{rel}","templated":true}]}}