{"id":14,"date":"2015-05-08T05:55:21","date_gmt":"2015-05-08T05:55:21","guid":{"rendered":"http:\/\/jaszoktatas.hu\/jaszago\/?page_id=14"},"modified":"2025-02-20T08:38:11","modified_gmt":"2025-02-20T08:38:11","slug":"elerhetosegeink","status":"publish","type":"page","link":"http:\/\/jaszoktatas.hu\/jaszago\/elerhetosegeink\/","title":{"rendered":"El\u00e9rhet\u0151s\u00e9geink"},"content":{"rendered":"<h3 style=\"text-align: center;\">J\u00e1szs\u00e1gi \u00c1ltal\u00e1nos Iskola J\u00e1sz\u00e1g\u00f3i \u00c1ltal\u00e1nos Iskolai Telephelye<\/h3>\n<p style=\"text-align: center;\"><strong>5124 J\u00e1sz\u00e1g\u00f3, J\u00f3kai M\u00f3r \u00fat 14.<\/strong><\/p>\n<p style=\"text-align: center;\"><strong>\u00a0Pesti P\u00e9ter f\u0151igazgat\u00f3<\/strong><\/p>\n<p style=\"text-align: center;\"><strong>+36 57 658-261<\/strong><\/p>\n<p style=\"text-align: center;\"><strong>+3657426048<\/strong><\/p>\n<p style=\"text-align: center;\"><strong>iskola@jaszoktatas.hu<\/strong><\/p>\n<p>\u00a0<\/p>\n\n\n<p><\/p>\n","protected":false},"excerpt":{"rendered":"<p>J\u00e1szs\u00e1gi \u00c1ltal\u00e1nos Iskola J\u00e1sz\u00e1g\u00f3i \u00c1ltal\u00e1nos Iskolai Telephelye 5124 J\u00e1sz\u00e1g\u00f3, J\u00f3kai M\u00f3r \u00fat 14. \u00a0Pesti P\u00e9ter f\u0151igazgat\u00f3 +36 57 658-261 +3657426048 iskola@jaszoktatas.hu \u00a0<\/p>\n","protected":false},"author":2,"featured_media":0,"parent":0,"menu_order":4,"comment_status":"closed","ping_status":"closed","template":"","meta":[],"_links":{"self":[{"href":"http:\/\/jaszoktatas.hu\/jaszago\/wp-json\/wp\/v2\/pages\/14"}],"collection":[{"href":"http:\/\/jaszoktatas.hu\/jaszago\/wp-json\/wp\/v2\/pages"}],"about":[{"href":"http:\/\/jaszoktatas.hu\/jaszago\/wp-json\/wp\/v2\/types\/page"}],"author":[{"embeddable":true,"href":"http:\/\/jaszoktatas.hu\/jaszago\/wp-json\/wp\/v2\/users\/2"}],"replies":[{"embeddable":true,"href":"http:\/\/jaszoktatas.hu\/jaszago\/wp-json\/wp\/v2\/comments?post=14"}],"version-history":[{"count":15,"href":"http:\/\/jaszoktatas.hu\/jaszago\/wp-json\/wp\/v2\/pages\/14\/revisions"}],"predecessor-version":[{"id":1080,"href":"http:\/\/jaszoktatas.hu\/jaszago\/wp-json\/wp\/v2\/pages\/14\/revisions\/1080"}],"wp:attachment":[{"href":"http:\/\/jaszoktatas.hu\/jaszago\/wp-json\/wp\/v2\/media?parent=14"}],"curies":[{"name":"wp","href":"https:\/\/api.w.org\/{rel}","templated":true}]}}