{"id":135,"date":"2015-09-21T13:07:46","date_gmt":"2015-09-21T13:07:46","guid":{"rendered":"http:\/\/jaszoktatas.hu\/jaszago\/?page_id=135"},"modified":"2025-10-14T09:01:13","modified_gmt":"2025-10-14T09:01:13","slug":"dokumentumok-2","status":"publish","type":"page","link":"http:\/\/jaszoktatas.hu\/jaszago\/dokumentumok-2\/","title":{"rendered":"Dokumentumok"},"content":{"rendered":"<p>A H\u00e1zirend megtekinthet\u0151 erre \u00a0a linkre kattintva: <a href=\"http:\/\/jaszoktatas.hu\/jaszago\/wp-content\/uploads\/2024\/02\/Jaszago_hazirend.pdf\" target=\"_blank\" rel=\"noopener\">H\u00c1ZIREND<\/a><\/p>\n<p>Pedag\u00f3giai program megtekinthet\u0151 erre \u00a0a linkre kattintva: <a href=\"https:\/\/jaszoktatas.hu\/jaszago\/wp-content\/upgrade\/dok\/PP_Apponyi_2024_jovahagyva.pdf\" target=\"_blank\" rel=\"noopener\">Pedag\u00f3giai Program<\/a><!--more--><\/p>\n<p>Szervezeti \u00e9s M\u0171k\u00f6d\u00e9si Szab\u00e1lyzat: <a href=\"https:\/\/jaszoktatas.hu\/jaszago\/wp-content\/upgrade\/dok\/Intezmenyi_SZMSZ_2024_jovahagyva.pdf\" target=\"_blank\" rel=\"noopener\">INT\u00c9ZM\u00c9NYI SZMSZ<\/a><!--more--><\/p>\n<p>J\u00e1szs\u00e1gi \u00c1ltal\u00e1nos Iskola szakmai alapdokumentuma: <a href=\"https:\/\/jaszoktatas.hu\/jaszago\/wp-content\/upgrade\/dok\/Szakmai%20alapdokumentum_J%C3%81I-2024.pdf\" target=\"_blank\" rel=\"noopener\" data-wplink-edit=\"true\">J\u00c1I alapdokumentum<\/a><\/p>\n\n\n<p>J\u00e1szs\u00e1gi \u00c1ltal\u00e1nos Iskola adatkezel\u00e9si szab\u00e1lyzata: <a href=\"http:\/\/jaszoktatas.hu\/jaszago\/wp-content\/uploads\/2024\/02\/JAI_adatkezelesi-szabalyzat_2023.pdf\" target=\"_blank\" rel=\"noreferrer noopener\">Adatkezel\u00e9si szab\u00e1lyzat<\/a><\/p>\n","protected":false},"excerpt":{"rendered":"<p>A H\u00e1zirend megtekinthet\u0151 erre \u00a0a linkre kattintva: H\u00c1ZIREND Pedag\u00f3giai program megtekinthet\u0151 erre \u00a0a linkre kattintva: Pedag\u00f3giai Program<\/p>\n","protected":false},"author":1,"featured_media":0,"parent":0,"menu_order":0,"comment_status":"closed","ping_status":"closed","template":"","meta":[],"_links":{"self":[{"href":"http:\/\/jaszoktatas.hu\/jaszago\/wp-json\/wp\/v2\/pages\/135"}],"collection":[{"href":"http:\/\/jaszoktatas.hu\/jaszago\/wp-json\/wp\/v2\/pages"}],"about":[{"href":"http:\/\/jaszoktatas.hu\/jaszago\/wp-json\/wp\/v2\/types\/page"}],"author":[{"embeddable":true,"href":"http:\/\/jaszoktatas.hu\/jaszago\/wp-json\/wp\/v2\/users\/1"}],"replies":[{"embeddable":true,"href":"http:\/\/jaszoktatas.hu\/jaszago\/wp-json\/wp\/v2\/comments?post=135"}],"version-history":[{"count":22,"href":"http:\/\/jaszoktatas.hu\/jaszago\/wp-json\/wp\/v2\/pages\/135\/revisions"}],"predecessor-version":[{"id":1092,"href":"http:\/\/jaszoktatas.hu\/jaszago\/wp-json\/wp\/v2\/pages\/135\/revisions\/1092"}],"wp:attachment":[{"href":"http:\/\/jaszoktatas.hu\/jaszago\/wp-json\/wp\/v2\/media?parent=135"}],"curies":[{"name":"wp","href":"https:\/\/api.w.org\/{rel}","templated":true}]}}