{"id":10,"date":"2015-05-08T05:50:10","date_gmt":"2015-05-08T05:50:10","guid":{"rendered":"http:\/\/jaszoktatas.hu\/jaszago\/?page_id=10"},"modified":"2024-02-23T09:30:01","modified_gmt":"2024-02-23T09:30:01","slug":"tantestulet","status":"publish","type":"page","link":"http:\/\/jaszoktatas.hu\/jaszago\/tantestulet\/","title":{"rendered":"Tantest\u00fclet"},"content":{"rendered":"<ul>\n<li style=\"text-align: left;\"><strong>Pesti P\u00e9ter <\/strong>-f\u0151igazgat\u00f3-<strong><br \/>\n<\/strong><\/li>\n<\/ul>\n<ul>\n<li style=\"text-align: left;\"><strong>Schrikn\u00e9 M\u00fcller Zsuzsanna <\/strong>-pedag\u00f3gus-<strong><br \/>\n<\/strong><\/li>\n<li style=\"text-align: left;\"><strong>S\u0151r\u00e9sn\u00e9 Fellner Csilla <\/strong>-pedag\u00f3gus-<strong><br \/>\n<\/strong><\/li>\n<li><strong>Kiss-Moln\u00e1r Anett <\/strong>-pedag\u00f3giai asszisztens-<\/li>\n<\/ul>\n","protected":false},"excerpt":{"rendered":"<p>Pesti P\u00e9ter -f\u0151igazgat\u00f3- Schrikn\u00e9 M\u00fcller Zsuzsanna -pedag\u00f3gus- S\u0151r\u00e9sn\u00e9 Fellner Csilla -pedag\u00f3gus- Kiss-Moln\u00e1r Anett -pedag\u00f3giai asszisztens-<\/p>\n","protected":false},"author":2,"featured_media":0,"parent":0,"menu_order":2,"comment_status":"closed","ping_status":"closed","template":"","meta":[],"_links":{"self":[{"href":"http:\/\/jaszoktatas.hu\/jaszago\/wp-json\/wp\/v2\/pages\/10"}],"collection":[{"href":"http:\/\/jaszoktatas.hu\/jaszago\/wp-json\/wp\/v2\/pages"}],"about":[{"href":"http:\/\/jaszoktatas.hu\/jaszago\/wp-json\/wp\/v2\/types\/page"}],"author":[{"embeddable":true,"href":"http:\/\/jaszoktatas.hu\/jaszago\/wp-json\/wp\/v2\/users\/2"}],"replies":[{"embeddable":true,"href":"http:\/\/jaszoktatas.hu\/jaszago\/wp-json\/wp\/v2\/comments?post=10"}],"version-history":[{"count":13,"href":"http:\/\/jaszoktatas.hu\/jaszago\/wp-json\/wp\/v2\/pages\/10\/revisions"}],"predecessor-version":[{"id":1038,"href":"http:\/\/jaszoktatas.hu\/jaszago\/wp-json\/wp\/v2\/pages\/10\/revisions\/1038"}],"wp:attachment":[{"href":"http:\/\/jaszoktatas.hu\/jaszago\/wp-json\/wp\/v2\/media?parent=10"}],"curies":[{"name":"wp","href":"https:\/\/api.w.org\/{rel}","templated":true}]}}